{"id":14480,"date":"2020-05-19T16:01:25","date_gmt":"2020-05-19T14:01:25","guid":{"rendered":"https:\/\/www.praim.com\/?page_id=14480"},"modified":"2023-03-20T15:06:34","modified_gmt":"2023-03-20T14:06:34","slug":"home-es","status":"publish","type":"page","link":"https:\/\/www.praim.com\/es\/","title":{"rendered":"Home-ES"},"content":{"rendered":"<p><div class=\"fusion-fullwidth fullwidth-box fusion-builder-row-1 fusion-flex-container has-pattern-background has-mask-background nonhundred-percent-fullwidth non-hundred-percent-height-scrolling\" style=\"--awb-border-radius-top-left:0px;--awb-border-radius-top-right:0px;--awb-border-radius-bottom-right:0px;--awb-border-radius-bottom-left:0px;--awb-margin-top:20px;--awb-margin-bottom:-25px;--awb-flex-wrap:wrap;\" ><div class=\"fusion-builder-row fusion-row fusion-flex-align-items-flex-start fusion-flex-content-wrap\" style=\"max-width:1248px;margin-left: calc(-4% \/ 2 );margin-right: calc(-4% \/ 2 );\"><div class=\"fusion-layout-column fusion_builder_column fusion-builder-column-0 fusion_builder_column_1_1 1_1 fusion-flex-column\" style=\"--awb-bg-size:cover;--awb-width-large:100%;--awb-margin-top-large:20px;--awb-spacing-right-large:1.92%;--awb-margin-bottom-large:20px;--awb-spacing-left-large:1.92%;--awb-width-medium:100%;--awb-spacing-right-medium:1.92%;--awb-spacing-left-medium:1.92%;--awb-width-small:100%;--awb-spacing-right-small:1.92%;--awb-spacing-left-small:1.92%;\"><div class=\"fusion-column-wrapper fusion-column-has-shadow fusion-flex-justify-content-center fusion-content-layout-column\"><div class=\"fusion-title title fusion-title-1 fusion-sep-none fusion-title-text fusion-title-size-one\" style=\"--awb-margin-top-small:0px;--awb-margin-right-small:0px;--awb-margin-bottom-small:20px;--awb-margin-left-small:0px;\"><h1 class=\"fusion-title-heading title-heading-left fusion-responsive-typography-calculated\" style=\"margin:0;--fontSize:46;line-height:var(--awb-typography1-line-height);\"><p style=\"text-align: center;\">Simplifica la creaci\u00f3n y gesti\u00f3n de endpoints<\/p><\/h1><\/div><div class=\"fusion-title title fusion-title-2 fusion-sep-none fusion-title-text fusion-title-size-three\" style=\"--awb-margin-top-small:0px;--awb-margin-right-small:0px;--awb-margin-bottom-small:20px;--awb-margin-left-small:0px;\"><h3 class=\"fusion-title-heading title-heading-left fusion-responsive-typography-calculated\" style=\"font-family:var(--awb-typography3-font-family);font-weight:var(--awb-typography3-font-weight);font-style:var(--awb-typography3-font-style);margin:0;--fontSize:24;line-height:1.5;\"><p style=\"text-align: center;\">Los dispositivos Thin Client y las soluciones de administraci\u00f3n de endpoints de Praim ofrecen apoyo a empresas de todos los tama\u00f1os mediante tecnolog\u00edas innovadoras y simples para el acceso a recursos remotos.<\/p><\/h3><\/div><\/div><\/div><\/div><\/div><div class=\"fusion-fullwidth fullwidth-box fusion-builder-row-2 fusion-flex-container hundred-percent-fullwidth non-hundred-percent-height-scrolling\" style=\"--awb-border-radius-top-left:0px;--awb-border-radius-top-right:0px;--awb-border-radius-bottom-right:0px;--awb-border-radius-bottom-left:0px;--awb-padding-top:0px;--awb-padding-right:5%;--awb-padding-bottom:0px;--awb-padding-left:5%;--awb-flex-wrap:wrap;\" ><div class=\"fusion-builder-row fusion-row fusion-flex-align-items-stretch fusion-flex-content-wrap\" style=\"width:104% !important;max-width:104% !important;margin-left: calc(-4% \/ 2 );margin-right: calc(-4% \/ 2 );\"><div class=\"fusion-layout-column fusion_builder_column fusion-builder-column-1 fusion_builder_column_1_1 1_1 fusion-flex-column fusion-flex-align-self-flex-start fusion-column-no-min-height\" style=\"--awb-padding-top:60px;--awb-padding-right:3%;--awb-padding-bottom:20px;--awb-padding-left:3%;--awb-bg-size:cover;--awb-width-large:100%;--awb-margin-top-large:0px;--awb-spacing-right-large:1.92%;--awb-margin-bottom-large:0px;--awb-spacing-left-large:1.92%;--awb-width-medium:100%;--awb-spacing-right-medium:1.92%;--awb-spacing-left-medium:1.92%;--awb-width-small:100%;--awb-spacing-right-small:1.92%;--awb-spacing-left-small:1.92%;\"><div class=\"fusion-column-wrapper fusion-column-has-shadow fusion-flex-justify-content-center fusion-content-layout-column\"><div class=\"fusion-content-boxes content-boxes columns row fusion-columns-3 fusion-columns-total-3 fusion-content-boxes-1 content-boxes-icon-on-top content-left\" style=\"--awb-backgroundcolor:#f8fafc;--awb-body-color:#000000;--awb-title-color:#41a1d0;--awb-hover-accent-color:#a0ce4e;--awb-circle-hover-accent-color:#a0ce4e;\" data-animationOffset=\"top-into-view\"><div style=\"--awb-backgroundcolor:#f8fafc;\" class=\"fusion-column content-box-column content-box-column content-box-column-1 col-lg-4 col-md-4 col-sm-4 fusion-content-box-hover content-box-column-first-in-row\"><div class=\"col content-box-wrapper content-wrapper-background link-area-link-icon link-type-text icon-hover-animation-fade\" data-animationOffset=\"top-into-view\"><div class=\"heading heading-with-icon icon-left\"><a class=\"heading-link\" href=\"https:\/\/www.praim.com\/es\/soluciones\/software\/management-solutions\/\" target=\"_self\"><div aria-hidden=\"true\" class=\"image\"><img decoding=\"async\" class=\"lazyload\" src=\"data:image\/svg+xml,%3Csvg%20xmlns%3D%27http%3A%2F%2Fwww.w3.org%2F2000%2Fsvg%27%20width%3D%27700%27%20height%3D%27700%27%20viewBox%3D%270%200%20700%20700%27%3E%3Crect%20width%3D%27700%27%20height%3D%27700%27%20fill-opacity%3D%220%22%2F%3E%3C%2Fsvg%3E\" data-orig-src=\"https:\/\/www.praim.com\/wp-content\/uploads\/2021\/03\/Icona-Management-Solutions-300x300.png\" width=\"300\" height=\"300\" alt=\"\" \/><\/div><h2 class=\"content-box-heading fusion-responsive-typography-calculated\" style=\"--h2_typography-font-size:36px;--fontSize:36;line-height:var(--awb-typography2-line-height);\">Automatizaci\u00f3n y gesti\u00f3n de estaciones de trabajo<\/h2><\/a><\/div><div class=\"fusion-clearfix\"><\/div><div class=\"content-container\">\n<p><strong>Organiza y administra<\/strong>\u00a0tus endpoints, tanto en la empresa como en las sucursales, con la consola de gesti\u00f3n\u00a0<strong>ThinMan<\/strong>\u00a0y las funcionalidades incluidas en los\u00a0<strong>Feature Packs<\/strong>.<\/p>\n<\/div><\/div><\/div><div style=\"--awb-backgroundcolor:#f8fafc;\" class=\"fusion-column content-box-column content-box-column content-box-column-2 col-lg-4 col-md-4 col-sm-4 fusion-content-box-hover \"><div class=\"col content-box-wrapper content-wrapper-background link-area-link-icon link-type-text icon-hover-animation-fade\" data-animationOffset=\"top-into-view\"><div class=\"heading heading-with-icon icon-left\"><a class=\"heading-link\" href=\"https:\/\/www.praim.com\/es\/soluciones\/software\/managed-software-endpoints\/\" target=\"_self\"><div aria-hidden=\"true\" class=\"image\"><img decoding=\"async\" class=\"lazyload\" src=\"data:image\/svg+xml,%3Csvg%20xmlns%3D%27http%3A%2F%2Fwww.w3.org%2F2000%2Fsvg%27%20width%3D%27700%27%20height%3D%27700%27%20viewBox%3D%270%200%20700%20700%27%3E%3Crect%20width%3D%27700%27%20height%3D%27700%27%20fill-opacity%3D%220%22%2F%3E%3C%2Fsvg%3E\" data-orig-src=\"https:\/\/www.praim.com\/wp-content\/uploads\/2021\/03\/Managed-Software-endpoints-300x300.png\" width=\"300\" height=\"300\" alt=\"\" \/><\/div><h2 class=\"content-box-heading fusion-responsive-typography-calculated\" style=\"--h2_typography-font-size:36px;--fontSize:36;line-height:var(--awb-typography2-line-height);\">Soluciones de software para los endpoints<\/h2><\/a><\/div><div class=\"fusion-clearfix\"><\/div><div class=\"content-container\">\n<p>Transforma los dispositivos de tu empresa en\u00a0<strong>endpoints administrados y seguros<\/strong>\u00a0y facilita el acceso a VDI con el software\u00a0<strong>ThinOX4PC<\/strong> y el agente <strong>Agile4PC<\/strong>.<\/p>\n<\/div><\/div><\/div><div style=\"--awb-backgroundcolor:#f8fafc;\" class=\"fusion-column content-box-column content-box-column content-box-column-3 col-lg-4 col-md-4 col-sm-4 fusion-content-box-hover content-box-column-last content-box-column-last-in-row\"><div class=\"col content-box-wrapper content-wrapper-background link-area-link-icon link-type-text icon-hover-animation-fade\" data-animationOffset=\"top-into-view\"><div class=\"heading heading-with-icon icon-left\"><a class=\"heading-link\" href=\"https:\/\/www.praim.com\/es\/soluciones\/thinclient\/\" target=\"_self\"><div aria-hidden=\"true\" class=\"image\"><img decoding=\"async\" class=\"lazyload\" src=\"data:image\/svg+xml,%3Csvg%20xmlns%3D%27http%3A%2F%2Fwww.w3.org%2F2000%2Fsvg%27%20width%3D%27700%27%20height%3D%27700%27%20viewBox%3D%270%200%20700%20700%27%3E%3Crect%20width%3D%27700%27%20height%3D%27700%27%20fill-opacity%3D%220%22%2F%3E%3C%2Fsvg%3E\" data-orig-src=\"https:\/\/www.praim.com\/wp-content\/uploads\/2021\/03\/thin-clients-300x300.png\" width=\"300\" height=\"300\" alt=\"\" \/><\/div><h2 class=\"content-box-heading fusion-responsive-typography-calculated\" style=\"--h2_typography-font-size:36px;--fontSize:36;line-height:var(--awb-typography2-line-height);\">Dispositivos<br \/>\nThin Client<\/h2><\/a><\/div><div class=\"fusion-clearfix\"><\/div><div class=\"content-container\">\n<p>Elije los\u00a0<strong>dispositivos Praim<\/strong>\u00a0que mejor se adapten a las necesidades de tu empresa, reduciendo el consumo energ\u00e9tico y ofreciendo mayor\u00a0<strong>rendimiento y seguridad<\/strong>.<\/p>\n<\/div><\/div><\/div><div class=\"fusion-clearfix\"><\/div><\/div><\/div><\/div><div class=\"fusion-layout-column fusion_builder_column fusion-builder-column-2 fusion_builder_column_1_1 1_1 fusion-flex-column\" style=\"--awb-bg-size:cover;--awb-width-large:100%;--awb-margin-top-large:0px;--awb-spacing-right-large:1.92%;--awb-margin-bottom-large:20px;--awb-spacing-left-large:1.92%;--awb-width-medium:100%;--awb-order-medium:0;--awb-spacing-right-medium:1.92%;--awb-spacing-left-medium:1.92%;--awb-width-small:100%;--awb-order-small:0;--awb-spacing-right-small:1.92%;--awb-spacing-left-small:1.92%;\"><div class=\"fusion-column-wrapper fusion-column-has-shadow fusion-flex-justify-content-flex-start fusion-content-layout-column\"><\/div><\/div><\/div><\/div><div class=\"fusion-fullwidth fullwidth-box fusion-builder-row-3 fusion-flex-container hundred-percent-fullwidth non-hundred-percent-height-scrolling\" style=\"--awb-border-radius-top-left:0px;--awb-border-radius-top-right:0px;--awb-border-radius-bottom-right:0px;--awb-border-radius-bottom-left:0px;--awb-padding-right:5%;--awb-padding-left:5%;--awb-flex-wrap:wrap;\" ><div class=\"fusion-builder-row fusion-row fusion-flex-align-items-flex-start fusion-flex-content-wrap\" style=\"width:104% !important;max-width:104% !important;margin-left: calc(-4% \/ 2 );margin-right: calc(-4% \/ 2 );\"><div class=\"fusion-layout-column fusion_builder_column fusion-builder-column-3 fusion_builder_column_1_1 1_1 fusion-flex-column\" style=\"--awb-bg-size:cover;--awb-width-large:100%;--awb-margin-top-large:0px;--awb-spacing-right-large:1.92%;--awb-margin-bottom-large:20px;--awb-spacing-left-large:1.92%;--awb-width-medium:100%;--awb-spacing-right-medium:1.92%;--awb-spacing-left-medium:1.92%;--awb-width-small:100%;--awb-spacing-right-small:1.92%;--awb-spacing-left-small:1.92%;\"><div class=\"fusion-column-wrapper fusion-flex-justify-content-flex-start fusion-content-layout-column\"><div class=\"fusion-title title fusion-title-3 fusion-sep-none fusion-title-text fusion-title-size-three title_news \" style=\"--awb-margin-top-small:0px;--awb-margin-right-small:0px;--awb-margin-bottom-small:20px;--awb-margin-left-small:0px;\"><h3 class=\"fusion-title-heading title-heading-left fusion-responsive-typography-calculated\" style=\"margin:0;--fontSize:24;line-height:1.5;\"><p style=\"letter-spacing: .0em; color: #333333; font-size: 30px;\">News<\/p><\/h3><\/div><div class=\"fusion-recent-posts fusion-recent-posts-1 avada-container layout-default layout-columns-3\"><section class=\"fusion-columns columns fusion-columns-3 columns-3\"><article class=\"post fusion-column column col col-lg-4 col-md-4 col-sm-4\"><div class=\"fusion-flexslider fusion-flexslider-loading flexslider flexslider-hover-type-none\"><ul class=\"slides\"><li><a href=\"https:\/\/www.praim.com\/es\/news\/nuevas-funcionalidades-de-agile-3-2-la-solucion-de-praim-para-optimizar-la-gestion-de-puestos-windows-en-entornos-de-escritorio-virtual\/\" aria-label=\"Nuevas funcionalidades de Agile 3.2: la soluci\u00f3n de Praim para optimizar la gesti\u00f3n de puestos Windows en entornos de escritorio virtual\" class=\"hover-type-none\"><img decoding=\"async\" width=\"700\" height=\"377\" src=\"data:image\/svg+xml,%3Csvg%20xmlns%3D%27http%3A%2F%2Fwww.w3.org%2F2000%2Fsvg%27%20width%3D%27844%27%20height%3D%27377%27%20viewBox%3D%270%200%20844%20377%27%3E%3Crect%20width%3D%27844%27%20height%3D%27377%27%20fill-opacity%3D%220%22%2F%3E%3C%2Fsvg%3E\" class=\"attachment-recent-posts size-recent-posts lazyload\" alt=\"AGILE 3.2-1\" data-orig-src=\"https:\/\/www.praim.com\/wp-content\/uploads\/2026\/02\/AGILE-3.2-1_news_sito_DEM-700x377.jpg\" \/><\/a><\/li><\/ul><\/div><div class=\"recent-posts-content\"><span class=\"vcard\" style=\"display: none;\"><span class=\"fn\"><a href=\"https:\/\/www.praim.com\/es\/news\/author\/stefano-bonmassar\/\" title=\"Entradas de Stefano Bonmassar\" rel=\"author\">Stefano Bonmassar<\/a><\/span><\/span><span class=\"updated\" style=\"display:none;\">2026-03-16T09:25:49+01:00<\/span><h4 class=\"entry-title\"><a href=\"https:\/\/www.praim.com\/es\/news\/nuevas-funcionalidades-de-agile-3-2-la-solucion-de-praim-para-optimizar-la-gestion-de-puestos-windows-en-entornos-de-escritorio-virtual\/\">Nuevas funcionalidades de Agile 3.2: la soluci\u00f3n de Praim para optimizar la gesti\u00f3n de puestos Windows en entornos de escritorio virtual<\/a><\/h4><p class=\"meta\">By <span class=\"vcard\"><span class=\"fn\"><a href=\"https:\/\/www.praim.com\/es\/news\/author\/stefano-bonmassar\/\" title=\"Entradas de Stefano Bonmassar\" rel=\"author\">Stefano Bonmassar<\/a><\/span><\/span><span class=\"fusion-inline-sep\">|<\/span><span class=\"updated\" style=\"display:none;\">2026-03-16T09:25:49+01:00<\/span><span>febrero 23, 2026<\/span><span class=\"fusion-inline-sep\">|<\/span><\/p><\/div><\/article><article class=\"post fusion-column column col col-lg-4 col-md-4 col-sm-4\"><div class=\"fusion-flexslider fusion-flexslider-loading flexslider flexslider-hover-type-none\"><ul class=\"slides\"><li><a href=\"https:\/\/www.praim.com\/es\/news\/praim-anuncia-el-lanzamiento-de-thinox-13-1-2-evolucion-y-seguridad-para-la-gestion-de-endpoints\/\" aria-label=\"Praim anuncia el lanzamiento de ThinOX 13.1.2: evoluci\u00f3n y seguridad para la gesti\u00f3n de endpoints.\" class=\"hover-type-none\"><img decoding=\"async\" width=\"700\" height=\"377\" src=\"data:image\/svg+xml,%3Csvg%20xmlns%3D%27http%3A%2F%2Fwww.w3.org%2F2000%2Fsvg%27%20width%3D%27844%27%20height%3D%27377%27%20viewBox%3D%270%200%20844%20377%27%3E%3Crect%20width%3D%27844%27%20height%3D%27377%27%20fill-opacity%3D%220%22%2F%3E%3C%2Fsvg%3E\" class=\"attachment-recent-posts size-recent-posts lazyload\" alt=\"ThinOx 13.11\" data-orig-src=\"https:\/\/www.praim.com\/wp-content\/uploads\/2026\/01\/THINOX-13.11-700x377.jpg\" \/><\/a><\/li><\/ul><\/div><div class=\"recent-posts-content\"><span class=\"vcard\" style=\"display: none;\"><span class=\"fn\"><a href=\"https:\/\/www.praim.com\/es\/news\/author\/stefano-bonmassar\/\" title=\"Entradas de Stefano Bonmassar\" rel=\"author\">Stefano Bonmassar<\/a><\/span><\/span><span class=\"updated\" style=\"display:none;\">2026-01-14T15:23:35+01:00<\/span><h4 class=\"entry-title\"><a href=\"https:\/\/www.praim.com\/es\/news\/praim-anuncia-el-lanzamiento-de-thinox-13-1-2-evolucion-y-seguridad-para-la-gestion-de-endpoints\/\">Praim anuncia el lanzamiento de ThinOX 13.1.2: evoluci\u00f3n y seguridad para la gesti\u00f3n de endpoints.<\/a><\/h4><p class=\"meta\">By <span class=\"vcard\"><span class=\"fn\"><a href=\"https:\/\/www.praim.com\/es\/news\/author\/stefano-bonmassar\/\" title=\"Entradas de Stefano Bonmassar\" rel=\"author\">Stefano Bonmassar<\/a><\/span><\/span><span class=\"fusion-inline-sep\">|<\/span><span class=\"updated\" style=\"display:none;\">2026-01-14T15:23:35+01:00<\/span><span>enero 14, 2026<\/span><span class=\"fusion-inline-sep\">|<\/span><\/p><\/div><\/article><article class=\"post fusion-column column col col-lg-4 col-md-4 col-sm-4\"><div class=\"fusion-flexslider fusion-flexslider-loading flexslider flexslider-hover-type-none\"><ul class=\"slides\"><li><a href=\"https:\/\/www.praim.com\/es\/news\/praim-obtiene-la-certificacion-omnissa-ready-una-confirmacion-de-solidez\/\" aria-label=\"Praim obtiene la certificaci\u00f3n Omnissa Ready: una confirmaci\u00f3n de solidez\" class=\"hover-type-none\"><img decoding=\"async\" width=\"700\" height=\"337\" src=\"data:image\/svg+xml,%3Csvg%20xmlns%3D%27http%3A%2F%2Fwww.w3.org%2F2000%2Fsvg%27%20width%3D%27844%27%20height%3D%27337%27%20viewBox%3D%270%200%20844%20337%27%3E%3Crect%20width%3D%27844%27%20height%3D%27337%27%20fill-opacity%3D%220%22%2F%3E%3C%2Fsvg%3E\" class=\"attachment-recent-posts size-recent-posts lazyload\" alt=\"\" data-orig-src=\"https:\/\/www.praim.com\/wp-content\/uploads\/2025\/11\/Banner-articolo-Technology-Partner-Praim-Omnissa-700x337.jpg\" \/><\/a><\/li><\/ul><\/div><div class=\"recent-posts-content\"><span class=\"vcard\" style=\"display: none;\"><span class=\"fn\"><a href=\"https:\/\/www.praim.com\/es\/news\/author\/stefano-bonmassar\/\" title=\"Entradas de Stefano Bonmassar\" rel=\"author\">Stefano Bonmassar<\/a><\/span><\/span><span class=\"updated\" style=\"display:none;\">2025-11-27T14:10:35+01:00<\/span><h4 class=\"entry-title\"><a href=\"https:\/\/www.praim.com\/es\/news\/praim-obtiene-la-certificacion-omnissa-ready-una-confirmacion-de-solidez\/\">Praim obtiene la certificaci\u00f3n Omnissa Ready: una confirmaci\u00f3n de solidez<\/a><\/h4><p class=\"meta\">By <span class=\"vcard\"><span class=\"fn\"><a href=\"https:\/\/www.praim.com\/es\/news\/author\/stefano-bonmassar\/\" title=\"Entradas de Stefano Bonmassar\" rel=\"author\">Stefano Bonmassar<\/a><\/span><\/span><span class=\"fusion-inline-sep\">|<\/span><span class=\"updated\" style=\"display:none;\">2025-11-27T14:10:35+01:00<\/span><span>noviembre 27, 2025<\/span><span class=\"fusion-inline-sep\">|<\/span><\/p><\/div><\/article><\/section><\/div><\/div><\/div><\/div><\/div><\/p>\n","protected":false},"excerpt":{"rendered":"","protected":false},"author":38,"featured_media":0,"parent":0,"menu_order":0,"comment_status":"closed","ping_status":"closed","template":"100-width.php","meta":{"_acf_changed":false,"content-type":"","footnotes":""},"class_list":["post-14480","page","type-page","status-publish","hentry"],"acf":[],"yoast_head":"<!-- This site is optimized with the Yoast SEO plugin v27.3 - https:\/\/yoast.com\/product\/yoast-seo-wordpress\/ -->\n<title>Soluciones Thin Clients para la gesti\u00f3n de estaciones de trabajo | Praim<\/title>\n<meta name=\"description\" content=\"\u00bfEst\u00e1s buscando software y hardware Thin y Zero Client para crear y administrar tus estaciones de trabajo? \u00a1Entra y descubre Praim!\" \/>\n<meta name=\"robots\" content=\"index, follow, max-snippet:-1, max-image-preview:large, max-video-preview:-1\" \/>\n<link rel=\"canonical\" href=\"https:\/\/www.praim.com\/es\/\" \/>\n<meta property=\"og:locale\" content=\"es_ES\" \/>\n<meta property=\"og:type\" content=\"article\" \/>\n<meta property=\"og:title\" content=\"Soluciones Thin Clients para la gesti\u00f3n de estaciones de trabajo | Praim\" \/>\n<meta property=\"og:description\" content=\"\u00bfEst\u00e1s buscando software y hardware Thin y Zero Client para crear y administrar tus estaciones de trabajo? \u00a1Entra y descubre Praim!\" \/>\n<meta property=\"og:url\" content=\"https:\/\/www.praim.com\/es\/\" \/>\n<meta property=\"og:site_name\" content=\"Praim\" \/>\n<meta property=\"article:modified_time\" content=\"2023-03-20T14:06:34+00:00\" \/>\n<meta name=\"twitter:card\" content=\"summary_large_image\" \/>\n<meta name=\"twitter:label1\" content=\"Tiempo de lectura\" \/>\n\t<meta name=\"twitter:data1\" content=\"5 minutos\" \/>\n<script type=\"application\/ld+json\" class=\"yoast-schema-graph\">{\"@context\":\"https:\\\/\\\/schema.org\",\"@graph\":[{\"@type\":\"WebPage\",\"@id\":\"https:\\\/\\\/www.praim.com\\\/es\\\/\",\"url\":\"https:\\\/\\\/www.praim.com\\\/es\\\/\",\"name\":\"Soluciones Thin Clients para la gesti\u00f3n de estaciones de trabajo | Praim\",\"isPartOf\":{\"@id\":\"https:\\\/\\\/www.praim.com\\\/es\\\/#website\"},\"datePublished\":\"2020-05-19T14:01:25+00:00\",\"dateModified\":\"2023-03-20T14:06:34+00:00\",\"description\":\"\u00bfEst\u00e1s buscando software y hardware Thin y Zero Client para crear y administrar tus estaciones de trabajo? \u00a1Entra y descubre Praim!\",\"breadcrumb\":{\"@id\":\"https:\\\/\\\/www.praim.com\\\/es\\\/#breadcrumb\"},\"inLanguage\":\"es\",\"potentialAction\":[{\"@type\":\"ReadAction\",\"target\":[\"https:\\\/\\\/www.praim.com\\\/es\\\/\"]}]},{\"@type\":\"BreadcrumbList\",\"@id\":\"https:\\\/\\\/www.praim.com\\\/es\\\/#breadcrumb\",\"itemListElement\":[{\"@type\":\"ListItem\",\"position\":1,\"name\":\"Home\",\"item\":\"https:\\\/\\\/www.praim.com\\\/es\\\/\"},{\"@type\":\"ListItem\",\"position\":2,\"name\":\"Home-ES\"}]},{\"@type\":\"WebSite\",\"@id\":\"https:\\\/\\\/www.praim.com\\\/es\\\/#website\",\"url\":\"https:\\\/\\\/www.praim.com\\\/es\\\/\",\"name\":\"Praim\",\"description\":\"Smart Access to your Cloud\",\"publisher\":{\"@id\":\"https:\\\/\\\/www.praim.com\\\/es\\\/#organization\"},\"potentialAction\":[{\"@type\":\"SearchAction\",\"target\":{\"@type\":\"EntryPoint\",\"urlTemplate\":\"https:\\\/\\\/www.praim.com\\\/es\\\/?s={search_term_string}\"},\"query-input\":{\"@type\":\"PropertyValueSpecification\",\"valueRequired\":true,\"valueName\":\"search_term_string\"}}],\"inLanguage\":\"es\"},{\"@type\":\"Organization\",\"@id\":\"https:\\\/\\\/www.praim.com\\\/es\\\/#organization\",\"name\":\"Praim srl\",\"url\":\"https:\\\/\\\/www.praim.com\\\/es\\\/\",\"logo\":{\"@type\":\"ImageObject\",\"inLanguage\":\"es\",\"@id\":\"https:\\\/\\\/www.praim.com\\\/es\\\/#\\\/schema\\\/logo\\\/image\\\/\",\"url\":\"https:\\\/\\\/www.praim.com\\\/wp-content\\\/uploads\\\/2019\\\/12\\\/praim-logo.png\",\"contentUrl\":\"https:\\\/\\\/www.praim.com\\\/wp-content\\\/uploads\\\/2019\\\/12\\\/praim-logo.png\",\"width\":230,\"height\":230,\"caption\":\"Praim srl\"},\"image\":{\"@id\":\"https:\\\/\\\/www.praim.com\\\/es\\\/#\\\/schema\\\/logo\\\/image\\\/\"}}]}<\/script>\n<!-- \/ Yoast SEO plugin. -->","yoast_head_json":{"title":"Soluciones Thin Clients para la gesti\u00f3n de estaciones de trabajo | Praim","description":"\u00bfEst\u00e1s buscando software y hardware Thin y Zero Client para crear y administrar tus estaciones de trabajo? \u00a1Entra y descubre Praim!","robots":{"index":"index","follow":"follow","max-snippet":"max-snippet:-1","max-image-preview":"max-image-preview:large","max-video-preview":"max-video-preview:-1"},"canonical":"https:\/\/www.praim.com\/es\/","og_locale":"es_ES","og_type":"article","og_title":"Soluciones Thin Clients para la gesti\u00f3n de estaciones de trabajo | Praim","og_description":"\u00bfEst\u00e1s buscando software y hardware Thin y Zero Client para crear y administrar tus estaciones de trabajo? \u00a1Entra y descubre Praim!","og_url":"https:\/\/www.praim.com\/es\/","og_site_name":"Praim","article_modified_time":"2023-03-20T14:06:34+00:00","twitter_card":"summary_large_image","twitter_misc":{"Tiempo de lectura":"5 minutos"},"schema":{"@context":"https:\/\/schema.org","@graph":[{"@type":"WebPage","@id":"https:\/\/www.praim.com\/es\/","url":"https:\/\/www.praim.com\/es\/","name":"Soluciones Thin Clients para la gesti\u00f3n de estaciones de trabajo | Praim","isPartOf":{"@id":"https:\/\/www.praim.com\/es\/#website"},"datePublished":"2020-05-19T14:01:25+00:00","dateModified":"2023-03-20T14:06:34+00:00","description":"\u00bfEst\u00e1s buscando software y hardware Thin y Zero Client para crear y administrar tus estaciones de trabajo? \u00a1Entra y descubre Praim!","breadcrumb":{"@id":"https:\/\/www.praim.com\/es\/#breadcrumb"},"inLanguage":"es","potentialAction":[{"@type":"ReadAction","target":["https:\/\/www.praim.com\/es\/"]}]},{"@type":"BreadcrumbList","@id":"https:\/\/www.praim.com\/es\/#breadcrumb","itemListElement":[{"@type":"ListItem","position":1,"name":"Home","item":"https:\/\/www.praim.com\/es\/"},{"@type":"ListItem","position":2,"name":"Home-ES"}]},{"@type":"WebSite","@id":"https:\/\/www.praim.com\/es\/#website","url":"https:\/\/www.praim.com\/es\/","name":"Praim","description":"Smart Access to your Cloud","publisher":{"@id":"https:\/\/www.praim.com\/es\/#organization"},"potentialAction":[{"@type":"SearchAction","target":{"@type":"EntryPoint","urlTemplate":"https:\/\/www.praim.com\/es\/?s={search_term_string}"},"query-input":{"@type":"PropertyValueSpecification","valueRequired":true,"valueName":"search_term_string"}}],"inLanguage":"es"},{"@type":"Organization","@id":"https:\/\/www.praim.com\/es\/#organization","name":"Praim srl","url":"https:\/\/www.praim.com\/es\/","logo":{"@type":"ImageObject","inLanguage":"es","@id":"https:\/\/www.praim.com\/es\/#\/schema\/logo\/image\/","url":"https:\/\/www.praim.com\/wp-content\/uploads\/2019\/12\/praim-logo.png","contentUrl":"https:\/\/www.praim.com\/wp-content\/uploads\/2019\/12\/praim-logo.png","width":230,"height":230,"caption":"Praim srl"},"image":{"@id":"https:\/\/www.praim.com\/es\/#\/schema\/logo\/image\/"}}]}},"_links":{"self":[{"href":"https:\/\/www.praim.com\/es\/wp-json\/wp\/v2\/pages\/14480","targetHints":{"allow":["GET"]}}],"collection":[{"href":"https:\/\/www.praim.com\/es\/wp-json\/wp\/v2\/pages"}],"about":[{"href":"https:\/\/www.praim.com\/es\/wp-json\/wp\/v2\/types\/page"}],"author":[{"embeddable":true,"href":"https:\/\/www.praim.com\/es\/wp-json\/wp\/v2\/users\/38"}],"replies":[{"embeddable":true,"href":"https:\/\/www.praim.com\/es\/wp-json\/wp\/v2\/comments?post=14480"}],"version-history":[{"count":39,"href":"https:\/\/www.praim.com\/es\/wp-json\/wp\/v2\/pages\/14480\/revisions"}],"predecessor-version":[{"id":27780,"href":"https:\/\/www.praim.com\/es\/wp-json\/wp\/v2\/pages\/14480\/revisions\/27780"}],"wp:attachment":[{"href":"https:\/\/www.praim.com\/es\/wp-json\/wp\/v2\/media?parent=14480"}],"curies":[{"name":"wp","href":"https:\/\/api.w.org\/{rel}","templated":true}]}}