{"id":15622,"date":"2020-11-04T09:58:10","date_gmt":"2020-11-04T08:58:10","guid":{"rendered":"https:\/\/www.praim.com\/?page_id=15622"},"modified":"2023-03-20T11:39:57","modified_gmt":"2023-03-20T10:39:57","slug":"acceso-seguro","status":"publish","type":"page","link":"https:\/\/www.praim.com\/es\/soluciones\/acceso-seguro\/","title":{"rendered":"Soluciones de acceso seguro desde remoto"},"content":{"rendered":"<div class=\"fusion-fullwidth fullwidth-box fusion-builder-row-1 fusion-flex-container hundred-percent-fullwidth non-hundred-percent-height-scrolling\" style=\"--awb-border-radius-top-left:0px;--awb-border-radius-top-right:0px;--awb-border-radius-bottom-right:0px;--awb-border-radius-bottom-left:0px;--awb-padding-top:20px;--awb-padding-right:0px;--awb-padding-bottom:20px;--awb-padding-left:0px;--awb-flex-wrap:wrap;\" ><div class=\"fusion-builder-row fusion-row fusion-flex-align-items-flex-start fusion-flex-content-wrap\" style=\"width:104% !important;max-width:104% !important;margin-left: calc(-4% \/ 2 );margin-right: calc(-4% \/ 2 );\"><div class=\"fusion-layout-column fusion_builder_column fusion-builder-column-0 fusion_builder_column_1_1 1_1 fusion-flex-column\" style=\"--awb-bg-size:cover;--awb-width-large:100%;--awb-margin-top-large:0px;--awb-spacing-right-large:1.92%;--awb-margin-bottom-large:0px;--awb-spacing-left-large:1.92%;--awb-width-medium:100%;--awb-spacing-right-medium:1.92%;--awb-spacing-left-medium:1.92%;--awb-width-small:100%;--awb-spacing-right-small:1.92%;--awb-spacing-left-small:1.92%;\"><div class=\"fusion-column-wrapper fusion-flex-justify-content-flex-start fusion-content-layout-column\"><div class=\"fusion-content-boxes content-boxes columns row fusion-columns-2 fusion-columns-total-2 fusion-content-boxes-1 content-boxes-icon-with-title content-left\" style=\"--awb-backgroundcolor:#f8fafc;--awb-body-color:#000000;--awb-title-color:#41a1d0;--awb-margin-bottom:0px;--awb-hover-accent-color:#a0ce4e;--awb-circle-hover-accent-color:#a0ce4e;\" data-animationOffset=\"top-into-view\"><div style=\"--awb-backgroundcolor:#f8fafc;\" class=\"fusion-column content-box-column content-box-column content-box-column-1 col-lg-6 col-md-6 col-sm-6 fusion-content-box-hover content-box-column-first-in-row\"><div class=\"col content-box-wrapper content-wrapper-background link-area-link-icon icon-hover-animation-fade\" data-animationOffset=\"top-into-view\"><div class=\"fusion-clearfix\"><\/div><div class=\"content-container\">\n<p><img decoding=\"async\" class=\"lazyload alignnone size-full wp-image-17393\" src=\"https:\/\/www.praim.com\/wp-content\/uploads\/2020\/10\/accessosicuro.jpg\" data-orig-src=\"https:\/\/www.praim.com\/wp-content\/uploads\/2020\/10\/accessosicuro.jpg\" alt=\"acceso seguro\" width=\"600\" height=\"600\" srcset=\"data:image\/svg+xml,%3Csvg%20xmlns%3D%27http%3A%2F%2Fwww.w3.org%2F2000%2Fsvg%27%20width%3D%27600%27%20height%3D%27600%27%20viewBox%3D%270%200%20600%20600%27%3E%3Crect%20width%3D%27600%27%20height%3D%27600%27%20fill-opacity%3D%220%22%2F%3E%3C%2Fsvg%3E\" data-srcset=\"https:\/\/www.praim.com\/wp-content\/uploads\/2020\/10\/accessosicuro-66x66.jpg 66w, https:\/\/www.praim.com\/wp-content\/uploads\/2020\/10\/accessosicuro-80x80.jpg 80w, https:\/\/www.praim.com\/wp-content\/uploads\/2020\/10\/accessosicuro-200x200.jpg 200w, https:\/\/www.praim.com\/wp-content\/uploads\/2020\/10\/accessosicuro-300x300.jpg 300w, https:\/\/www.praim.com\/wp-content\/uploads\/2020\/10\/accessosicuro-400x400.jpg 400w, https:\/\/www.praim.com\/wp-content\/uploads\/2020\/10\/accessosicuro.jpg 600w\" data-sizes=\"auto\" data-orig-sizes=\"(max-width: 600px) 100vw, 600px\" \/><\/p>\n<\/div><\/div><\/div><div style=\"--awb-backgroundcolor:#f8fafc;\" class=\"fusion-column content-box-column content-box-column content-box-column-2 col-lg-6 col-md-6 col-sm-6 fusion-content-box-hover content-box-column-last content-box-column-last-in-row\"><div class=\"col content-box-wrapper content-wrapper-background link-area-link-icon icon-hover-animation-fade\" data-animationOffset=\"top-into-view\"><div class=\"heading heading-with-icon icon-left\"><div aria-hidden=\"true\" class=\"image\"><img decoding=\"async\" class=\"lazyload\" src=\"data:image\/svg+xml,%3Csvg%20xmlns%3D%27http%3A%2F%2Fwww.w3.org%2F2000%2Fsvg%27%20width%3D%27150%27%20height%3D%27150%27%20viewBox%3D%270%200%20150%20150%27%3E%3Crect%20width%3D%27150%27%20height%3D%27150%27%20fill-opacity%3D%220%22%2F%3E%3C%2Fsvg%3E\" data-orig-src=\"https:\/\/www.praim.com\/wp-content\/uploads\/2021\/04\/Icona-Soluzioni-lampadina-Praim-e1617977430948.png\" width=\"150\" height=\"150\" alt=\"\" \/><\/div><h2 class=\"content-box-heading fusion-responsive-typography-calculated\" style=\"--h2_typography-font-size:24px;--fontSize:24;line-height:var(--awb-typography2-line-height);\">Nuestras soluciones<\/h2><\/div><div class=\"fusion-clearfix\"><\/div><div class=\"content-container\">\n<p>Praim ofrece la posibilidad de proteger el acceso a los recursos de la empresa en todos los niveles, integrando herramientas de seguridad que contribuyan a incrementar el est\u00e1ndar de seguridad de toda la infraestructura:<\/p>\n<ul>\n<li><a title=\"ThinMan\" href=\"https:\/\/www.praim.com\/es\/soluciones\/software\/thinman\/\"><strong>ThinMan:<\/strong><\/a> es la consola de administraci\u00f3n unificada que te permite configurar y administrar tus dispositivos desde una \u00fanica ubicaci\u00f3n a trav\u00e9s de protocolos encriptados y seguros. Tambi\u00e9n te permite actualizar el firmware de los Thin Clients y establecer pol\u00edticas de usuario personalizadas.<\/li>\n<li><a title=\"Feature Packs\" href=\"https:\/\/www.praim.com\/es\/soluciones\/software\/feature-pack\/\"><strong>Feature Pack Admin+:<\/strong><\/a> es el add-on de ThinMan que garantiza la continuidad del negocio, el uso de certificados corporativos y la definici\u00f3n de pol\u00edticas de administraci\u00f3n diferenciadas.<\/li>\n<li><a title=\"Feature Packs\" href=\"https:\/\/www.praim.com\/es\/soluciones\/software\/feature-pack\/\"><strong>Feature Pack User+:<\/strong><\/a> es el add-on de ThinMan especialmente dise\u00f1ado para empresas que utilizan el trabajo m\u00f3vil y necesitan una autenticaci\u00f3n segura y al mismo tiempo pr\u00e1ctica para estaciones de trabajo compartidas.<\/li>\n<li><a title=\"Agile4PC\" href=\"https:\/\/www.praim.com\/es\/soluciones\/software\/agile4pc\/\"><strong>Agile:<\/strong><\/a> es la soluci\u00f3n que hace que los endpoints sean manejables por ThinMan, creando una interfaz de usuario f\u00e1cil de usar con un per\u00edmetro controlado, para acceder de modo seguro a recursos espec\u00edficos de la empresa. Tambi\u00e9n es perfecto para crear quioscos de navegador seguros.<\/li>\n<li><a title=\"Thin Clients\" href=\"https:\/\/www.praim.com\/es\/soluciones\/thinclient\/\"><strong>Thin Client:<\/strong><\/a> todos nuestros dispositivos se adaptan perfectamente a cualquier entorno empresarial de cualquier sector que necesite seguridad y facilidad de acceso a los recursos virtualizados.<\/li>\n<\/ul>\n<\/div><\/div><\/div><div class=\"fusion-clearfix\"><\/div><\/div><\/div><\/div><\/div><\/div>\n","protected":false},"excerpt":{"rendered":"","protected":false},"author":14,"featured_media":24720,"parent":7128,"menu_order":0,"comment_status":"closed","ping_status":"closed","template":"100-width.php","meta":{"_acf_changed":false,"content-type":"","footnotes":""},"class_list":["post-15622","page","type-page","status-publish","has-post-thumbnail","hentry"],"acf":[],"yoast_head":"<!-- This site is optimized with the Yoast SEO plugin v27.4 - https:\/\/yoast.com\/product\/yoast-seo-wordpress\/ -->\n<title>Soluciones de acceso seguro desde remoto | Praim<\/title>\n<meta name=\"description\" content=\"Praim ayuda la transformaci\u00f3n digital de tu empresa ofreciendo la posibilidad de proteger el acceso a los recursos desde todas las estaciones de trabajo.\" \/>\n<meta name=\"robots\" content=\"index, follow, max-snippet:-1, max-image-preview:large, max-video-preview:-1\" \/>\n<link rel=\"canonical\" href=\"https:\/\/www.praim.com\/es\/soluciones\/acceso-seguro\/\" \/>\n<meta property=\"og:locale\" content=\"es_ES\" \/>\n<meta property=\"og:type\" content=\"article\" \/>\n<meta property=\"og:title\" content=\"Soluciones de acceso seguro desde remoto | Praim\" \/>\n<meta property=\"og:description\" content=\"Praim ayuda la transformaci\u00f3n digital de tu empresa ofreciendo la posibilidad de proteger el acceso a los recursos desde todas las estaciones de trabajo.\" \/>\n<meta property=\"og:url\" content=\"https:\/\/www.praim.com\/es\/soluciones\/acceso-seguro\/\" \/>\n<meta property=\"og:site_name\" content=\"Praim\" \/>\n<meta property=\"article:modified_time\" content=\"2023-03-20T10:39:57+00:00\" \/>\n<meta property=\"og:image\" content=\"https:\/\/www.praim.com\/wp-content\/uploads\/2022\/05\/Banner-Pagina-Accesso-Sicuro-Praim-1920x350-1.jpg\" \/>\n\t<meta property=\"og:image:width\" content=\"1920\" \/>\n\t<meta property=\"og:image:height\" content=\"350\" \/>\n\t<meta property=\"og:image:type\" content=\"image\/jpeg\" \/>\n<meta name=\"twitter:card\" content=\"summary_large_image\" \/>\n<meta name=\"twitter:label1\" content=\"Tiempo de lectura\" \/>\n\t<meta name=\"twitter:data1\" content=\"3 minutos\" \/>\n<script type=\"application\/ld+json\" class=\"yoast-schema-graph\">{\"@context\":\"https:\\\/\\\/schema.org\",\"@graph\":[{\"@type\":\"WebPage\",\"@id\":\"https:\\\/\\\/www.praim.com\\\/es\\\/soluciones\\\/acceso-seguro\\\/\",\"url\":\"https:\\\/\\\/www.praim.com\\\/es\\\/soluciones\\\/acceso-seguro\\\/\",\"name\":\"Soluciones de acceso seguro desde remoto | Praim\",\"isPartOf\":{\"@id\":\"https:\\\/\\\/www.praim.com\\\/es\\\/#website\"},\"primaryImageOfPage\":{\"@id\":\"https:\\\/\\\/www.praim.com\\\/es\\\/soluciones\\\/acceso-seguro\\\/#primaryimage\"},\"image\":{\"@id\":\"https:\\\/\\\/www.praim.com\\\/es\\\/soluciones\\\/acceso-seguro\\\/#primaryimage\"},\"thumbnailUrl\":\"https:\\\/\\\/www.praim.com\\\/wp-content\\\/uploads\\\/2022\\\/05\\\/Banner-Pagina-Accesso-Sicuro-Praim-1920x350-1.jpg\",\"datePublished\":\"2020-11-04T08:58:10+00:00\",\"dateModified\":\"2023-03-20T10:39:57+00:00\",\"description\":\"Praim ayuda la transformaci\u00f3n digital de tu empresa ofreciendo la posibilidad de proteger el acceso a los recursos desde todas las estaciones de trabajo.\",\"breadcrumb\":{\"@id\":\"https:\\\/\\\/www.praim.com\\\/es\\\/soluciones\\\/acceso-seguro\\\/#breadcrumb\"},\"inLanguage\":\"es\",\"potentialAction\":[{\"@type\":\"ReadAction\",\"target\":[\"https:\\\/\\\/www.praim.com\\\/es\\\/soluciones\\\/acceso-seguro\\\/\"]}]},{\"@type\":\"ImageObject\",\"inLanguage\":\"es\",\"@id\":\"https:\\\/\\\/www.praim.com\\\/es\\\/soluciones\\\/acceso-seguro\\\/#primaryimage\",\"url\":\"https:\\\/\\\/www.praim.com\\\/wp-content\\\/uploads\\\/2022\\\/05\\\/Banner-Pagina-Accesso-Sicuro-Praim-1920x350-1.jpg\",\"contentUrl\":\"https:\\\/\\\/www.praim.com\\\/wp-content\\\/uploads\\\/2022\\\/05\\\/Banner-Pagina-Accesso-Sicuro-Praim-1920x350-1.jpg\",\"width\":1920,\"height\":350,\"caption\":\"acceso seguro\"},{\"@type\":\"BreadcrumbList\",\"@id\":\"https:\\\/\\\/www.praim.com\\\/es\\\/soluciones\\\/acceso-seguro\\\/#breadcrumb\",\"itemListElement\":[{\"@type\":\"ListItem\",\"position\":1,\"name\":\"Home\",\"item\":\"https:\\\/\\\/www.praim.com\\\/es\\\/\"},{\"@type\":\"ListItem\",\"position\":2,\"name\":\"Soluciones\",\"item\":\"https:\\\/\\\/www.praim.com\\\/es\\\/soluciones\\\/\"},{\"@type\":\"ListItem\",\"position\":3,\"name\":\"Soluciones de acceso seguro desde remoto\"}]},{\"@type\":\"WebSite\",\"@id\":\"https:\\\/\\\/www.praim.com\\\/es\\\/#website\",\"url\":\"https:\\\/\\\/www.praim.com\\\/es\\\/\",\"name\":\"Praim\",\"description\":\"Smart Access to your Cloud\",\"publisher\":{\"@id\":\"https:\\\/\\\/www.praim.com\\\/es\\\/#organization\"},\"potentialAction\":[{\"@type\":\"SearchAction\",\"target\":{\"@type\":\"EntryPoint\",\"urlTemplate\":\"https:\\\/\\\/www.praim.com\\\/es\\\/?s={search_term_string}\"},\"query-input\":{\"@type\":\"PropertyValueSpecification\",\"valueRequired\":true,\"valueName\":\"search_term_string\"}}],\"inLanguage\":\"es\"},{\"@type\":\"Organization\",\"@id\":\"https:\\\/\\\/www.praim.com\\\/es\\\/#organization\",\"name\":\"Praim srl\",\"url\":\"https:\\\/\\\/www.praim.com\\\/es\\\/\",\"logo\":{\"@type\":\"ImageObject\",\"inLanguage\":\"es\",\"@id\":\"https:\\\/\\\/www.praim.com\\\/es\\\/#\\\/schema\\\/logo\\\/image\\\/\",\"url\":\"https:\\\/\\\/www.praim.com\\\/wp-content\\\/uploads\\\/2019\\\/12\\\/praim-logo.png\",\"contentUrl\":\"https:\\\/\\\/www.praim.com\\\/wp-content\\\/uploads\\\/2019\\\/12\\\/praim-logo.png\",\"width\":230,\"height\":230,\"caption\":\"Praim srl\"},\"image\":{\"@id\":\"https:\\\/\\\/www.praim.com\\\/es\\\/#\\\/schema\\\/logo\\\/image\\\/\"}}]}<\/script>\n<!-- \/ Yoast SEO plugin. -->","yoast_head_json":{"title":"Soluciones de acceso seguro desde remoto | Praim","description":"Praim ayuda la transformaci\u00f3n digital de tu empresa ofreciendo la posibilidad de proteger el acceso a los recursos desde todas las estaciones de trabajo.","robots":{"index":"index","follow":"follow","max-snippet":"max-snippet:-1","max-image-preview":"max-image-preview:large","max-video-preview":"max-video-preview:-1"},"canonical":"https:\/\/www.praim.com\/es\/soluciones\/acceso-seguro\/","og_locale":"es_ES","og_type":"article","og_title":"Soluciones de acceso seguro desde remoto | Praim","og_description":"Praim ayuda la transformaci\u00f3n digital de tu empresa ofreciendo la posibilidad de proteger el acceso a los recursos desde todas las estaciones de trabajo.","og_url":"https:\/\/www.praim.com\/es\/soluciones\/acceso-seguro\/","og_site_name":"Praim","article_modified_time":"2023-03-20T10:39:57+00:00","og_image":[{"width":1920,"height":350,"url":"https:\/\/www.praim.com\/wp-content\/uploads\/2022\/05\/Banner-Pagina-Accesso-Sicuro-Praim-1920x350-1.jpg","type":"image\/jpeg"}],"twitter_card":"summary_large_image","twitter_misc":{"Tiempo de lectura":"3 minutos"},"schema":{"@context":"https:\/\/schema.org","@graph":[{"@type":"WebPage","@id":"https:\/\/www.praim.com\/es\/soluciones\/acceso-seguro\/","url":"https:\/\/www.praim.com\/es\/soluciones\/acceso-seguro\/","name":"Soluciones de acceso seguro desde remoto | Praim","isPartOf":{"@id":"https:\/\/www.praim.com\/es\/#website"},"primaryImageOfPage":{"@id":"https:\/\/www.praim.com\/es\/soluciones\/acceso-seguro\/#primaryimage"},"image":{"@id":"https:\/\/www.praim.com\/es\/soluciones\/acceso-seguro\/#primaryimage"},"thumbnailUrl":"https:\/\/www.praim.com\/wp-content\/uploads\/2022\/05\/Banner-Pagina-Accesso-Sicuro-Praim-1920x350-1.jpg","datePublished":"2020-11-04T08:58:10+00:00","dateModified":"2023-03-20T10:39:57+00:00","description":"Praim ayuda la transformaci\u00f3n digital de tu empresa ofreciendo la posibilidad de proteger el acceso a los recursos desde todas las estaciones de trabajo.","breadcrumb":{"@id":"https:\/\/www.praim.com\/es\/soluciones\/acceso-seguro\/#breadcrumb"},"inLanguage":"es","potentialAction":[{"@type":"ReadAction","target":["https:\/\/www.praim.com\/es\/soluciones\/acceso-seguro\/"]}]},{"@type":"ImageObject","inLanguage":"es","@id":"https:\/\/www.praim.com\/es\/soluciones\/acceso-seguro\/#primaryimage","url":"https:\/\/www.praim.com\/wp-content\/uploads\/2022\/05\/Banner-Pagina-Accesso-Sicuro-Praim-1920x350-1.jpg","contentUrl":"https:\/\/www.praim.com\/wp-content\/uploads\/2022\/05\/Banner-Pagina-Accesso-Sicuro-Praim-1920x350-1.jpg","width":1920,"height":350,"caption":"acceso seguro"},{"@type":"BreadcrumbList","@id":"https:\/\/www.praim.com\/es\/soluciones\/acceso-seguro\/#breadcrumb","itemListElement":[{"@type":"ListItem","position":1,"name":"Home","item":"https:\/\/www.praim.com\/es\/"},{"@type":"ListItem","position":2,"name":"Soluciones","item":"https:\/\/www.praim.com\/es\/soluciones\/"},{"@type":"ListItem","position":3,"name":"Soluciones de acceso seguro desde remoto"}]},{"@type":"WebSite","@id":"https:\/\/www.praim.com\/es\/#website","url":"https:\/\/www.praim.com\/es\/","name":"Praim","description":"Smart Access to your Cloud","publisher":{"@id":"https:\/\/www.praim.com\/es\/#organization"},"potentialAction":[{"@type":"SearchAction","target":{"@type":"EntryPoint","urlTemplate":"https:\/\/www.praim.com\/es\/?s={search_term_string}"},"query-input":{"@type":"PropertyValueSpecification","valueRequired":true,"valueName":"search_term_string"}}],"inLanguage":"es"},{"@type":"Organization","@id":"https:\/\/www.praim.com\/es\/#organization","name":"Praim srl","url":"https:\/\/www.praim.com\/es\/","logo":{"@type":"ImageObject","inLanguage":"es","@id":"https:\/\/www.praim.com\/es\/#\/schema\/logo\/image\/","url":"https:\/\/www.praim.com\/wp-content\/uploads\/2019\/12\/praim-logo.png","contentUrl":"https:\/\/www.praim.com\/wp-content\/uploads\/2019\/12\/praim-logo.png","width":230,"height":230,"caption":"Praim srl"},"image":{"@id":"https:\/\/www.praim.com\/es\/#\/schema\/logo\/image\/"}}]}},"_links":{"self":[{"href":"https:\/\/www.praim.com\/es\/wp-json\/wp\/v2\/pages\/15622","targetHints":{"allow":["GET"]}}],"collection":[{"href":"https:\/\/www.praim.com\/es\/wp-json\/wp\/v2\/pages"}],"about":[{"href":"https:\/\/www.praim.com\/es\/wp-json\/wp\/v2\/types\/page"}],"author":[{"embeddable":true,"href":"https:\/\/www.praim.com\/es\/wp-json\/wp\/v2\/users\/14"}],"replies":[{"embeddable":true,"href":"https:\/\/www.praim.com\/es\/wp-json\/wp\/v2\/comments?post=15622"}],"version-history":[{"count":0,"href":"https:\/\/www.praim.com\/es\/wp-json\/wp\/v2\/pages\/15622\/revisions"}],"up":[{"embeddable":true,"href":"https:\/\/www.praim.com\/es\/wp-json\/wp\/v2\/pages\/7128"}],"wp:featuredmedia":[{"embeddable":true,"href":"https:\/\/www.praim.com\/es\/wp-json\/wp\/v2\/media\/24720"}],"wp:attachment":[{"href":"https:\/\/www.praim.com\/es\/wp-json\/wp\/v2\/media?parent=15622"}],"curies":[{"name":"wp","href":"https:\/\/api.w.org\/{rel}","templated":true}]}}