{"id":16995,"date":"2020-11-04T16:59:27","date_gmt":"2020-11-04T15:59:27","guid":{"rendered":"https:\/\/www.praim.com\/?page_id=16995"},"modified":"2024-04-24T10:06:37","modified_gmt":"2024-04-24T08:06:37","slug":"venta-al-por-menor","status":"publish","type":"page","link":"https:\/\/www.praim.com\/es\/soluciones\/venta-al-por-menor\/","title":{"rendered":"Soluciones inform\u00e1ticas para el sector retail"},"content":{"rendered":"<div class=\"fusion-fullwidth fullwidth-box fusion-builder-row-1 fusion-flex-container hundred-percent-fullwidth non-hundred-percent-height-scrolling\" style=\"--awb-border-radius-top-left:0px;--awb-border-radius-top-right:0px;--awb-border-radius-bottom-right:0px;--awb-border-radius-bottom-left:0px;--awb-padding-top:0px;--awb-padding-right:0px;--awb-padding-bottom:0px;--awb-padding-left:0px;--awb-margin-top:0px;--awb-margin-bottom:30px;--awb-flex-wrap:wrap;\" ><div class=\"fusion-builder-row fusion-row fusion-flex-align-items-flex-start fusion-flex-content-wrap\" style=\"width:104% !important;max-width:104% !important;margin-left: calc(-4% \/ 2 );margin-right: calc(-4% \/ 2 );\"><div class=\"fusion-layout-column fusion_builder_column fusion-builder-column-0 fusion_builder_column_1_1 1_1 fusion-flex-column\" style=\"--awb-padding-top:10px;--awb-padding-right:10px;--awb-padding-bottom:10px;--awb-padding-left:10px;--awb-bg-size:cover;--awb-border-color:#000000;--awb-border-top:0;--awb-border-right:0;--awb-border-bottom:0;--awb-border-left:0;--awb-border-style:solid;--awb-width-large:100%;--awb-margin-top-large:0px;--awb-spacing-right-large:1.92%;--awb-margin-bottom-large:20px;--awb-spacing-left-large:1.92%;--awb-width-medium:100%;--awb-order-medium:0;--awb-spacing-right-medium:1.92%;--awb-spacing-left-medium:1.92%;--awb-width-small:100%;--awb-order-small:0;--awb-spacing-right-small:1.92%;--awb-spacing-left-small:1.92%;\"><div class=\"fusion-column-wrapper fusion-column-has-shadow fusion-flex-justify-content-flex-start fusion-content-layout-column\"><div class=\"fusion-content-boxes content-boxes columns row fusion-columns-2 fusion-columns-total-2 fusion-content-boxes-1 content-boxes-icon-with-title content-left\" style=\"--awb-backgroundcolor:#f8fafc;--awb-body-color:#000000;--awb-title-color:#41a1d0;--awb-margin-bottom:0px;--awb-hover-accent-color:#a0ce4e;--awb-circle-hover-accent-color:#a0ce4e;\" data-animationOffset=\"top-into-view\"><div style=\"--awb-backgroundcolor:#f8fafc;\" class=\"fusion-column content-box-column content-box-column content-box-column-1 col-lg-6 col-md-6 col-sm-6 fusion-content-box-hover content-box-column-first-in-row\"><div class=\"col content-box-wrapper content-wrapper-background link-area-link-icon icon-hover-animation-fade\" data-animationOffset=\"top-into-view\"><div class=\"heading heading-with-icon icon-left\"><div aria-hidden=\"true\" class=\"image\"><img decoding=\"async\" class=\"lazyload\" src=\"data:image\/svg+xml,%3Csvg%20xmlns%3D%27http%3A%2F%2Fwww.w3.org%2F2000%2Fsvg%27%20width%3D%27150%27%20height%3D%27150%27%20viewBox%3D%270%200%20150%20150%27%3E%3Crect%20width%3D%27150%27%20height%3D%27150%27%20fill-opacity%3D%220%22%2F%3E%3C%2Fsvg%3E\" data-orig-src=\"https:\/\/www.praim.com\/wp-content\/uploads\/2021\/04\/Icona-Bisogni-Praim-e1617965593140.png\" width=\"150\" height=\"150\" alt=\"\" \/><\/div><h2 class=\"content-box-heading fusion-responsive-typography-calculated\" style=\"--h2_typography-font-size:24px;--fontSize:24;line-height:var(--awb-typography2-line-height);\">Tus necesidades<\/h2><\/div><div class=\"fusion-clearfix\"><\/div><div class=\"content-container\">Para el sector es necesario disponer de estaciones de trabajo din\u00e1micas, personalizadas y de f\u00e1cil acceso en todos los puntos de venta, pero tambi\u00e9n:<\/p>\n<ul>\n<li>Crear se\u00f1alizaci\u00f3n digital o kioscos t\u00e1ctiles<\/li>\n<li>Gestionar oficinas remotas<\/li>\n<li>Garant\u00eda de asistencia remota r\u00e1pida<\/li>\n<li>Inicio de sesi\u00f3n r\u00e1pido con smart card<\/li>\n<li>Crear perfiles de usuario basados en dispositivo\/ubicaci\u00f3n<\/li>\n<li>Rendimiento de video de alto nivel<\/li>\n<li>Escalabilidad de la estaci\u00f3n de trabajo<\/li>\n<\/ul>\n<\/div><\/div><\/div><div style=\"--awb-backgroundcolor:#f8fafc;\" class=\"fusion-column content-box-column content-box-column content-box-column-2 col-lg-6 col-md-6 col-sm-6 fusion-content-box-hover content-box-column-last content-box-column-last-in-row\"><div class=\"col content-box-wrapper content-wrapper-background link-area-link-icon icon-hover-animation-fade\" data-animationOffset=\"top-into-view\"><div class=\"heading heading-with-icon icon-left\"><div aria-hidden=\"true\" class=\"image\"><img decoding=\"async\" class=\"lazyload\" src=\"data:image\/svg+xml,%3Csvg%20xmlns%3D%27http%3A%2F%2Fwww.w3.org%2F2000%2Fsvg%27%20width%3D%27150%27%20height%3D%27150%27%20viewBox%3D%270%200%20150%20150%27%3E%3Crect%20width%3D%27150%27%20height%3D%27150%27%20fill-opacity%3D%220%22%2F%3E%3C%2Fsvg%3E\" data-orig-src=\"https:\/\/www.praim.com\/wp-content\/uploads\/2021\/04\/Icona-Soluzioni-Praim-e1617965494608.png\" width=\"150\" height=\"150\" alt=\"\" \/><\/div><h2 class=\"content-box-heading fusion-responsive-typography-calculated\" style=\"--h2_typography-font-size:24px;--fontSize:24;line-height:var(--awb-typography2-line-height);\">Nuestras soluciones<\/h2><\/div><div class=\"fusion-clearfix\"><\/div><div class=\"content-container\">\n<p>Praim te ofrece estaciones de trabajo con las mejores caracter\u00edsticas para tu negocio:<\/p>\n<ul>\n<li><a title=\"ThinMan\" href=\"https:\/\/www.praim.com\/es\/soluciones\/software\/thinman\/\"><strong>ThinMan:<\/strong><\/a> para gestionar todas las estaciones de trabajo desde una \u00fanica ubicaci\u00f3n y garantizar el soporte m\u00e1s organizado posible.<\/li>\n<li><a title=\"Feature Packs\" href=\"https:\/\/www.praim.com\/es\/soluciones\/software\/feature-pack\/\"><strong>Feature Pack <\/strong><strong>User+:<\/strong><\/a> para una autenticaci\u00f3n r\u00e1pida y segura y acceso a estaciones de trabajo con una experiencia simplificada.<\/li>\n<li><a title=\"Feature Packs\" href=\"https:\/\/www.praim.com\/es\/soluciones\/software\/feature-pack\/\"><strong>Feature Pack <\/strong><strong>Network+:<\/strong><\/a> para optimizar la organizaci\u00f3n de la infraestructura y limitar el consumo de energ\u00eda o el tr\u00e1fico de la red.<\/li>\n<li><a title=\"Agile4PC\" href=\"https:\/\/www.praim.com\/es\/soluciones\/software\/agile4pc\/\"><strong>Agile:<\/strong><\/a> para mantener los dispositivos administr\u00e1ndolos de forma centralizada y haci\u00e9ndolos completamente seguros.<\/li>\n<li><a href=\"https:\/\/www.praim.com\/es\/soluciones\/thinclient\/expertcenter\/\"><strong>ExpertCenter:<\/strong><\/a> el Thin Client todo en uno perfecto para crear kioscos informativos a los que se pueden conectar cualquier tipo de perif\u00e9rico.<\/li>\n<\/ul>\n<\/div><\/div><\/div><div class=\"fusion-clearfix\"><\/div><\/div><\/div><\/div><\/div><\/div>\n","protected":false},"excerpt":{"rendered":"","protected":false},"author":31,"featured_media":24693,"parent":7128,"menu_order":0,"comment_status":"closed","ping_status":"closed","template":"100-width.php","meta":{"_acf_changed":false,"content-type":"","footnotes":""},"class_list":["post-16995","page","type-page","status-publish","has-post-thumbnail","hentry"],"acf":[],"yoast_head":"<!-- This site is optimized with the Yoast SEO plugin v27.3 - https:\/\/yoast.com\/product\/yoast-seo-wordpress\/ -->\n<title>Soluciones de TI para el sector retail | Praim<\/title>\n<meta name=\"description\" content=\"Simplifica las operaciones diarias de las tiendas, con procesos automatizados y remotos. \u00a1Descubre las soluciones de software y hardware Praim!\" \/>\n<meta name=\"robots\" content=\"index, follow, max-snippet:-1, max-image-preview:large, max-video-preview:-1\" \/>\n<link rel=\"canonical\" href=\"https:\/\/www.praim.com\/es\/soluciones\/venta-al-por-menor\/\" \/>\n<meta property=\"og:locale\" content=\"es_ES\" \/>\n<meta property=\"og:type\" content=\"article\" \/>\n<meta property=\"og:title\" content=\"Soluciones de TI para el sector retail | Praim\" \/>\n<meta property=\"og:description\" content=\"Simplifica las operaciones diarias de las tiendas, con procesos automatizados y remotos. \u00a1Descubre las soluciones de software y hardware Praim!\" \/>\n<meta property=\"og:url\" content=\"https:\/\/www.praim.com\/es\/soluciones\/venta-al-por-menor\/\" \/>\n<meta property=\"og:site_name\" content=\"Praim\" \/>\n<meta property=\"article:modified_time\" content=\"2024-04-24T08:06:37+00:00\" \/>\n<meta property=\"og:image\" content=\"https:\/\/www.praim.com\/wp-content\/uploads\/2022\/05\/Banner-Pagina-Retail-Praim-1920x350-1.jpg\" \/>\n\t<meta property=\"og:image:width\" content=\"1920\" \/>\n\t<meta property=\"og:image:height\" content=\"350\" \/>\n\t<meta property=\"og:image:type\" content=\"image\/jpeg\" \/>\n<meta name=\"twitter:card\" content=\"summary_large_image\" \/>\n<meta name=\"twitter:label1\" content=\"Tiempo de lectura\" \/>\n\t<meta name=\"twitter:data1\" content=\"2 minutos\" \/>\n<script type=\"application\/ld+json\" class=\"yoast-schema-graph\">{\"@context\":\"https:\\\/\\\/schema.org\",\"@graph\":[{\"@type\":\"WebPage\",\"@id\":\"https:\\\/\\\/www.praim.com\\\/es\\\/soluciones\\\/venta-al-por-menor\\\/\",\"url\":\"https:\\\/\\\/www.praim.com\\\/es\\\/soluciones\\\/venta-al-por-menor\\\/\",\"name\":\"Soluciones de TI para el sector retail | Praim\",\"isPartOf\":{\"@id\":\"https:\\\/\\\/www.praim.com\\\/es\\\/#website\"},\"primaryImageOfPage\":{\"@id\":\"https:\\\/\\\/www.praim.com\\\/es\\\/soluciones\\\/venta-al-por-menor\\\/#primaryimage\"},\"image\":{\"@id\":\"https:\\\/\\\/www.praim.com\\\/es\\\/soluciones\\\/venta-al-por-menor\\\/#primaryimage\"},\"thumbnailUrl\":\"https:\\\/\\\/www.praim.com\\\/wp-content\\\/uploads\\\/2022\\\/05\\\/Banner-Pagina-Retail-Praim-1920x350-1.jpg\",\"datePublished\":\"2020-11-04T15:59:27+00:00\",\"dateModified\":\"2024-04-24T08:06:37+00:00\",\"description\":\"Simplifica las operaciones diarias de las tiendas, con procesos automatizados y remotos. \u00a1Descubre las soluciones de software y hardware Praim!\",\"breadcrumb\":{\"@id\":\"https:\\\/\\\/www.praim.com\\\/es\\\/soluciones\\\/venta-al-por-menor\\\/#breadcrumb\"},\"inLanguage\":\"es\",\"potentialAction\":[{\"@type\":\"ReadAction\",\"target\":[\"https:\\\/\\\/www.praim.com\\\/es\\\/soluciones\\\/venta-al-por-menor\\\/\"]}]},{\"@type\":\"ImageObject\",\"inLanguage\":\"es\",\"@id\":\"https:\\\/\\\/www.praim.com\\\/es\\\/soluciones\\\/venta-al-por-menor\\\/#primaryimage\",\"url\":\"https:\\\/\\\/www.praim.com\\\/wp-content\\\/uploads\\\/2022\\\/05\\\/Banner-Pagina-Retail-Praim-1920x350-1.jpg\",\"contentUrl\":\"https:\\\/\\\/www.praim.com\\\/wp-content\\\/uploads\\\/2022\\\/05\\\/Banner-Pagina-Retail-Praim-1920x350-1.jpg\",\"width\":1920,\"height\":350,\"caption\":\"venta al por menor\"},{\"@type\":\"BreadcrumbList\",\"@id\":\"https:\\\/\\\/www.praim.com\\\/es\\\/soluciones\\\/venta-al-por-menor\\\/#breadcrumb\",\"itemListElement\":[{\"@type\":\"ListItem\",\"position\":1,\"name\":\"Home\",\"item\":\"https:\\\/\\\/www.praim.com\\\/es\\\/\"},{\"@type\":\"ListItem\",\"position\":2,\"name\":\"Soluciones\",\"item\":\"https:\\\/\\\/www.praim.com\\\/es\\\/soluciones\\\/\"},{\"@type\":\"ListItem\",\"position\":3,\"name\":\"Soluciones inform\u00e1ticas para el sector retail\"}]},{\"@type\":\"WebSite\",\"@id\":\"https:\\\/\\\/www.praim.com\\\/es\\\/#website\",\"url\":\"https:\\\/\\\/www.praim.com\\\/es\\\/\",\"name\":\"Praim\",\"description\":\"Smart Access to your Cloud\",\"publisher\":{\"@id\":\"https:\\\/\\\/www.praim.com\\\/es\\\/#organization\"},\"potentialAction\":[{\"@type\":\"SearchAction\",\"target\":{\"@type\":\"EntryPoint\",\"urlTemplate\":\"https:\\\/\\\/www.praim.com\\\/es\\\/?s={search_term_string}\"},\"query-input\":{\"@type\":\"PropertyValueSpecification\",\"valueRequired\":true,\"valueName\":\"search_term_string\"}}],\"inLanguage\":\"es\"},{\"@type\":\"Organization\",\"@id\":\"https:\\\/\\\/www.praim.com\\\/es\\\/#organization\",\"name\":\"Praim srl\",\"url\":\"https:\\\/\\\/www.praim.com\\\/es\\\/\",\"logo\":{\"@type\":\"ImageObject\",\"inLanguage\":\"es\",\"@id\":\"https:\\\/\\\/www.praim.com\\\/es\\\/#\\\/schema\\\/logo\\\/image\\\/\",\"url\":\"https:\\\/\\\/www.praim.com\\\/wp-content\\\/uploads\\\/2019\\\/12\\\/praim-logo.png\",\"contentUrl\":\"https:\\\/\\\/www.praim.com\\\/wp-content\\\/uploads\\\/2019\\\/12\\\/praim-logo.png\",\"width\":230,\"height\":230,\"caption\":\"Praim srl\"},\"image\":{\"@id\":\"https:\\\/\\\/www.praim.com\\\/es\\\/#\\\/schema\\\/logo\\\/image\\\/\"}}]}<\/script>\n<!-- \/ Yoast SEO plugin. -->","yoast_head_json":{"title":"Soluciones de TI para el sector retail | Praim","description":"Simplifica las operaciones diarias de las tiendas, con procesos automatizados y remotos. \u00a1Descubre las soluciones de software y hardware Praim!","robots":{"index":"index","follow":"follow","max-snippet":"max-snippet:-1","max-image-preview":"max-image-preview:large","max-video-preview":"max-video-preview:-1"},"canonical":"https:\/\/www.praim.com\/es\/soluciones\/venta-al-por-menor\/","og_locale":"es_ES","og_type":"article","og_title":"Soluciones de TI para el sector retail | Praim","og_description":"Simplifica las operaciones diarias de las tiendas, con procesos automatizados y remotos. \u00a1Descubre las soluciones de software y hardware Praim!","og_url":"https:\/\/www.praim.com\/es\/soluciones\/venta-al-por-menor\/","og_site_name":"Praim","article_modified_time":"2024-04-24T08:06:37+00:00","og_image":[{"width":1920,"height":350,"url":"https:\/\/www.praim.com\/wp-content\/uploads\/2022\/05\/Banner-Pagina-Retail-Praim-1920x350-1.jpg","type":"image\/jpeg"}],"twitter_card":"summary_large_image","twitter_misc":{"Tiempo de lectura":"2 minutos"},"schema":{"@context":"https:\/\/schema.org","@graph":[{"@type":"WebPage","@id":"https:\/\/www.praim.com\/es\/soluciones\/venta-al-por-menor\/","url":"https:\/\/www.praim.com\/es\/soluciones\/venta-al-por-menor\/","name":"Soluciones de TI para el sector retail | Praim","isPartOf":{"@id":"https:\/\/www.praim.com\/es\/#website"},"primaryImageOfPage":{"@id":"https:\/\/www.praim.com\/es\/soluciones\/venta-al-por-menor\/#primaryimage"},"image":{"@id":"https:\/\/www.praim.com\/es\/soluciones\/venta-al-por-menor\/#primaryimage"},"thumbnailUrl":"https:\/\/www.praim.com\/wp-content\/uploads\/2022\/05\/Banner-Pagina-Retail-Praim-1920x350-1.jpg","datePublished":"2020-11-04T15:59:27+00:00","dateModified":"2024-04-24T08:06:37+00:00","description":"Simplifica las operaciones diarias de las tiendas, con procesos automatizados y remotos. \u00a1Descubre las soluciones de software y hardware Praim!","breadcrumb":{"@id":"https:\/\/www.praim.com\/es\/soluciones\/venta-al-por-menor\/#breadcrumb"},"inLanguage":"es","potentialAction":[{"@type":"ReadAction","target":["https:\/\/www.praim.com\/es\/soluciones\/venta-al-por-menor\/"]}]},{"@type":"ImageObject","inLanguage":"es","@id":"https:\/\/www.praim.com\/es\/soluciones\/venta-al-por-menor\/#primaryimage","url":"https:\/\/www.praim.com\/wp-content\/uploads\/2022\/05\/Banner-Pagina-Retail-Praim-1920x350-1.jpg","contentUrl":"https:\/\/www.praim.com\/wp-content\/uploads\/2022\/05\/Banner-Pagina-Retail-Praim-1920x350-1.jpg","width":1920,"height":350,"caption":"venta al por menor"},{"@type":"BreadcrumbList","@id":"https:\/\/www.praim.com\/es\/soluciones\/venta-al-por-menor\/#breadcrumb","itemListElement":[{"@type":"ListItem","position":1,"name":"Home","item":"https:\/\/www.praim.com\/es\/"},{"@type":"ListItem","position":2,"name":"Soluciones","item":"https:\/\/www.praim.com\/es\/soluciones\/"},{"@type":"ListItem","position":3,"name":"Soluciones inform\u00e1ticas para el sector retail"}]},{"@type":"WebSite","@id":"https:\/\/www.praim.com\/es\/#website","url":"https:\/\/www.praim.com\/es\/","name":"Praim","description":"Smart Access to your Cloud","publisher":{"@id":"https:\/\/www.praim.com\/es\/#organization"},"potentialAction":[{"@type":"SearchAction","target":{"@type":"EntryPoint","urlTemplate":"https:\/\/www.praim.com\/es\/?s={search_term_string}"},"query-input":{"@type":"PropertyValueSpecification","valueRequired":true,"valueName":"search_term_string"}}],"inLanguage":"es"},{"@type":"Organization","@id":"https:\/\/www.praim.com\/es\/#organization","name":"Praim srl","url":"https:\/\/www.praim.com\/es\/","logo":{"@type":"ImageObject","inLanguage":"es","@id":"https:\/\/www.praim.com\/es\/#\/schema\/logo\/image\/","url":"https:\/\/www.praim.com\/wp-content\/uploads\/2019\/12\/praim-logo.png","contentUrl":"https:\/\/www.praim.com\/wp-content\/uploads\/2019\/12\/praim-logo.png","width":230,"height":230,"caption":"Praim srl"},"image":{"@id":"https:\/\/www.praim.com\/es\/#\/schema\/logo\/image\/"}}]}},"_links":{"self":[{"href":"https:\/\/www.praim.com\/es\/wp-json\/wp\/v2\/pages\/16995","targetHints":{"allow":["GET"]}}],"collection":[{"href":"https:\/\/www.praim.com\/es\/wp-json\/wp\/v2\/pages"}],"about":[{"href":"https:\/\/www.praim.com\/es\/wp-json\/wp\/v2\/types\/page"}],"author":[{"embeddable":true,"href":"https:\/\/www.praim.com\/es\/wp-json\/wp\/v2\/users\/31"}],"replies":[{"embeddable":true,"href":"https:\/\/www.praim.com\/es\/wp-json\/wp\/v2\/comments?post=16995"}],"version-history":[{"count":28,"href":"https:\/\/www.praim.com\/es\/wp-json\/wp\/v2\/pages\/16995\/revisions"}],"predecessor-version":[{"id":29717,"href":"https:\/\/www.praim.com\/es\/wp-json\/wp\/v2\/pages\/16995\/revisions\/29717"}],"up":[{"embeddable":true,"href":"https:\/\/www.praim.com\/es\/wp-json\/wp\/v2\/pages\/7128"}],"wp:featuredmedia":[{"embeddable":true,"href":"https:\/\/www.praim.com\/es\/wp-json\/wp\/v2\/media\/24693"}],"wp:attachment":[{"href":"https:\/\/www.praim.com\/es\/wp-json\/wp\/v2\/media?parent=16995"}],"curies":[{"name":"wp","href":"https:\/\/api.w.org\/{rel}","templated":true}]}}