{"id":17135,"date":"2020-11-04T16:48:54","date_gmt":"2020-11-04T15:48:54","guid":{"rendered":"https:\/\/www.praim.com\/?page_id=17135"},"modified":"2022-05-27T15:14:14","modified_gmt":"2022-05-27T13:14:14","slug":"administracion-publica","status":"publish","type":"page","link":"https:\/\/www.praim.com\/es\/soluciones\/administracion-publica\/","title":{"rendered":"Soluciones de TI para la Administraci\u00f3n P\u00fablica"},"content":{"rendered":"<div class=\"fusion-fullwidth fullwidth-box fusion-builder-row-1 fusion-flex-container hundred-percent-fullwidth non-hundred-percent-height-scrolling\" style=\"--awb-border-radius-top-left:0px;--awb-border-radius-top-right:0px;--awb-border-radius-bottom-right:0px;--awb-border-radius-bottom-left:0px;--awb-padding-top:20px;--awb-padding-right:0px;--awb-padding-bottom:0px;--awb-padding-left:0px;--awb-margin-bottom:30px;--awb-flex-wrap:wrap;\" ><div class=\"fusion-builder-row fusion-row fusion-flex-align-items-flex-start fusion-flex-content-wrap\" style=\"width:104% !important;max-width:104% !important;margin-left: calc(-4% \/ 2 );margin-right: calc(-4% \/ 2 );\"><div class=\"fusion-layout-column fusion_builder_column fusion-builder-column-0 fusion_builder_column_1_1 1_1 fusion-flex-column\" style=\"--awb-bg-size:cover;--awb-width-large:100%;--awb-margin-top-large:0px;--awb-spacing-right-large:1.92%;--awb-margin-bottom-large:0px;--awb-spacing-left-large:1.92%;--awb-width-medium:100%;--awb-spacing-right-medium:1.92%;--awb-spacing-left-medium:1.92%;--awb-width-small:100%;--awb-spacing-right-small:1.92%;--awb-spacing-left-small:1.92%;\"><div class=\"fusion-column-wrapper fusion-flex-justify-content-flex-start fusion-content-layout-column\"><div class=\"fusion-content-boxes content-boxes columns row fusion-columns-2 fusion-columns-total-2 fusion-content-boxes-1 content-boxes-icon-with-title content-left\" style=\"--awb-backgroundcolor:#f8fafc;--awb-body-color:#000000;--awb-title-color:#41a1d0;--awb-margin-bottom:0px;--awb-hover-accent-color:#a0ce4e;--awb-circle-hover-accent-color:#a0ce4e;\" data-animationOffset=\"top-into-view\"><div style=\"--awb-backgroundcolor:#f8fafc;\" class=\"fusion-column content-box-column content-box-column content-box-column-1 col-lg-6 col-md-6 col-sm-6 fusion-content-box-hover content-box-column-first-in-row\"><div class=\"col content-box-wrapper content-wrapper-background link-area-link-icon icon-hover-animation-fade\" data-animationOffset=\"top-into-view\"><div class=\"heading heading-with-icon icon-left\"><div aria-hidden=\"true\" class=\"image\"><img decoding=\"async\" class=\"lazyload\" src=\"data:image\/svg+xml,%3Csvg%20xmlns%3D%27http%3A%2F%2Fwww.w3.org%2F2000%2Fsvg%27%20width%3D%27150%27%20height%3D%27150%27%20viewBox%3D%270%200%20150%20150%27%3E%3Crect%20width%3D%27150%27%20height%3D%27150%27%20fill-opacity%3D%220%22%2F%3E%3C%2Fsvg%3E\" data-orig-src=\"https:\/\/www.praim.com\/wp-content\/uploads\/2021\/04\/Icona-Bisogni-Praim-e1617965593140.png\" width=\"150\" height=\"150\" alt=\"\" \/><\/div><h2 class=\"content-box-heading fusion-responsive-typography-calculated\" style=\"--h2_typography-font-size:24px;--fontSize:24;line-height:var(--awb-typography2-line-height);\">Tus necesidades<\/h2><\/div><div class=\"fusion-clearfix\"><\/div><div class=\"content-container\">\n<p>La Administraci\u00f3n P\u00fablica se encuentra en la situaci\u00f3n de tener que mantener sus endpoints por m\u00e1s tiempo y tener que trabajar con hardware obsoleto, pero tambi\u00e9n necesita:<\/p>\n<ul>\n<li>Alta seguridad y posible bloqueo de perif\u00e9ricos<\/li>\n<li>Reducir el consumo<\/li>\n<li>Escalar las estaciones y repetirlas a lo largo del tiempo<\/li>\n<li>Diferenciar perfiles seg\u00fan el usuario<\/li>\n<li>Ofrecer asistencia remota<\/li>\n<li>Actualizar peri\u00f3dicamente las estaciones de trabajo<\/li>\n<li>Utilizar pol\u00edticas de usuario<\/li>\n<li>Admitir perif\u00e9ricos heredados<\/li>\n<li>Compatiblidad con Windows 7 o versiones anteriores<\/li>\n<\/ul>\n<\/div><\/div><\/div><div style=\"--awb-backgroundcolor:#f8fafc;\" class=\"fusion-column content-box-column content-box-column content-box-column-2 col-lg-6 col-md-6 col-sm-6 fusion-content-box-hover content-box-column-last content-box-column-last-in-row\"><div class=\"col content-box-wrapper content-wrapper-background link-area-link-icon icon-hover-animation-fade\" data-animationOffset=\"top-into-view\"><div class=\"heading heading-with-icon icon-left\"><div aria-hidden=\"true\" class=\"image\"><img decoding=\"async\" class=\"lazyload\" src=\"data:image\/svg+xml,%3Csvg%20xmlns%3D%27http%3A%2F%2Fwww.w3.org%2F2000%2Fsvg%27%20width%3D%27150%27%20height%3D%27150%27%20viewBox%3D%270%200%20150%20150%27%3E%3Crect%20width%3D%27150%27%20height%3D%27150%27%20fill-opacity%3D%220%22%2F%3E%3C%2Fsvg%3E\" data-orig-src=\"https:\/\/www.praim.com\/wp-content\/uploads\/2021\/04\/Icona-Soluzioni-Praim-e1617965494608.png\" width=\"150\" height=\"150\" alt=\"\" \/><\/div><h2 class=\"content-box-heading fusion-responsive-typography-calculated\" style=\"--h2_typography-font-size:24px;--fontSize:24;line-height:var(--awb-typography2-line-height);\">Nuestras soluciones<\/h2><\/div><div class=\"fusion-clearfix\"><\/div><div class=\"content-container\">\n<p>Praim te ofrece estaciones de trabajo con las mejores caracter\u00edsticas para tu negocio:<\/p>\n<ul>\n<li><a title=\"ThinMan\" href=\"https:\/\/www.praim.com\/es\/soluciones\/software\/thinman\/\"><strong>ThinMan:<\/strong><\/a> para gestionar todas las estaciones de trabajo desde una \u00fanica ubicaci\u00f3n y garantizar el soporte m\u00e1s organizado posible.<\/li>\n<li><a title=\"Feature Packs\" href=\"https:\/\/www.praim.com\/es\/soluciones\/software\/feature-pack\/\"><strong>Feature Pack User+:<\/strong><\/a> para una autenticaci\u00f3n r\u00e1pida y segura y acceso a las estaciones de trabajo con una experiencia simplificada.<\/li>\n<li><a title=\"Feature Packs\" href=\"https:\/\/www.praim.com\/es\/soluciones\/software\/feature-pack\/\"><strong>Feature Pack Network+:<\/strong><\/a> para optimizar la organizaci\u00f3n de la infraestructura y limitar el consumo de energ\u00eda o el tr\u00e1fico de la red.<\/li>\n<li><a title=\"ThinOX4PC\" href=\"https:\/\/www.praim.com\/es\/soluciones\/software\/thinox4pc\/\"><strong>ThinOX4PC:<\/strong><\/a> para maximizar el nivel de seguridad del endpoint, sin ninguna nueva inversi\u00f3n en hardware.<\/li>\n<li><a title=\"Neutrino\" href=\"https:\/\/www.praim.com\/es\/soluciones\/thinclient\/neutrino\/\"><strong>Neutrino:<\/strong><\/a> el Thin Client de gran rendimiento, con soporte para dos monitores hasta 4K UHD, dise\u00f1o compacto y bajo consumo de energ\u00eda.<\/li>\n<li><a href=\"https:\/\/www.praim.com\/es\/soluciones\/thinclient\/flexi\/\"><strong>Flexi:<\/strong><\/a> el dispositivo que disfruta la flexibilidad de un notebook y la seguridad de un Thin Client, dise\u00f1ado para usuarios que necesitan optimizar el trabajo remoto.<\/li>\n<\/ul>\n<\/div><\/div><\/div><div class=\"fusion-clearfix\"><\/div><\/div><\/div><\/div><\/div><\/div>\n","protected":false},"excerpt":{"rendered":"","protected":false},"author":7,"featured_media":24708,"parent":7128,"menu_order":0,"comment_status":"closed","ping_status":"closed","template":"100-width.php","meta":{"_acf_changed":false,"content-type":"","footnotes":""},"class_list":["post-17135","page","type-page","status-publish","has-post-thumbnail","hentry"],"acf":[],"yoast_head":"<!-- This site is optimized with the Yoast SEO plugin v27.4 - https:\/\/yoast.com\/product\/yoast-seo-wordpress\/ -->\n<title>Soluciones hardware y software para la Administraci\u00f3n P\u00fablica | Praim<\/title>\n<meta name=\"description\" content=\"Aumenta el nivel de seguridad de tu infraestructura de TI y gestiona todos los endpoints de forma centralizada. Descubre las soluciones de Praim.\" \/>\n<meta name=\"robots\" content=\"index, follow, max-snippet:-1, max-image-preview:large, max-video-preview:-1\" \/>\n<link rel=\"canonical\" href=\"https:\/\/www.praim.com\/es\/soluciones\/administracion-publica\/\" \/>\n<meta property=\"og:locale\" content=\"es_ES\" \/>\n<meta property=\"og:type\" content=\"article\" \/>\n<meta property=\"og:title\" content=\"Soluciones hardware y software para la Administraci\u00f3n P\u00fablica | Praim\" \/>\n<meta property=\"og:description\" content=\"Aumenta el nivel de seguridad de tu infraestructura de TI y gestiona todos los endpoints de forma centralizada. Descubre las soluciones de Praim.\" \/>\n<meta property=\"og:url\" content=\"https:\/\/www.praim.com\/es\/soluciones\/administracion-publica\/\" \/>\n<meta property=\"og:site_name\" content=\"Praim\" \/>\n<meta property=\"article:modified_time\" content=\"2022-05-27T13:14:14+00:00\" \/>\n<meta property=\"og:image\" content=\"https:\/\/www.praim.com\/wp-content\/uploads\/2022\/05\/Banner-Pagina-Pubblica-Amministrazione-Praim-1920x350-1.png\" \/>\n\t<meta property=\"og:image:width\" content=\"1920\" \/>\n\t<meta property=\"og:image:height\" content=\"350\" \/>\n\t<meta property=\"og:image:type\" content=\"image\/png\" \/>\n<meta name=\"twitter:card\" content=\"summary_large_image\" \/>\n<meta name=\"twitter:label1\" content=\"Tiempo de lectura\" \/>\n\t<meta name=\"twitter:data1\" content=\"4 minutos\" \/>\n<script type=\"application\/ld+json\" class=\"yoast-schema-graph\">{\"@context\":\"https:\\\/\\\/schema.org\",\"@graph\":[{\"@type\":\"WebPage\",\"@id\":\"https:\\\/\\\/www.praim.com\\\/es\\\/soluciones\\\/administracion-publica\\\/\",\"url\":\"https:\\\/\\\/www.praim.com\\\/es\\\/soluciones\\\/administracion-publica\\\/\",\"name\":\"Soluciones hardware y software para la Administraci\u00f3n P\u00fablica | Praim\",\"isPartOf\":{\"@id\":\"https:\\\/\\\/www.praim.com\\\/es\\\/#website\"},\"primaryImageOfPage\":{\"@id\":\"https:\\\/\\\/www.praim.com\\\/es\\\/soluciones\\\/administracion-publica\\\/#primaryimage\"},\"image\":{\"@id\":\"https:\\\/\\\/www.praim.com\\\/es\\\/soluciones\\\/administracion-publica\\\/#primaryimage\"},\"thumbnailUrl\":\"https:\\\/\\\/www.praim.com\\\/wp-content\\\/uploads\\\/2022\\\/05\\\/Banner-Pagina-Pubblica-Amministrazione-Praim-1920x350-1.png\",\"datePublished\":\"2020-11-04T15:48:54+00:00\",\"dateModified\":\"2022-05-27T13:14:14+00:00\",\"description\":\"Aumenta el nivel de seguridad de tu infraestructura de TI y gestiona todos los endpoints de forma centralizada. Descubre las soluciones de Praim.\",\"breadcrumb\":{\"@id\":\"https:\\\/\\\/www.praim.com\\\/es\\\/soluciones\\\/administracion-publica\\\/#breadcrumb\"},\"inLanguage\":\"es\",\"potentialAction\":[{\"@type\":\"ReadAction\",\"target\":[\"https:\\\/\\\/www.praim.com\\\/es\\\/soluciones\\\/administracion-publica\\\/\"]}]},{\"@type\":\"ImageObject\",\"inLanguage\":\"es\",\"@id\":\"https:\\\/\\\/www.praim.com\\\/es\\\/soluciones\\\/administracion-publica\\\/#primaryimage\",\"url\":\"https:\\\/\\\/www.praim.com\\\/wp-content\\\/uploads\\\/2022\\\/05\\\/Banner-Pagina-Pubblica-Amministrazione-Praim-1920x350-1.png\",\"contentUrl\":\"https:\\\/\\\/www.praim.com\\\/wp-content\\\/uploads\\\/2022\\\/05\\\/Banner-Pagina-Pubblica-Amministrazione-Praim-1920x350-1.png\",\"width\":1920,\"height\":350,\"caption\":\"administraci\u00f3n p\u00fablica\"},{\"@type\":\"BreadcrumbList\",\"@id\":\"https:\\\/\\\/www.praim.com\\\/es\\\/soluciones\\\/administracion-publica\\\/#breadcrumb\",\"itemListElement\":[{\"@type\":\"ListItem\",\"position\":1,\"name\":\"Home\",\"item\":\"https:\\\/\\\/www.praim.com\\\/es\\\/\"},{\"@type\":\"ListItem\",\"position\":2,\"name\":\"Soluciones\",\"item\":\"https:\\\/\\\/www.praim.com\\\/es\\\/soluciones\\\/\"},{\"@type\":\"ListItem\",\"position\":3,\"name\":\"Soluciones de TI para la Administraci\u00f3n P\u00fablica\"}]},{\"@type\":\"WebSite\",\"@id\":\"https:\\\/\\\/www.praim.com\\\/es\\\/#website\",\"url\":\"https:\\\/\\\/www.praim.com\\\/es\\\/\",\"name\":\"Praim\",\"description\":\"Smart Access to your Cloud\",\"publisher\":{\"@id\":\"https:\\\/\\\/www.praim.com\\\/es\\\/#organization\"},\"potentialAction\":[{\"@type\":\"SearchAction\",\"target\":{\"@type\":\"EntryPoint\",\"urlTemplate\":\"https:\\\/\\\/www.praim.com\\\/es\\\/?s={search_term_string}\"},\"query-input\":{\"@type\":\"PropertyValueSpecification\",\"valueRequired\":true,\"valueName\":\"search_term_string\"}}],\"inLanguage\":\"es\"},{\"@type\":\"Organization\",\"@id\":\"https:\\\/\\\/www.praim.com\\\/es\\\/#organization\",\"name\":\"Praim srl\",\"url\":\"https:\\\/\\\/www.praim.com\\\/es\\\/\",\"logo\":{\"@type\":\"ImageObject\",\"inLanguage\":\"es\",\"@id\":\"https:\\\/\\\/www.praim.com\\\/es\\\/#\\\/schema\\\/logo\\\/image\\\/\",\"url\":\"https:\\\/\\\/www.praim.com\\\/wp-content\\\/uploads\\\/2019\\\/12\\\/praim-logo.png\",\"contentUrl\":\"https:\\\/\\\/www.praim.com\\\/wp-content\\\/uploads\\\/2019\\\/12\\\/praim-logo.png\",\"width\":230,\"height\":230,\"caption\":\"Praim srl\"},\"image\":{\"@id\":\"https:\\\/\\\/www.praim.com\\\/es\\\/#\\\/schema\\\/logo\\\/image\\\/\"}}]}<\/script>\n<!-- \/ Yoast SEO plugin. -->","yoast_head_json":{"title":"Soluciones hardware y software para la Administraci\u00f3n P\u00fablica | Praim","description":"Aumenta el nivel de seguridad de tu infraestructura de TI y gestiona todos los endpoints de forma centralizada. Descubre las soluciones de Praim.","robots":{"index":"index","follow":"follow","max-snippet":"max-snippet:-1","max-image-preview":"max-image-preview:large","max-video-preview":"max-video-preview:-1"},"canonical":"https:\/\/www.praim.com\/es\/soluciones\/administracion-publica\/","og_locale":"es_ES","og_type":"article","og_title":"Soluciones hardware y software para la Administraci\u00f3n P\u00fablica | Praim","og_description":"Aumenta el nivel de seguridad de tu infraestructura de TI y gestiona todos los endpoints de forma centralizada. Descubre las soluciones de Praim.","og_url":"https:\/\/www.praim.com\/es\/soluciones\/administracion-publica\/","og_site_name":"Praim","article_modified_time":"2022-05-27T13:14:14+00:00","og_image":[{"width":1920,"height":350,"url":"https:\/\/www.praim.com\/wp-content\/uploads\/2022\/05\/Banner-Pagina-Pubblica-Amministrazione-Praim-1920x350-1.png","type":"image\/png"}],"twitter_card":"summary_large_image","twitter_misc":{"Tiempo de lectura":"4 minutos"},"schema":{"@context":"https:\/\/schema.org","@graph":[{"@type":"WebPage","@id":"https:\/\/www.praim.com\/es\/soluciones\/administracion-publica\/","url":"https:\/\/www.praim.com\/es\/soluciones\/administracion-publica\/","name":"Soluciones hardware y software para la Administraci\u00f3n P\u00fablica | Praim","isPartOf":{"@id":"https:\/\/www.praim.com\/es\/#website"},"primaryImageOfPage":{"@id":"https:\/\/www.praim.com\/es\/soluciones\/administracion-publica\/#primaryimage"},"image":{"@id":"https:\/\/www.praim.com\/es\/soluciones\/administracion-publica\/#primaryimage"},"thumbnailUrl":"https:\/\/www.praim.com\/wp-content\/uploads\/2022\/05\/Banner-Pagina-Pubblica-Amministrazione-Praim-1920x350-1.png","datePublished":"2020-11-04T15:48:54+00:00","dateModified":"2022-05-27T13:14:14+00:00","description":"Aumenta el nivel de seguridad de tu infraestructura de TI y gestiona todos los endpoints de forma centralizada. Descubre las soluciones de Praim.","breadcrumb":{"@id":"https:\/\/www.praim.com\/es\/soluciones\/administracion-publica\/#breadcrumb"},"inLanguage":"es","potentialAction":[{"@type":"ReadAction","target":["https:\/\/www.praim.com\/es\/soluciones\/administracion-publica\/"]}]},{"@type":"ImageObject","inLanguage":"es","@id":"https:\/\/www.praim.com\/es\/soluciones\/administracion-publica\/#primaryimage","url":"https:\/\/www.praim.com\/wp-content\/uploads\/2022\/05\/Banner-Pagina-Pubblica-Amministrazione-Praim-1920x350-1.png","contentUrl":"https:\/\/www.praim.com\/wp-content\/uploads\/2022\/05\/Banner-Pagina-Pubblica-Amministrazione-Praim-1920x350-1.png","width":1920,"height":350,"caption":"administraci\u00f3n p\u00fablica"},{"@type":"BreadcrumbList","@id":"https:\/\/www.praim.com\/es\/soluciones\/administracion-publica\/#breadcrumb","itemListElement":[{"@type":"ListItem","position":1,"name":"Home","item":"https:\/\/www.praim.com\/es\/"},{"@type":"ListItem","position":2,"name":"Soluciones","item":"https:\/\/www.praim.com\/es\/soluciones\/"},{"@type":"ListItem","position":3,"name":"Soluciones de TI para la Administraci\u00f3n P\u00fablica"}]},{"@type":"WebSite","@id":"https:\/\/www.praim.com\/es\/#website","url":"https:\/\/www.praim.com\/es\/","name":"Praim","description":"Smart Access to your Cloud","publisher":{"@id":"https:\/\/www.praim.com\/es\/#organization"},"potentialAction":[{"@type":"SearchAction","target":{"@type":"EntryPoint","urlTemplate":"https:\/\/www.praim.com\/es\/?s={search_term_string}"},"query-input":{"@type":"PropertyValueSpecification","valueRequired":true,"valueName":"search_term_string"}}],"inLanguage":"es"},{"@type":"Organization","@id":"https:\/\/www.praim.com\/es\/#organization","name":"Praim srl","url":"https:\/\/www.praim.com\/es\/","logo":{"@type":"ImageObject","inLanguage":"es","@id":"https:\/\/www.praim.com\/es\/#\/schema\/logo\/image\/","url":"https:\/\/www.praim.com\/wp-content\/uploads\/2019\/12\/praim-logo.png","contentUrl":"https:\/\/www.praim.com\/wp-content\/uploads\/2019\/12\/praim-logo.png","width":230,"height":230,"caption":"Praim srl"},"image":{"@id":"https:\/\/www.praim.com\/es\/#\/schema\/logo\/image\/"}}]}},"_links":{"self":[{"href":"https:\/\/www.praim.com\/es\/wp-json\/wp\/v2\/pages\/17135","targetHints":{"allow":["GET"]}}],"collection":[{"href":"https:\/\/www.praim.com\/es\/wp-json\/wp\/v2\/pages"}],"about":[{"href":"https:\/\/www.praim.com\/es\/wp-json\/wp\/v2\/types\/page"}],"author":[{"embeddable":true,"href":"https:\/\/www.praim.com\/es\/wp-json\/wp\/v2\/users\/7"}],"replies":[{"embeddable":true,"href":"https:\/\/www.praim.com\/es\/wp-json\/wp\/v2\/comments?post=17135"}],"version-history":[{"count":0,"href":"https:\/\/www.praim.com\/es\/wp-json\/wp\/v2\/pages\/17135\/revisions"}],"up":[{"embeddable":true,"href":"https:\/\/www.praim.com\/es\/wp-json\/wp\/v2\/pages\/7128"}],"wp:featuredmedia":[{"embeddable":true,"href":"https:\/\/www.praim.com\/es\/wp-json\/wp\/v2\/media\/24708"}],"wp:attachment":[{"href":"https:\/\/www.praim.com\/es\/wp-json\/wp\/v2\/media?parent=17135"}],"curies":[{"name":"wp","href":"https:\/\/api.w.org\/{rel}","templated":true}]}}