{"id":17307,"date":"2020-11-04T17:01:03","date_gmt":"2020-11-04T16:01:03","guid":{"rendered":"https:\/\/www.praim.com\/?page_id=17307"},"modified":"2022-05-27T17:55:45","modified_gmt":"2022-05-27T15:55:45","slug":"follow-me-desktop","status":"publish","type":"page","link":"https:\/\/www.praim.com\/es\/soluciones\/follow-me-desktop\/","title":{"rendered":"Follow Me Desktop: acceso remoto seguro a tu escritorio personal"},"content":{"rendered":"<div class=\"fusion-fullwidth fullwidth-box fusion-builder-row-1 fusion-flex-container hundred-percent-fullwidth non-hundred-percent-height-scrolling\" style=\"--awb-border-radius-top-left:0px;--awb-border-radius-top-right:0px;--awb-border-radius-bottom-right:0px;--awb-border-radius-bottom-left:0px;--awb-padding-top:20px;--awb-padding-right:0px;--awb-padding-bottom:20px;--awb-padding-left:0px;--awb-margin-bottom:20px;--awb-flex-wrap:wrap;\" ><div class=\"fusion-builder-row fusion-row fusion-flex-align-items-flex-start fusion-flex-content-wrap\" style=\"width:104% !important;max-width:104% !important;margin-left: calc(-4% \/ 2 );margin-right: calc(-4% \/ 2 );\"><div class=\"fusion-layout-column fusion_builder_column fusion-builder-column-0 fusion_builder_column_1_1 1_1 fusion-flex-column\" style=\"--awb-bg-size:cover;--awb-width-large:100%;--awb-margin-top-large:0px;--awb-spacing-right-large:1.92%;--awb-margin-bottom-large:0px;--awb-spacing-left-large:1.92%;--awb-width-medium:100%;--awb-spacing-right-medium:1.92%;--awb-spacing-left-medium:1.92%;--awb-width-small:100%;--awb-spacing-right-small:1.92%;--awb-spacing-left-small:1.92%;\"><div class=\"fusion-column-wrapper fusion-flex-justify-content-flex-start fusion-content-layout-column\"><div class=\"fusion-content-boxes content-boxes columns row fusion-columns-2 fusion-columns-total-2 fusion-content-boxes-1 content-boxes-icon-with-title content-left\" style=\"--awb-backgroundcolor:#f8fafc;--awb-body-color:#000000;--awb-title-color:#41a1d0;--awb-margin-bottom:0px;--awb-hover-accent-color:#a0ce4e;--awb-circle-hover-accent-color:#a0ce4e;\" data-animationOffset=\"top-into-view\"><div style=\"--awb-backgroundcolor:#f8fafc;\" class=\"fusion-column content-box-column content-box-column content-box-column-1 col-lg-6 col-md-6 col-sm-6 fusion-content-box-hover content-box-column-first-in-row\"><div class=\"col content-box-wrapper content-wrapper-background link-area-link-icon icon-hover-animation-fade\" data-animationOffset=\"top-into-view\"><div class=\"fusion-clearfix\"><\/div><div class=\"content-container\">\n<p><img decoding=\"async\" class=\"lazyload alignnone size-full wp-image-17402\" src=\"https:\/\/www.praim.com\/wp-content\/uploads\/2020\/10\/follow-me-desktop.jpg\" data-orig-src=\"https:\/\/www.praim.com\/wp-content\/uploads\/2020\/10\/follow-me-desktop.jpg\" alt=\"follow me desktop\" width=\"600\" height=\"600\" srcset=\"data:image\/svg+xml,%3Csvg%20xmlns%3D%27http%3A%2F%2Fwww.w3.org%2F2000%2Fsvg%27%20width%3D%27600%27%20height%3D%27600%27%20viewBox%3D%270%200%20600%20600%27%3E%3Crect%20width%3D%27600%27%20height%3D%27600%27%20fill-opacity%3D%220%22%2F%3E%3C%2Fsvg%3E\" data-srcset=\"https:\/\/www.praim.com\/wp-content\/uploads\/2020\/10\/follow-me-desktop-66x66.jpg 66w, https:\/\/www.praim.com\/wp-content\/uploads\/2020\/10\/follow-me-desktop-80x80.jpg 80w, https:\/\/www.praim.com\/wp-content\/uploads\/2020\/10\/follow-me-desktop-200x200.jpg 200w, https:\/\/www.praim.com\/wp-content\/uploads\/2020\/10\/follow-me-desktop-300x300.jpg 300w, https:\/\/www.praim.com\/wp-content\/uploads\/2020\/10\/follow-me-desktop-400x400.jpg 400w, https:\/\/www.praim.com\/wp-content\/uploads\/2020\/10\/follow-me-desktop.jpg 600w\" data-sizes=\"auto\" data-orig-sizes=\"(max-width: 600px) 100vw, 600px\" \/><\/p>\n<\/div><\/div><\/div><div style=\"--awb-backgroundcolor:#f8fafc;\" class=\"fusion-column content-box-column content-box-column content-box-column-2 col-lg-6 col-md-6 col-sm-6 fusion-content-box-hover content-box-column-last content-box-column-last-in-row\"><div class=\"col content-box-wrapper content-wrapper-background link-area-link-icon icon-hover-animation-fade\" data-animationOffset=\"top-into-view\"><div class=\"heading heading-with-icon icon-left\"><div aria-hidden=\"true\" class=\"image\"><img decoding=\"async\" class=\"lazyload\" src=\"data:image\/svg+xml,%3Csvg%20xmlns%3D%27http%3A%2F%2Fwww.w3.org%2F2000%2Fsvg%27%20width%3D%27150%27%20height%3D%27150%27%20viewBox%3D%270%200%20150%20150%27%3E%3Crect%20width%3D%27150%27%20height%3D%27150%27%20fill-opacity%3D%220%22%2F%3E%3C%2Fsvg%3E\" data-orig-src=\"https:\/\/www.praim.com\/wp-content\/uploads\/2021\/04\/Icona-Soluzioni-lampadina-Praim-e1617977430948.png\" width=\"150\" height=\"150\" alt=\"\" \/><\/div><h2 class=\"content-box-heading fusion-responsive-typography-calculated\" style=\"--h2_typography-font-size:24px;--fontSize:24;line-height:var(--awb-typography2-line-height);\">Nuestras soluciones<\/h2><\/div><div class=\"fusion-clearfix\"><\/div><div class=\"content-container\">\n<p>Praim ofrece soluciones sencillas que permiten tanto fortalecer la seguridad de acceso como facilitar y personalizar la experiencia del usuario:<\/p>\n<ul>\n<li><a title=\"ThinMan\" href=\"https:\/\/www.praim.com\/es\/soluciones\/software\/thinman\/\"><strong>ThinMan:<\/strong><\/a> es la consola centralizada que te permite definir y administrar el acceso a los recursos virtuales corporativos desde una \u00fanica ubicaci\u00f3n a trav\u00e9s de las distintas estaciones de trabajo personales o compartidas.<\/li>\n<li><a title=\"Feature Packs\" href=\"https:\/\/www.praim.com\/es\/soluciones\/software\/feature-pack\/\"><strong>Feature Pack User+:<\/strong><\/a> aumenta el potencial de tu ThinMan conectandote a tu Active Directory corporativo y permitiendo la definici\u00f3n de pol\u00edticas personales para cada empleado, grupo o departamento. Mediante la funci\u00f3n Smart Identity es posible gestionar el acceso a las estaciones de trabajo tambi\u00e9n mediante el uso de tarjetas de empresa y sistemas de autenticaci\u00f3n de dos factores.<\/li>\n<li><a href=\"https:\/\/www.praim.com\/es\/soluciones\/software\/managed-software-endpoints\/\"><strong>ThinOX4PC<\/strong> &#8211; <strong>Agile<\/strong><strong>:<\/strong><\/a> te permiten ofrecer acceso a su escritorio virtual, integrarse con el Feature Pack User+, facilitando la experiencia del usuario con autenticaci\u00f3n de tarjeta r\u00e1pida o fortaleciendo la seguridad mediante autenticaci\u00f3n de dos factores, finalmente tambi\u00e9n soportan sistemas de autenticaci\u00f3n de terceros y sistemas de autenticaci\u00f3n t\u00edpicos de los entornos m\u00e1s desafiantes (sanitario, financiero o industrial).<\/li>\n<\/ul>\n<\/div><\/div><\/div><div class=\"fusion-clearfix\"><\/div><\/div><\/div><\/div><\/div><\/div>\n","protected":false},"excerpt":{"rendered":"","protected":false},"author":7,"featured_media":24723,"parent":7128,"menu_order":0,"comment_status":"closed","ping_status":"closed","template":"100-width.php","meta":{"_acf_changed":false,"content-type":"","footnotes":""},"class_list":["post-17307","page","type-page","status-publish","has-post-thumbnail","hentry"],"acf":[],"yoast_head":"<!-- This site is optimized with the Yoast SEO plugin v27.3 - https:\/\/yoast.com\/product\/yoast-seo-wordpress\/ -->\n<title>Acceso seguro al escritorio personal: Follow Me Desktop | Praim<\/title>\n<meta name=\"description\" content=\"Praim ofrece soluciones de acceso al escritorio personal desde cualquier lugar y de forma segura. Descubre la facilidad de instalaci\u00f3n de los productos Praim.\" \/>\n<meta name=\"robots\" content=\"index, follow, max-snippet:-1, max-image-preview:large, max-video-preview:-1\" \/>\n<link rel=\"canonical\" href=\"https:\/\/www.praim.com\/es\/soluciones\/follow-me-desktop\/\" \/>\n<meta property=\"og:locale\" content=\"es_ES\" \/>\n<meta property=\"og:type\" content=\"article\" \/>\n<meta property=\"og:title\" content=\"Acceso seguro al escritorio personal: Follow Me Desktop | Praim\" \/>\n<meta property=\"og:description\" content=\"Praim ofrece soluciones de acceso al escritorio personal desde cualquier lugar y de forma segura. Descubre la facilidad de instalaci\u00f3n de los productos Praim.\" \/>\n<meta property=\"og:url\" content=\"https:\/\/www.praim.com\/es\/soluciones\/follow-me-desktop\/\" \/>\n<meta property=\"og:site_name\" content=\"Praim\" \/>\n<meta property=\"article:modified_time\" content=\"2022-05-27T15:55:45+00:00\" \/>\n<meta property=\"og:image\" content=\"https:\/\/www.praim.com\/wp-content\/uploads\/2022\/05\/Banner-Pagina-Follow-me-Desktop-Praim-1920x350-1.jpg\" \/>\n\t<meta property=\"og:image:width\" content=\"1920\" \/>\n\t<meta property=\"og:image:height\" content=\"350\" \/>\n\t<meta property=\"og:image:type\" content=\"image\/jpeg\" \/>\n<meta name=\"twitter:card\" content=\"summary_large_image\" \/>\n<meta name=\"twitter:label1\" content=\"Tiempo de lectura\" \/>\n\t<meta name=\"twitter:data1\" content=\"6 minutos\" \/>\n<script type=\"application\/ld+json\" class=\"yoast-schema-graph\">{\"@context\":\"https:\\\/\\\/schema.org\",\"@graph\":[{\"@type\":\"WebPage\",\"@id\":\"https:\\\/\\\/www.praim.com\\\/es\\\/soluciones\\\/follow-me-desktop\\\/\",\"url\":\"https:\\\/\\\/www.praim.com\\\/es\\\/soluciones\\\/follow-me-desktop\\\/\",\"name\":\"Acceso seguro al escritorio personal: Follow Me Desktop | Praim\",\"isPartOf\":{\"@id\":\"https:\\\/\\\/www.praim.com\\\/es\\\/#website\"},\"primaryImageOfPage\":{\"@id\":\"https:\\\/\\\/www.praim.com\\\/es\\\/soluciones\\\/follow-me-desktop\\\/#primaryimage\"},\"image\":{\"@id\":\"https:\\\/\\\/www.praim.com\\\/es\\\/soluciones\\\/follow-me-desktop\\\/#primaryimage\"},\"thumbnailUrl\":\"https:\\\/\\\/www.praim.com\\\/wp-content\\\/uploads\\\/2022\\\/05\\\/Banner-Pagina-Follow-me-Desktop-Praim-1920x350-1.jpg\",\"datePublished\":\"2020-11-04T16:01:03+00:00\",\"dateModified\":\"2022-05-27T15:55:45+00:00\",\"description\":\"Praim ofrece soluciones de acceso al escritorio personal desde cualquier lugar y de forma segura. Descubre la facilidad de instalaci\u00f3n de los productos Praim.\",\"breadcrumb\":{\"@id\":\"https:\\\/\\\/www.praim.com\\\/es\\\/soluciones\\\/follow-me-desktop\\\/#breadcrumb\"},\"inLanguage\":\"es\",\"potentialAction\":[{\"@type\":\"ReadAction\",\"target\":[\"https:\\\/\\\/www.praim.com\\\/es\\\/soluciones\\\/follow-me-desktop\\\/\"]}]},{\"@type\":\"ImageObject\",\"inLanguage\":\"es\",\"@id\":\"https:\\\/\\\/www.praim.com\\\/es\\\/soluciones\\\/follow-me-desktop\\\/#primaryimage\",\"url\":\"https:\\\/\\\/www.praim.com\\\/wp-content\\\/uploads\\\/2022\\\/05\\\/Banner-Pagina-Follow-me-Desktop-Praim-1920x350-1.jpg\",\"contentUrl\":\"https:\\\/\\\/www.praim.com\\\/wp-content\\\/uploads\\\/2022\\\/05\\\/Banner-Pagina-Follow-me-Desktop-Praim-1920x350-1.jpg\",\"width\":1920,\"height\":350,\"caption\":\"follow me desktop\"},{\"@type\":\"BreadcrumbList\",\"@id\":\"https:\\\/\\\/www.praim.com\\\/es\\\/soluciones\\\/follow-me-desktop\\\/#breadcrumb\",\"itemListElement\":[{\"@type\":\"ListItem\",\"position\":1,\"name\":\"Home\",\"item\":\"https:\\\/\\\/www.praim.com\\\/es\\\/\"},{\"@type\":\"ListItem\",\"position\":2,\"name\":\"Soluciones\",\"item\":\"https:\\\/\\\/www.praim.com\\\/es\\\/soluciones\\\/\"},{\"@type\":\"ListItem\",\"position\":3,\"name\":\"Follow Me Desktop: acceso remoto seguro a tu escritorio personal\"}]},{\"@type\":\"WebSite\",\"@id\":\"https:\\\/\\\/www.praim.com\\\/es\\\/#website\",\"url\":\"https:\\\/\\\/www.praim.com\\\/es\\\/\",\"name\":\"Praim\",\"description\":\"Smart Access to your Cloud\",\"publisher\":{\"@id\":\"https:\\\/\\\/www.praim.com\\\/es\\\/#organization\"},\"potentialAction\":[{\"@type\":\"SearchAction\",\"target\":{\"@type\":\"EntryPoint\",\"urlTemplate\":\"https:\\\/\\\/www.praim.com\\\/es\\\/?s={search_term_string}\"},\"query-input\":{\"@type\":\"PropertyValueSpecification\",\"valueRequired\":true,\"valueName\":\"search_term_string\"}}],\"inLanguage\":\"es\"},{\"@type\":\"Organization\",\"@id\":\"https:\\\/\\\/www.praim.com\\\/es\\\/#organization\",\"name\":\"Praim srl\",\"url\":\"https:\\\/\\\/www.praim.com\\\/es\\\/\",\"logo\":{\"@type\":\"ImageObject\",\"inLanguage\":\"es\",\"@id\":\"https:\\\/\\\/www.praim.com\\\/es\\\/#\\\/schema\\\/logo\\\/image\\\/\",\"url\":\"https:\\\/\\\/www.praim.com\\\/wp-content\\\/uploads\\\/2019\\\/12\\\/praim-logo.png\",\"contentUrl\":\"https:\\\/\\\/www.praim.com\\\/wp-content\\\/uploads\\\/2019\\\/12\\\/praim-logo.png\",\"width\":230,\"height\":230,\"caption\":\"Praim srl\"},\"image\":{\"@id\":\"https:\\\/\\\/www.praim.com\\\/es\\\/#\\\/schema\\\/logo\\\/image\\\/\"}}]}<\/script>\n<!-- \/ Yoast SEO plugin. -->","yoast_head_json":{"title":"Acceso seguro al escritorio personal: Follow Me Desktop | Praim","description":"Praim ofrece soluciones de acceso al escritorio personal desde cualquier lugar y de forma segura. Descubre la facilidad de instalaci\u00f3n de los productos Praim.","robots":{"index":"index","follow":"follow","max-snippet":"max-snippet:-1","max-image-preview":"max-image-preview:large","max-video-preview":"max-video-preview:-1"},"canonical":"https:\/\/www.praim.com\/es\/soluciones\/follow-me-desktop\/","og_locale":"es_ES","og_type":"article","og_title":"Acceso seguro al escritorio personal: Follow Me Desktop | Praim","og_description":"Praim ofrece soluciones de acceso al escritorio personal desde cualquier lugar y de forma segura. Descubre la facilidad de instalaci\u00f3n de los productos Praim.","og_url":"https:\/\/www.praim.com\/es\/soluciones\/follow-me-desktop\/","og_site_name":"Praim","article_modified_time":"2022-05-27T15:55:45+00:00","og_image":[{"width":1920,"height":350,"url":"https:\/\/www.praim.com\/wp-content\/uploads\/2022\/05\/Banner-Pagina-Follow-me-Desktop-Praim-1920x350-1.jpg","type":"image\/jpeg"}],"twitter_card":"summary_large_image","twitter_misc":{"Tiempo de lectura":"6 minutos"},"schema":{"@context":"https:\/\/schema.org","@graph":[{"@type":"WebPage","@id":"https:\/\/www.praim.com\/es\/soluciones\/follow-me-desktop\/","url":"https:\/\/www.praim.com\/es\/soluciones\/follow-me-desktop\/","name":"Acceso seguro al escritorio personal: Follow Me Desktop | Praim","isPartOf":{"@id":"https:\/\/www.praim.com\/es\/#website"},"primaryImageOfPage":{"@id":"https:\/\/www.praim.com\/es\/soluciones\/follow-me-desktop\/#primaryimage"},"image":{"@id":"https:\/\/www.praim.com\/es\/soluciones\/follow-me-desktop\/#primaryimage"},"thumbnailUrl":"https:\/\/www.praim.com\/wp-content\/uploads\/2022\/05\/Banner-Pagina-Follow-me-Desktop-Praim-1920x350-1.jpg","datePublished":"2020-11-04T16:01:03+00:00","dateModified":"2022-05-27T15:55:45+00:00","description":"Praim ofrece soluciones de acceso al escritorio personal desde cualquier lugar y de forma segura. Descubre la facilidad de instalaci\u00f3n de los productos Praim.","breadcrumb":{"@id":"https:\/\/www.praim.com\/es\/soluciones\/follow-me-desktop\/#breadcrumb"},"inLanguage":"es","potentialAction":[{"@type":"ReadAction","target":["https:\/\/www.praim.com\/es\/soluciones\/follow-me-desktop\/"]}]},{"@type":"ImageObject","inLanguage":"es","@id":"https:\/\/www.praim.com\/es\/soluciones\/follow-me-desktop\/#primaryimage","url":"https:\/\/www.praim.com\/wp-content\/uploads\/2022\/05\/Banner-Pagina-Follow-me-Desktop-Praim-1920x350-1.jpg","contentUrl":"https:\/\/www.praim.com\/wp-content\/uploads\/2022\/05\/Banner-Pagina-Follow-me-Desktop-Praim-1920x350-1.jpg","width":1920,"height":350,"caption":"follow me desktop"},{"@type":"BreadcrumbList","@id":"https:\/\/www.praim.com\/es\/soluciones\/follow-me-desktop\/#breadcrumb","itemListElement":[{"@type":"ListItem","position":1,"name":"Home","item":"https:\/\/www.praim.com\/es\/"},{"@type":"ListItem","position":2,"name":"Soluciones","item":"https:\/\/www.praim.com\/es\/soluciones\/"},{"@type":"ListItem","position":3,"name":"Follow Me Desktop: acceso remoto seguro a tu escritorio personal"}]},{"@type":"WebSite","@id":"https:\/\/www.praim.com\/es\/#website","url":"https:\/\/www.praim.com\/es\/","name":"Praim","description":"Smart Access to your Cloud","publisher":{"@id":"https:\/\/www.praim.com\/es\/#organization"},"potentialAction":[{"@type":"SearchAction","target":{"@type":"EntryPoint","urlTemplate":"https:\/\/www.praim.com\/es\/?s={search_term_string}"},"query-input":{"@type":"PropertyValueSpecification","valueRequired":true,"valueName":"search_term_string"}}],"inLanguage":"es"},{"@type":"Organization","@id":"https:\/\/www.praim.com\/es\/#organization","name":"Praim srl","url":"https:\/\/www.praim.com\/es\/","logo":{"@type":"ImageObject","inLanguage":"es","@id":"https:\/\/www.praim.com\/es\/#\/schema\/logo\/image\/","url":"https:\/\/www.praim.com\/wp-content\/uploads\/2019\/12\/praim-logo.png","contentUrl":"https:\/\/www.praim.com\/wp-content\/uploads\/2019\/12\/praim-logo.png","width":230,"height":230,"caption":"Praim srl"},"image":{"@id":"https:\/\/www.praim.com\/es\/#\/schema\/logo\/image\/"}}]}},"_links":{"self":[{"href":"https:\/\/www.praim.com\/es\/wp-json\/wp\/v2\/pages\/17307","targetHints":{"allow":["GET"]}}],"collection":[{"href":"https:\/\/www.praim.com\/es\/wp-json\/wp\/v2\/pages"}],"about":[{"href":"https:\/\/www.praim.com\/es\/wp-json\/wp\/v2\/types\/page"}],"author":[{"embeddable":true,"href":"https:\/\/www.praim.com\/es\/wp-json\/wp\/v2\/users\/7"}],"replies":[{"embeddable":true,"href":"https:\/\/www.praim.com\/es\/wp-json\/wp\/v2\/comments?post=17307"}],"version-history":[{"count":16,"href":"https:\/\/www.praim.com\/es\/wp-json\/wp\/v2\/pages\/17307\/revisions"}],"predecessor-version":[{"id":25489,"href":"https:\/\/www.praim.com\/es\/wp-json\/wp\/v2\/pages\/17307\/revisions\/25489"}],"up":[{"embeddable":true,"href":"https:\/\/www.praim.com\/es\/wp-json\/wp\/v2\/pages\/7128"}],"wp:featuredmedia":[{"embeddable":true,"href":"https:\/\/www.praim.com\/es\/wp-json\/wp\/v2\/media\/24723"}],"wp:attachment":[{"href":"https:\/\/www.praim.com\/es\/wp-json\/wp\/v2\/media?parent=17307"}],"curies":[{"name":"wp","href":"https:\/\/api.w.org\/{rel}","templated":true}]}}