{"id":28999,"date":"2023-11-30T15:50:56","date_gmt":"2023-11-30T14:50:56","guid":{"rendered":"https:\/\/www.praim.com\/?page_id=28999"},"modified":"2026-02-04T09:36:00","modified_gmt":"2026-02-04T08:36:00","slug":"terminos-y-condiciones-de-venta","status":"publish","type":"page","link":"https:\/\/www.praim.com\/es\/terminos-y-condiciones-de-venta\/","title":{"rendered":"T\u00e9rminos y Condiciones de Venta"},"content":{"rendered":"<div class=\"fusion-fullwidth fullwidth-box fusion-builder-row-1 fusion-flex-container hundred-percent-fullwidth non-hundred-percent-height-scrolling\" style=\"--awb-border-radius-top-left:0px;--awb-border-radius-top-right:0px;--awb-border-radius-bottom-right:0px;--awb-border-radius-bottom-left:0px;--awb-padding-top:10px;--awb-padding-right:0px;--awb-padding-bottom:0px;--awb-padding-left:0px;--awb-margin-bottom:0px;--awb-flex-wrap:wrap;\" ><div class=\"fusion-builder-row fusion-row fusion-flex-align-items-flex-start fusion-flex-content-wrap\" style=\"width:104% !important;max-width:104% !important;margin-left: calc(-4% \/ 2 );margin-right: calc(-4% \/ 2 );\"><div class=\"fusion-layout-column fusion_builder_column fusion-builder-column-0 fusion_builder_column_1_1 1_1 fusion-flex-column\" style=\"--awb-bg-size:cover;--awb-width-large:100%;--awb-margin-top-large:0px;--awb-spacing-right-large:1.92%;--awb-margin-bottom-large:0px;--awb-spacing-left-large:1.92%;--awb-width-medium:100%;--awb-spacing-right-medium:1.92%;--awb-spacing-left-medium:1.92%;--awb-width-small:100%;--awb-spacing-right-small:1.92%;--awb-spacing-left-small:1.92%;\"><div class=\"fusion-column-wrapper fusion-flex-justify-content-flex-start fusion-content-layout-column\"><div class=\"fusion-text fusion-text-1\"><p>Estos t\u00e9rminos y condiciones (\u201cT\u00e9rminos\u201d) se aplican a todos los Productos y Software de o en nombre del cliente (\u201cCliente\u201d) directamente de Profexional Srl, que opera con la marca Praim, denominada en adelante \u201cPraim\u201d, \u00fanicamente para uso interno y con exclusi\u00f3n de todos los dem\u00e1s t\u00e9rminos y condiciones.<\/p>\n<p>Los presentes T\u00e9rminos, junto con los documentos de cotizaci\u00f3n de Praim, forman un contrato legalmente vinculante entre el Cliente y Praim para la compra de productos, software y servicios.<\/p>\n<p><strong>1. Precios y pago<\/strong><br \/>\n1.1. Cada presupuesto emitido por Praim ser\u00e1 v\u00e1lido por 20 d\u00edas a menos que se indique lo contrario en el presupuesto.<br \/>\n1.2. Los precios de los Productos, Software y Servicios se indicar\u00e1n en los documentos de presupesto emitidos por Praim. Cuando las entregas se realizan en etapas, es posible que Praim deba ajustar los precios por causa de variaciones en el cambio, impuestos, tarifas, costes de transporte y de compra, a menos que se acuerde lo contrario. Los presupuestos proporcionados por Praim est\u00e1n exentos de IVA, gastos de transporte y gastos de seguro a menos que se indique expresamente en el presupuesto. Estos costes se cargan al Cliente adem\u00e1s de los precios indicados y pueden aparecer como art\u00edculos separados en los documentos del pedido.<br \/>\n1.3. Praim debe recibir el pago de los Productos, Software o Servicios dentro del per\u00edodo de tiempo acordado e indicado en los documentos de presupuesto o, si no se indica, dentro de los 30 d\u00edas a partir de la fecha de la factura.<br \/>\n1.4. Las condiciones de pago del Cliente est\u00e1n sujetas al control financiero de Praim. Praim tiene derecho a cobrar intereses sobre los importes vencidos a una tasa del 3% hasta que se complete el pago. Si una suma debida por el Cliente a Praim no se paga antes de la fecha de vencimiento, Praim tendr\u00e1 derecho a cancelar o suspender la ejecuci\u00f3n del Acuerdo hasta que se hayan establecido acuerdos de pago o cr\u00e9dito satisfactorios para Praim.<\/p>\n<p><strong>2. Productos y env\u00edos<\/strong><br \/>\n2.1. Praim no ser\u00e1 responsable de ninguna p\u00e9rdida (incluida la p\u00e9rdida de beneficios), costes, da\u00f1os, cargos o gastos causados directa o indirectamente por retrasos en la entrega de los Productos (incluso si son causados por negligencia de Praim).<br \/>\n2.2. La entrega de los Productos adquiridos por el Cliente se realizar\u00e1 CIP (de acuerdo con las reglas Incoterms 2020) en el lugar indicado por el Cliente. Praim tendr\u00e1 derecho a realizar env\u00edos parciales seg\u00fan lo acordado y cada pago se considerar\u00e1 una venta separada y por lo tanto el pago se realizar\u00e1 de acuerdo con las condiciones de env\u00edo.<br \/>\n2.3. Si por alguna raz\u00f3n el Cliente no acepta la entrega de uno o m\u00e1s Productos listos para su env\u00edo o Praim no puede enviar los Productos a tiempo debido a la falta de instrucciones, documentos, licencias o autorizaciones no proporcionadas por el Cliente, los productos ser\u00e1n considerados entregados y el riesgo (incluido el de p\u00e9rdida o da\u00f1o causado por negligencia de Praim) pasar\u00e1 al Cliente, Praim puede conservar los Productos hasta la entrega real y el Cliente ser\u00e1 responsable de todos los costes relacionados (incluidos el almacenamiento y seguro).<\/p>\n<p><strong>3. Garant\u00eda<\/strong><br \/>\n3.1. Praim ofrece una garant\u00eda limitada como se indica en los t\u00e9rminos de la garant\u00eda del producto a partir de la fecha de compra. El servicio de garant\u00eda est\u00e1 sujeto a la presentaci\u00f3n por parte del comprador del comprobante de compra. Los bienes o piezas reemplazados o reparados bajo garant\u00eda est\u00e1n garantizados s\u00f3lo por la parte restante no vencida del per\u00edodo de garant\u00eda original. Esta garant\u00eda se proporciona \u00fanicamente al usuario real y no es transferible.<br \/>\n3.2. Con referencia a los software, Praim no garantiza que las funciones contenidas en el producto cumplan con todos los requisitos de los usuarios o que el funcionamiento del producto sea ininterrumpido o libre de errores.<br \/>\n3.3. La \u00fanica responsabilidad y el \u00daNICO Y EXCLUSIVO RECURSO de Praim ser\u00e1 la reparaci\u00f3n o reemplazo de cualquier producto defectuoso. Estos recursos son aplicables s\u00f3lo en el caso de que el examen hecho por Praim de estos productos revele que tales defectos existen realmente y que los productos no han sido (1) modificados o alterados; (2) sujetos a un uso indebido, negligencia o accidente; (3) conectados, instalados, usados o regulados de manera diferente a las instrucciones proporcionadas por Praim.<br \/>\n3.4. Todos los productos considerados defectuosos deben devolverse al lugar de reparaci\u00f3n designado solo despu\u00e9s de la autorizaci\u00f3n de Praim con los costes de transporte pagados con antelaci\u00f3n y cargados al cliente. Praim pagar\u00e1 el transporte de los bienes reparados o reemplazados devueltos al cliente, siempre que los bienes devueltos se encuentren defectuosos bajo la garant\u00eda anterior. Si los art\u00edculos no est\u00e1n defectuosos, ser\u00e1n devueltos a cargo del cliente y con la aplicaci\u00f3n de los costes de examen y prueba por parte de Praim.<\/p>\n<p><strong>4. Responsabilidad<\/strong><br \/>\n4.1. Ninguna de las partes excluye o limita la responsabilidad ante la otra parte por (1) muerte o lesiones resultantes de negligencia; (2) fraude; (3) declaraci\u00f3n falsa; (4) cualquier otra responsabilidad que no pueda excluirse por ley.<br \/>\n4.2. Ninguna de las partes ser\u00e1 responsable de:<br \/>\n4.2.1. P\u00e9rdidas o da\u00f1os especiales, indirectos o consecuentes;<br \/>\n4.2.2. P\u00e9rdida de beneficios, ingresos o ganancias;<br \/>\n4.2.3. P\u00e9rdida de uso de los sistemas o redes del Cliente;<br \/>\n4.2.4. P\u00e9rdida de reputaci\u00f3n;<br \/>\n4.2.5. P\u00e9rdida, corrupci\u00f3n o da\u00f1o de datos o software;<br \/>\n4.2.6. Recuperaci\u00f3n de datos o programas.<\/p>\n<p><strong>5. Conclusi\u00f3n<\/strong><br \/>\n5.1. Cada parte puede retirarse de este Acuerdo mediante notificaci\u00f3n por escrito a la otra parte:<br \/>\n5.1.1. comete un incumplimiento material del Acuerdo y no subsana dicho incumplimiento dentro de los 30 d\u00edas posteriores a la notificaci\u00f3n por escrito; o<br \/>\n5.1.2. cesa o amenaza con cesar, realizar negocios o declararse insolvente.<br \/>\n5.2. Praim puede retirarse de este Acuerdo con notificaci\u00f3n inmediata por escrito si el Cliente:<br \/>\n5.2.1. no paga correctamente las sumas debidas a Praim de conformidad con el Acuerdo;<br \/>\n5.2.2. viola, o Praim sospecha razonablemente que el Cliente ha violado, las leyes de control de exportaciones;<br \/>\n5.2.3. viola todas las obligaciones, garant\u00edas e indemnizaciones establecidas en el Acuerdo.<br \/>\n5.3. Despues de la terminaci\u00f3n de este Acuerdo, todos los derechos y obligaciones de las partes relacionados con los Productos y\/o Software relativos a los Documentos de presupuesto Espec\u00edficos bajo el Acuerdo, terminar\u00e1n autom\u00e1ticamente, excepto por los derechos sobre acciones acumulados antes de su terminaci\u00f3n.<\/p>\n<p><strong>6. Prestaci\u00f3n<\/strong><br \/>\nNinguna de las partes ser\u00e1 responsable ante la otra por el incumplimiento de cualquiera de sus obligaciones (excepto las obligaciones de pago) en virtud de este Acuerdo durante cualquier per\u00edodo en el que dicho cumplimiento se retrase debido a circunstancias m\u00e1s all\u00e1 de lo razonable control de cualquiera de las partes, incluidos incendios, inundaciones, guerras, embargos, huelgas, revueltas o la intervenci\u00f3n de cualquier autoridad gubernamental (\u00abEvento de fuerza mayor\u00bb) siempre que la \u00faltima parte proporcione a la otra parte notificaci\u00f3n por escrito oportuna de dicho evento. El retraso en la ejecuci\u00f3n de la parte deber\u00e1 estar justificada mientras dure el evento de fuerza mayor; en el caso de que el evento de fuerza mayor dure m\u00e1s de 30 d\u00edas, la otra parte puede retirarse inmediatamente, en su totalidad o en parte, de este Acuerdo notificando a la parte tard\u00eda por escrito.<\/p>\n<\/div><\/div><\/div><\/div><\/div>\n","protected":false},"excerpt":{"rendered":"","protected":false},"author":7,"featured_media":29002,"parent":0,"menu_order":0,"comment_status":"closed","ping_status":"closed","template":"100-width.php","meta":{"_acf_changed":false,"content-type":"","footnotes":""},"class_list":["post-28999","page","type-page","status-publish","has-post-thumbnail","hentry"],"acf":[],"yoast_head":"<!-- This site is optimized with the Yoast SEO plugin v27.4 - https:\/\/yoast.com\/product\/yoast-seo-wordpress\/ -->\n<title>T\u00e9rminos y Condiciones de Venta &#8211; Praim<\/title>\n<meta name=\"robots\" content=\"noindex, nofollow\" \/>\n<meta property=\"og:locale\" content=\"es_ES\" \/>\n<meta property=\"og:type\" content=\"article\" \/>\n<meta property=\"og:title\" content=\"T\u00e9rminos y Condiciones de Venta &#8211; Praim\" \/>\n<meta property=\"og:url\" content=\"https:\/\/www.praim.com\/es\/terminos-y-condiciones-de-venta\/\" \/>\n<meta property=\"og:site_name\" content=\"Praim\" \/>\n<meta property=\"article:modified_time\" content=\"2026-02-04T08:36:00+00:00\" \/>\n<meta property=\"og:image\" content=\"https:\/\/www.praim.com\/wp-content\/uploads\/2023\/11\/Banner-Pagina-General-conditions-of-sale-1920x350-Praim.jpg\" \/>\n\t<meta property=\"og:image:width\" content=\"1920\" \/>\n\t<meta property=\"og:image:height\" content=\"350\" \/>\n\t<meta property=\"og:image:type\" content=\"image\/jpeg\" \/>\n<meta name=\"twitter:card\" content=\"summary_large_image\" \/>\n<meta name=\"twitter:label1\" content=\"Tiempo de lectura\" \/>\n\t<meta name=\"twitter:data1\" content=\"6 minutos\" \/>\n<script type=\"application\/ld+json\" class=\"yoast-schema-graph\">{\"@context\":\"https:\\\/\\\/schema.org\",\"@graph\":[{\"@type\":\"WebPage\",\"@id\":\"https:\\\/\\\/www.praim.com\\\/es\\\/terminos-y-condiciones-de-venta\\\/\",\"url\":\"https:\\\/\\\/www.praim.com\\\/es\\\/terminos-y-condiciones-de-venta\\\/\",\"name\":\"T\u00e9rminos y Condiciones de Venta &#8211; Praim\",\"isPartOf\":{\"@id\":\"https:\\\/\\\/www.praim.com\\\/es\\\/#website\"},\"primaryImageOfPage\":{\"@id\":\"https:\\\/\\\/www.praim.com\\\/es\\\/terminos-y-condiciones-de-venta\\\/#primaryimage\"},\"image\":{\"@id\":\"https:\\\/\\\/www.praim.com\\\/es\\\/terminos-y-condiciones-de-venta\\\/#primaryimage\"},\"thumbnailUrl\":\"https:\\\/\\\/www.praim.com\\\/wp-content\\\/uploads\\\/2023\\\/11\\\/Banner-Pagina-General-conditions-of-sale-1920x350-Praim.jpg\",\"datePublished\":\"2023-11-30T14:50:56+00:00\",\"dateModified\":\"2026-02-04T08:36:00+00:00\",\"breadcrumb\":{\"@id\":\"https:\\\/\\\/www.praim.com\\\/es\\\/terminos-y-condiciones-de-venta\\\/#breadcrumb\"},\"inLanguage\":\"es\",\"potentialAction\":[{\"@type\":\"ReadAction\",\"target\":[\"https:\\\/\\\/www.praim.com\\\/es\\\/terminos-y-condiciones-de-venta\\\/\"]}]},{\"@type\":\"ImageObject\",\"inLanguage\":\"es\",\"@id\":\"https:\\\/\\\/www.praim.com\\\/es\\\/terminos-y-condiciones-de-venta\\\/#primaryimage\",\"url\":\"https:\\\/\\\/www.praim.com\\\/wp-content\\\/uploads\\\/2023\\\/11\\\/Banner-Pagina-General-conditions-of-sale-1920x350-Praim.jpg\",\"contentUrl\":\"https:\\\/\\\/www.praim.com\\\/wp-content\\\/uploads\\\/2023\\\/11\\\/Banner-Pagina-General-conditions-of-sale-1920x350-Praim.jpg\",\"width\":1920,\"height\":350},{\"@type\":\"BreadcrumbList\",\"@id\":\"https:\\\/\\\/www.praim.com\\\/es\\\/terminos-y-condiciones-de-venta\\\/#breadcrumb\",\"itemListElement\":[{\"@type\":\"ListItem\",\"position\":1,\"name\":\"Home\",\"item\":\"https:\\\/\\\/www.praim.com\\\/es\\\/\"},{\"@type\":\"ListItem\",\"position\":2,\"name\":\"T\u00e9rminos y Condiciones de Venta\"}]},{\"@type\":\"WebSite\",\"@id\":\"https:\\\/\\\/www.praim.com\\\/es\\\/#website\",\"url\":\"https:\\\/\\\/www.praim.com\\\/es\\\/\",\"name\":\"Praim\",\"description\":\"Smart Access to your Cloud\",\"publisher\":{\"@id\":\"https:\\\/\\\/www.praim.com\\\/es\\\/#organization\"},\"potentialAction\":[{\"@type\":\"SearchAction\",\"target\":{\"@type\":\"EntryPoint\",\"urlTemplate\":\"https:\\\/\\\/www.praim.com\\\/es\\\/?s={search_term_string}\"},\"query-input\":{\"@type\":\"PropertyValueSpecification\",\"valueRequired\":true,\"valueName\":\"search_term_string\"}}],\"inLanguage\":\"es\"},{\"@type\":\"Organization\",\"@id\":\"https:\\\/\\\/www.praim.com\\\/es\\\/#organization\",\"name\":\"Praim srl\",\"url\":\"https:\\\/\\\/www.praim.com\\\/es\\\/\",\"logo\":{\"@type\":\"ImageObject\",\"inLanguage\":\"es\",\"@id\":\"https:\\\/\\\/www.praim.com\\\/es\\\/#\\\/schema\\\/logo\\\/image\\\/\",\"url\":\"https:\\\/\\\/www.praim.com\\\/wp-content\\\/uploads\\\/2019\\\/12\\\/praim-logo.png\",\"contentUrl\":\"https:\\\/\\\/www.praim.com\\\/wp-content\\\/uploads\\\/2019\\\/12\\\/praim-logo.png\",\"width\":230,\"height\":230,\"caption\":\"Praim srl\"},\"image\":{\"@id\":\"https:\\\/\\\/www.praim.com\\\/es\\\/#\\\/schema\\\/logo\\\/image\\\/\"}}]}<\/script>\n<!-- \/ Yoast SEO plugin. -->","yoast_head_json":{"title":"T\u00e9rminos y Condiciones de Venta &#8211; Praim","robots":{"index":"noindex","follow":"nofollow"},"og_locale":"es_ES","og_type":"article","og_title":"T\u00e9rminos y Condiciones de Venta &#8211; Praim","og_url":"https:\/\/www.praim.com\/es\/terminos-y-condiciones-de-venta\/","og_site_name":"Praim","article_modified_time":"2026-02-04T08:36:00+00:00","og_image":[{"width":1920,"height":350,"url":"https:\/\/www.praim.com\/wp-content\/uploads\/2023\/11\/Banner-Pagina-General-conditions-of-sale-1920x350-Praim.jpg","type":"image\/jpeg"}],"twitter_card":"summary_large_image","twitter_misc":{"Tiempo de lectura":"6 minutos"},"schema":{"@context":"https:\/\/schema.org","@graph":[{"@type":"WebPage","@id":"https:\/\/www.praim.com\/es\/terminos-y-condiciones-de-venta\/","url":"https:\/\/www.praim.com\/es\/terminos-y-condiciones-de-venta\/","name":"T\u00e9rminos y Condiciones de Venta &#8211; Praim","isPartOf":{"@id":"https:\/\/www.praim.com\/es\/#website"},"primaryImageOfPage":{"@id":"https:\/\/www.praim.com\/es\/terminos-y-condiciones-de-venta\/#primaryimage"},"image":{"@id":"https:\/\/www.praim.com\/es\/terminos-y-condiciones-de-venta\/#primaryimage"},"thumbnailUrl":"https:\/\/www.praim.com\/wp-content\/uploads\/2023\/11\/Banner-Pagina-General-conditions-of-sale-1920x350-Praim.jpg","datePublished":"2023-11-30T14:50:56+00:00","dateModified":"2026-02-04T08:36:00+00:00","breadcrumb":{"@id":"https:\/\/www.praim.com\/es\/terminos-y-condiciones-de-venta\/#breadcrumb"},"inLanguage":"es","potentialAction":[{"@type":"ReadAction","target":["https:\/\/www.praim.com\/es\/terminos-y-condiciones-de-venta\/"]}]},{"@type":"ImageObject","inLanguage":"es","@id":"https:\/\/www.praim.com\/es\/terminos-y-condiciones-de-venta\/#primaryimage","url":"https:\/\/www.praim.com\/wp-content\/uploads\/2023\/11\/Banner-Pagina-General-conditions-of-sale-1920x350-Praim.jpg","contentUrl":"https:\/\/www.praim.com\/wp-content\/uploads\/2023\/11\/Banner-Pagina-General-conditions-of-sale-1920x350-Praim.jpg","width":1920,"height":350},{"@type":"BreadcrumbList","@id":"https:\/\/www.praim.com\/es\/terminos-y-condiciones-de-venta\/#breadcrumb","itemListElement":[{"@type":"ListItem","position":1,"name":"Home","item":"https:\/\/www.praim.com\/es\/"},{"@type":"ListItem","position":2,"name":"T\u00e9rminos y Condiciones de Venta"}]},{"@type":"WebSite","@id":"https:\/\/www.praim.com\/es\/#website","url":"https:\/\/www.praim.com\/es\/","name":"Praim","description":"Smart Access to your Cloud","publisher":{"@id":"https:\/\/www.praim.com\/es\/#organization"},"potentialAction":[{"@type":"SearchAction","target":{"@type":"EntryPoint","urlTemplate":"https:\/\/www.praim.com\/es\/?s={search_term_string}"},"query-input":{"@type":"PropertyValueSpecification","valueRequired":true,"valueName":"search_term_string"}}],"inLanguage":"es"},{"@type":"Organization","@id":"https:\/\/www.praim.com\/es\/#organization","name":"Praim srl","url":"https:\/\/www.praim.com\/es\/","logo":{"@type":"ImageObject","inLanguage":"es","@id":"https:\/\/www.praim.com\/es\/#\/schema\/logo\/image\/","url":"https:\/\/www.praim.com\/wp-content\/uploads\/2019\/12\/praim-logo.png","contentUrl":"https:\/\/www.praim.com\/wp-content\/uploads\/2019\/12\/praim-logo.png","width":230,"height":230,"caption":"Praim srl"},"image":{"@id":"https:\/\/www.praim.com\/es\/#\/schema\/logo\/image\/"}}]}},"_links":{"self":[{"href":"https:\/\/www.praim.com\/es\/wp-json\/wp\/v2\/pages\/28999","targetHints":{"allow":["GET"]}}],"collection":[{"href":"https:\/\/www.praim.com\/es\/wp-json\/wp\/v2\/pages"}],"about":[{"href":"https:\/\/www.praim.com\/es\/wp-json\/wp\/v2\/types\/page"}],"author":[{"embeddable":true,"href":"https:\/\/www.praim.com\/es\/wp-json\/wp\/v2\/users\/7"}],"replies":[{"embeddable":true,"href":"https:\/\/www.praim.com\/es\/wp-json\/wp\/v2\/comments?post=28999"}],"version-history":[{"count":0,"href":"https:\/\/www.praim.com\/es\/wp-json\/wp\/v2\/pages\/28999\/revisions"}],"wp:featuredmedia":[{"embeddable":true,"href":"https:\/\/www.praim.com\/es\/wp-json\/wp\/v2\/media\/29002"}],"wp:attachment":[{"href":"https:\/\/www.praim.com\/es\/wp-json\/wp\/v2\/media?parent=28999"}],"curies":[{"name":"wp","href":"https:\/\/api.w.org\/{rel}","templated":true}]}}