{"id":6720,"date":"2018-12-10T19:46:18","date_gmt":"2018-12-11T00:46:18","guid":{"rendered":"https:\/\/www.praim.com\/?page_id=6720"},"modified":"2026-02-23T17:46:38","modified_gmt":"2026-02-23T16:46:38","slug":"contactenos","status":"publish","type":"page","link":"https:\/\/www.praim.com\/es\/contactenos\/","title":{"rendered":"Cont\u00e1ctanos"},"content":{"rendered":"<p><div class=\"fusion-fullwidth fullwidth-box fusion-builder-row-1 fusion-flex-container hundred-percent-fullwidth non-hundred-percent-height-scrolling\" style=\"--awb-border-radius-top-left:0px;--awb-border-radius-top-right:0px;--awb-border-radius-bottom-right:0px;--awb-border-radius-bottom-left:0px;--awb-padding-top:30px;--awb-flex-wrap:wrap;\" ><div class=\"fusion-builder-row fusion-row fusion-flex-align-items-flex-start fusion-flex-content-wrap\" style=\"width:104% !important;max-width:104% !important;margin-left: calc(-4% \/ 2 );margin-right: calc(-4% \/ 2 );\"><div class=\"fusion-layout-column fusion_builder_column fusion-builder-column-0 fusion_builder_column_1_1 1_1 fusion-flex-column\" style=\"--awb-bg-size:cover;--awb-width-large:100%;--awb-margin-top-large:0px;--awb-spacing-right-large:1.92%;--awb-margin-bottom-large:20px;--awb-spacing-left-large:1.92%;--awb-width-medium:100%;--awb-spacing-right-medium:1.92%;--awb-spacing-left-medium:1.92%;--awb-width-small:100%;--awb-spacing-right-small:1.92%;--awb-spacing-left-small:1.92%;\"><div class=\"fusion-column-wrapper fusion-flex-justify-content-flex-start fusion-content-layout-column\"><div class=\"fusion-text fusion-text-1\"><p style=\"text-align: center; letter-spacing: .0em; color: #333333; font-size: 18px; font-weight: 300; line-height: 1.2em;\">Usa el formulario para <strong>descubrir los productos, solicitar informaci\u00f3n o contactar al departamento de ventas<\/strong>.<br \/>\n\u00bfNecesitas asistencia t\u00e9cnica? Consulta la <a href=\"https:\/\/wiki.praim.com\/\">Wiki<\/a> y si no encuentras lo que buscas abre un ticket de soporte desde el \u00e1rea <a href=\"https:\/\/my.cloud.praim.com\/\">MyPraim<\/a>.<\/p>\n<\/div><\/div><\/div><\/div><\/div><div class=\"fusion-fullwidth fullwidth-box fusion-builder-row-2 fusion-flex-container hundred-percent-fullwidth non-hundred-percent-height-scrolling\" style=\"--awb-border-radius-top-left:0px;--awb-border-radius-top-right:0px;--awb-border-radius-bottom-right:0px;--awb-border-radius-bottom-left:0px;--awb-padding-top:30px;--awb-background-color:#eeeeee;--awb-flex-wrap:wrap;\" ><div class=\"fusion-builder-row fusion-row fusion-flex-align-items-flex-start fusion-flex-content-wrap\" style=\"width:104% !important;max-width:104% !important;margin-left: calc(-4% \/ 2 );margin-right: calc(-4% \/ 2 );\"><div class=\"fusion-layout-column fusion_builder_column fusion-builder-column-1 fusion_builder_column_1_1 1_1 fusion-flex-column\" style=\"--awb-bg-size:cover;--awb-width-large:100%;--awb-margin-top-large:0px;--awb-spacing-right-large:1.92%;--awb-margin-bottom-large:20px;--awb-spacing-left-large:1.92%;--awb-width-medium:100%;--awb-spacing-right-medium:1.92%;--awb-spacing-left-medium:1.92%;--awb-width-small:100%;--awb-spacing-right-small:1.92%;--awb-spacing-left-small:1.92%;\"><div class=\"fusion-column-wrapper fusion-flex-justify-content-flex-start fusion-content-layout-column\"><div class=\"fusion-builder-row fusion-builder-row-inner fusion-row fusion-flex-align-items-flex-start fusion-flex-content-wrap\" style=\"--awb-flex-grow:0;--awb-flex-grow-medium:0;--awb-flex-grow-small:0;--awb-flex-shrink:0;--awb-flex-shrink-medium:0;--awb-flex-shrink-small:0;width:104% !important;max-width:104% !important;margin-left: calc(-4% \/ 2 );margin-right: calc(-4% \/ 2 );\"><div class=\"fusion-layout-column fusion_builder_column_inner fusion-builder-nested-column-0 fusion_builder_column_inner_2_3 2_3 fusion-flex-column\" style=\"--awb-bg-color:#ffffff;--awb-bg-color-hover:#ffffff;--awb-bg-size:cover;--awb-width-large:66.666666666667%;--awb-margin-top-large:0px;--awb-spacing-right-large:2.88%;--awb-margin-bottom-large:20px;--awb-spacing-left-large:2.88%;--awb-width-medium:100%;--awb-spacing-right-medium:1.92%;--awb-spacing-left-medium:1.92%;--awb-width-small:100%;--awb-spacing-right-small:1.92%;--awb-spacing-left-small:1.92%;\"><div class=\"fusion-column-wrapper fusion-flex-justify-content-flex-start fusion-content-layout-column\"><div class=\"fusion-text fusion-text-2\"><div id=\"om-nqyn8chxads7ksipyhww-holder\"><\/div>\n<\/div><\/div><\/div><div class=\"fusion-layout-column fusion_builder_column_inner fusion-builder-nested-column-1 fusion_builder_column_inner_1_3 1_3 fusion-flex-column\" style=\"--awb-padding-top:1.5rem;--awb-padding-right:2.5rem;--awb-padding-bottom:1.5rem;--awb-padding-left:2.5rem;--awb-bg-size:cover;--awb-width-large:33.333333333333%;--awb-margin-top-large:0px;--awb-spacing-right-large:5.76%;--awb-margin-bottom-large:20px;--awb-spacing-left-large:5.76%;--awb-width-medium:100%;--awb-spacing-right-medium:1.92%;--awb-spacing-left-medium:1.92%;--awb-width-small:100%;--awb-spacing-right-small:1.92%;--awb-spacing-left-small:1.92%;\"><div class=\"fusion-column-wrapper fusion-flex-justify-content-flex-start fusion-content-layout-column\"><div class=\"fusion-text fusion-text-3\" style=\"--awb-text-transform:none;\"><p><strong>Profexional S.r.l.<\/strong><\/p>\n<p style=\"text-align: left;\">Zona Produttiva Vurza, 31<br \/>\n39055 &#8211; Laives (BZ) &#8211; Italia<\/p>\n<p style=\"text-align: left;\">t: +39 0461 420 517<br \/>\ninfo@praim.com<\/p>\n<\/div><\/div><\/div><\/div><\/div><\/div><\/div><\/div><\/p>\n","protected":false},"excerpt":{"rendered":"","protected":false},"author":14,"featured_media":26726,"parent":0,"menu_order":0,"comment_status":"closed","ping_status":"closed","template":"100-width.php","meta":{"_acf_changed":false,"content-type":"","footnotes":""},"class_list":["post-6720","page","type-page","status-publish","has-post-thumbnail","hentry"],"acf":[],"yoast_head":"<!-- This site is optimized with the Yoast SEO plugin v27.3 - https:\/\/yoast.com\/product\/yoast-seo-wordpress\/ -->\n<title>Cont\u00e1ctanos &#8211; Praim<\/title>\n<meta name=\"description\" content=\"Utilice el formulario para ponerse en contacto con nuestro personal de ventas.\u00bfNecesita ayuda? Inicie sesi\u00f3n en MyPraim y vaya al \u00e1rea de soporte t\u00e9cnico.\" \/>\n<meta name=\"robots\" content=\"index, follow, max-snippet:-1, max-image-preview:large, max-video-preview:-1\" \/>\n<link rel=\"canonical\" href=\"https:\/\/www.praim.com\/es\/contactenos\/\" \/>\n<meta property=\"og:locale\" content=\"es_ES\" \/>\n<meta property=\"og:type\" content=\"article\" \/>\n<meta property=\"og:title\" content=\"Cont\u00e1ctanos &#8211; Praim\" \/>\n<meta property=\"og:description\" content=\"Utilice el formulario para ponerse en contacto con nuestro personal de ventas.\u00bfNecesita ayuda? Inicie sesi\u00f3n en MyPraim y vaya al \u00e1rea de soporte t\u00e9cnico.\" \/>\n<meta property=\"og:url\" content=\"https:\/\/www.praim.com\/es\/contactenos\/\" \/>\n<meta property=\"og:site_name\" content=\"Praim\" \/>\n<meta property=\"article:modified_time\" content=\"2026-02-23T16:46:38+00:00\" \/>\n<meta property=\"og:image\" content=\"https:\/\/www.praim.com\/wp-content\/uploads\/2022\/11\/Banner-Pagina-Contattaci-Praim-1920x350-1.jpg\" \/>\n\t<meta property=\"og:image:width\" content=\"1920\" \/>\n\t<meta property=\"og:image:height\" content=\"350\" \/>\n\t<meta property=\"og:image:type\" content=\"image\/jpeg\" \/>\n<meta name=\"twitter:card\" content=\"summary_large_image\" \/>\n<meta name=\"twitter:label1\" content=\"Tiempo de lectura\" \/>\n\t<meta name=\"twitter:data1\" content=\"1 minuto\" \/>\n<script type=\"application\/ld+json\" class=\"yoast-schema-graph\">{\"@context\":\"https:\\\/\\\/schema.org\",\"@graph\":[{\"@type\":\"WebPage\",\"@id\":\"https:\\\/\\\/www.praim.com\\\/es\\\/contactenos\\\/\",\"url\":\"https:\\\/\\\/www.praim.com\\\/es\\\/contactenos\\\/\",\"name\":\"Cont\u00e1ctanos &#8211; Praim\",\"isPartOf\":{\"@id\":\"https:\\\/\\\/www.praim.com\\\/es\\\/#website\"},\"primaryImageOfPage\":{\"@id\":\"https:\\\/\\\/www.praim.com\\\/es\\\/contactenos\\\/#primaryimage\"},\"image\":{\"@id\":\"https:\\\/\\\/www.praim.com\\\/es\\\/contactenos\\\/#primaryimage\"},\"thumbnailUrl\":\"https:\\\/\\\/www.praim.com\\\/wp-content\\\/uploads\\\/2022\\\/11\\\/Banner-Pagina-Contattaci-Praim-1920x350-1.jpg\",\"datePublished\":\"2018-12-11T00:46:18+00:00\",\"dateModified\":\"2026-02-23T16:46:38+00:00\",\"description\":\"Utilice el formulario para ponerse en contacto con nuestro personal de ventas.\u00bfNecesita ayuda? Inicie sesi\u00f3n en MyPraim y vaya al \u00e1rea de soporte t\u00e9cnico.\",\"breadcrumb\":{\"@id\":\"https:\\\/\\\/www.praim.com\\\/es\\\/contactenos\\\/#breadcrumb\"},\"inLanguage\":\"es\",\"potentialAction\":[{\"@type\":\"ReadAction\",\"target\":[\"https:\\\/\\\/www.praim.com\\\/es\\\/contactenos\\\/\"]}]},{\"@type\":\"ImageObject\",\"inLanguage\":\"es\",\"@id\":\"https:\\\/\\\/www.praim.com\\\/es\\\/contactenos\\\/#primaryimage\",\"url\":\"https:\\\/\\\/www.praim.com\\\/wp-content\\\/uploads\\\/2022\\\/11\\\/Banner-Pagina-Contattaci-Praim-1920x350-1.jpg\",\"contentUrl\":\"https:\\\/\\\/www.praim.com\\\/wp-content\\\/uploads\\\/2022\\\/11\\\/Banner-Pagina-Contattaci-Praim-1920x350-1.jpg\",\"width\":1920,\"height\":350},{\"@type\":\"BreadcrumbList\",\"@id\":\"https:\\\/\\\/www.praim.com\\\/es\\\/contactenos\\\/#breadcrumb\",\"itemListElement\":[{\"@type\":\"ListItem\",\"position\":1,\"name\":\"Home\",\"item\":\"https:\\\/\\\/www.praim.com\\\/es\\\/\"},{\"@type\":\"ListItem\",\"position\":2,\"name\":\"Cont\u00e1ctanos\"}]},{\"@type\":\"WebSite\",\"@id\":\"https:\\\/\\\/www.praim.com\\\/es\\\/#website\",\"url\":\"https:\\\/\\\/www.praim.com\\\/es\\\/\",\"name\":\"Praim\",\"description\":\"Smart Access to your Cloud\",\"publisher\":{\"@id\":\"https:\\\/\\\/www.praim.com\\\/es\\\/#organization\"},\"potentialAction\":[{\"@type\":\"SearchAction\",\"target\":{\"@type\":\"EntryPoint\",\"urlTemplate\":\"https:\\\/\\\/www.praim.com\\\/es\\\/?s={search_term_string}\"},\"query-input\":{\"@type\":\"PropertyValueSpecification\",\"valueRequired\":true,\"valueName\":\"search_term_string\"}}],\"inLanguage\":\"es\"},{\"@type\":\"Organization\",\"@id\":\"https:\\\/\\\/www.praim.com\\\/es\\\/#organization\",\"name\":\"Praim srl\",\"url\":\"https:\\\/\\\/www.praim.com\\\/es\\\/\",\"logo\":{\"@type\":\"ImageObject\",\"inLanguage\":\"es\",\"@id\":\"https:\\\/\\\/www.praim.com\\\/es\\\/#\\\/schema\\\/logo\\\/image\\\/\",\"url\":\"https:\\\/\\\/www.praim.com\\\/wp-content\\\/uploads\\\/2019\\\/12\\\/praim-logo.png\",\"contentUrl\":\"https:\\\/\\\/www.praim.com\\\/wp-content\\\/uploads\\\/2019\\\/12\\\/praim-logo.png\",\"width\":230,\"height\":230,\"caption\":\"Praim srl\"},\"image\":{\"@id\":\"https:\\\/\\\/www.praim.com\\\/es\\\/#\\\/schema\\\/logo\\\/image\\\/\"}}]}<\/script>\n<!-- \/ Yoast SEO plugin. -->","yoast_head_json":{"title":"Cont\u00e1ctanos &#8211; Praim","description":"Utilice el formulario para ponerse en contacto con nuestro personal de ventas.\u00bfNecesita ayuda? Inicie sesi\u00f3n en MyPraim y vaya al \u00e1rea de soporte t\u00e9cnico.","robots":{"index":"index","follow":"follow","max-snippet":"max-snippet:-1","max-image-preview":"max-image-preview:large","max-video-preview":"max-video-preview:-1"},"canonical":"https:\/\/www.praim.com\/es\/contactenos\/","og_locale":"es_ES","og_type":"article","og_title":"Cont\u00e1ctanos &#8211; Praim","og_description":"Utilice el formulario para ponerse en contacto con nuestro personal de ventas.\u00bfNecesita ayuda? Inicie sesi\u00f3n en MyPraim y vaya al \u00e1rea de soporte t\u00e9cnico.","og_url":"https:\/\/www.praim.com\/es\/contactenos\/","og_site_name":"Praim","article_modified_time":"2026-02-23T16:46:38+00:00","og_image":[{"width":1920,"height":350,"url":"https:\/\/www.praim.com\/wp-content\/uploads\/2022\/11\/Banner-Pagina-Contattaci-Praim-1920x350-1.jpg","type":"image\/jpeg"}],"twitter_card":"summary_large_image","twitter_misc":{"Tiempo de lectura":"1 minuto"},"schema":{"@context":"https:\/\/schema.org","@graph":[{"@type":"WebPage","@id":"https:\/\/www.praim.com\/es\/contactenos\/","url":"https:\/\/www.praim.com\/es\/contactenos\/","name":"Cont\u00e1ctanos &#8211; Praim","isPartOf":{"@id":"https:\/\/www.praim.com\/es\/#website"},"primaryImageOfPage":{"@id":"https:\/\/www.praim.com\/es\/contactenos\/#primaryimage"},"image":{"@id":"https:\/\/www.praim.com\/es\/contactenos\/#primaryimage"},"thumbnailUrl":"https:\/\/www.praim.com\/wp-content\/uploads\/2022\/11\/Banner-Pagina-Contattaci-Praim-1920x350-1.jpg","datePublished":"2018-12-11T00:46:18+00:00","dateModified":"2026-02-23T16:46:38+00:00","description":"Utilice el formulario para ponerse en contacto con nuestro personal de ventas.\u00bfNecesita ayuda? Inicie sesi\u00f3n en MyPraim y vaya al \u00e1rea de soporte t\u00e9cnico.","breadcrumb":{"@id":"https:\/\/www.praim.com\/es\/contactenos\/#breadcrumb"},"inLanguage":"es","potentialAction":[{"@type":"ReadAction","target":["https:\/\/www.praim.com\/es\/contactenos\/"]}]},{"@type":"ImageObject","inLanguage":"es","@id":"https:\/\/www.praim.com\/es\/contactenos\/#primaryimage","url":"https:\/\/www.praim.com\/wp-content\/uploads\/2022\/11\/Banner-Pagina-Contattaci-Praim-1920x350-1.jpg","contentUrl":"https:\/\/www.praim.com\/wp-content\/uploads\/2022\/11\/Banner-Pagina-Contattaci-Praim-1920x350-1.jpg","width":1920,"height":350},{"@type":"BreadcrumbList","@id":"https:\/\/www.praim.com\/es\/contactenos\/#breadcrumb","itemListElement":[{"@type":"ListItem","position":1,"name":"Home","item":"https:\/\/www.praim.com\/es\/"},{"@type":"ListItem","position":2,"name":"Cont\u00e1ctanos"}]},{"@type":"WebSite","@id":"https:\/\/www.praim.com\/es\/#website","url":"https:\/\/www.praim.com\/es\/","name":"Praim","description":"Smart Access to your Cloud","publisher":{"@id":"https:\/\/www.praim.com\/es\/#organization"},"potentialAction":[{"@type":"SearchAction","target":{"@type":"EntryPoint","urlTemplate":"https:\/\/www.praim.com\/es\/?s={search_term_string}"},"query-input":{"@type":"PropertyValueSpecification","valueRequired":true,"valueName":"search_term_string"}}],"inLanguage":"es"},{"@type":"Organization","@id":"https:\/\/www.praim.com\/es\/#organization","name":"Praim srl","url":"https:\/\/www.praim.com\/es\/","logo":{"@type":"ImageObject","inLanguage":"es","@id":"https:\/\/www.praim.com\/es\/#\/schema\/logo\/image\/","url":"https:\/\/www.praim.com\/wp-content\/uploads\/2019\/12\/praim-logo.png","contentUrl":"https:\/\/www.praim.com\/wp-content\/uploads\/2019\/12\/praim-logo.png","width":230,"height":230,"caption":"Praim srl"},"image":{"@id":"https:\/\/www.praim.com\/es\/#\/schema\/logo\/image\/"}}]}},"_links":{"self":[{"href":"https:\/\/www.praim.com\/es\/wp-json\/wp\/v2\/pages\/6720","targetHints":{"allow":["GET"]}}],"collection":[{"href":"https:\/\/www.praim.com\/es\/wp-json\/wp\/v2\/pages"}],"about":[{"href":"https:\/\/www.praim.com\/es\/wp-json\/wp\/v2\/types\/page"}],"author":[{"embeddable":true,"href":"https:\/\/www.praim.com\/es\/wp-json\/wp\/v2\/users\/14"}],"replies":[{"embeddable":true,"href":"https:\/\/www.praim.com\/es\/wp-json\/wp\/v2\/comments?post=6720"}],"version-history":[{"count":35,"href":"https:\/\/www.praim.com\/es\/wp-json\/wp\/v2\/pages\/6720\/revisions"}],"predecessor-version":[{"id":31416,"href":"https:\/\/www.praim.com\/es\/wp-json\/wp\/v2\/pages\/6720\/revisions\/31416"}],"wp:featuredmedia":[{"embeddable":true,"href":"https:\/\/www.praim.com\/es\/wp-json\/wp\/v2\/media\/26726"}],"wp:attachment":[{"href":"https:\/\/www.praim.com\/es\/wp-json\/wp\/v2\/media?parent=6720"}],"curies":[{"name":"wp","href":"https:\/\/api.w.org\/{rel}","templated":true}]}}