{"id":8076,"date":"2019-01-20T11:30:04","date_gmt":"2019-01-20T16:30:04","guid":{"rendered":"https:\/\/www.praim.com\/?page_id=8076"},"modified":"2022-11-08T16:36:50","modified_gmt":"2022-11-08T15:36:50","slug":"vision-y-mision","status":"publish","type":"page","link":"https:\/\/www.praim.com\/es\/vision-y-mision\/","title":{"rendered":"Visi\u00f3n y Misi\u00f3n"},"content":{"rendered":"<div class=\"fusion-fullwidth fullwidth-box fusion-builder-row-1 fusion-flex-container hundred-percent-fullwidth non-hundred-percent-height-scrolling\" style=\"--awb-border-radius-top-left:0px;--awb-border-radius-top-right:0px;--awb-border-radius-bottom-right:0px;--awb-border-radius-bottom-left:0px;--awb-padding-top:10px;--awb-padding-right:0px;--awb-padding-bottom:0px;--awb-padding-left:0px;--awb-margin-bottom:0px;--awb-flex-wrap:wrap;\" ><div class=\"fusion-builder-row fusion-row fusion-flex-align-items-flex-start fusion-flex-content-wrap\" style=\"width:104% !important;max-width:104% !important;margin-left: calc(-4% \/ 2 );margin-right: calc(-4% \/ 2 );\"><div class=\"fusion-layout-column fusion_builder_column fusion-builder-column-0 fusion_builder_column_1_1 1_1 fusion-flex-column\" style=\"--awb-bg-size:cover;--awb-width-large:100%;--awb-margin-top-large:0px;--awb-spacing-right-large:1.92%;--awb-margin-bottom-large:0px;--awb-spacing-left-large:1.92%;--awb-width-medium:100%;--awb-spacing-right-medium:1.92%;--awb-spacing-left-medium:1.92%;--awb-width-small:100%;--awb-spacing-right-small:1.92%;--awb-spacing-left-small:1.92%;\"><div class=\"fusion-column-wrapper fusion-flex-justify-content-flex-start fusion-content-layout-column\"><div class=\"fusion-text fusion-text-1\"><p><span style=\"font-size: 18pt; color: #444444;\"><strong>Usted, simplemente, crea el futuro<\/strong><\/span><\/p>\n<p>En Praim creemos que la tecnolog\u00eda debe ser un facilitador. Todos nuestros productos son creados con una idea principal en nuestras mentes \u2013 simplificar y mejorar la vida de las personas \u2013 gui\u00e1ndolos a trav\u00e9s de la evoluci\u00f3n tecnol\u00f3gica.<\/p>\n<p><span style=\"font-size: 18pt; color: #444444;\"><strong> Imagine: que todo lo que necesita est\u00e1 a su alcance\u00a0<\/strong><\/span><\/p>\n<p>Un mundo donde se puede acceder f\u00e1cilmente e integrar la tecnolog\u00eda, siempre de forma sencilla y segura, para lograr una era de conseguir sus deseos<\/p>\n<p><span style=\"font-size: 18pt; color: #444444;\"><strong> Herremientas sencillas <\/strong><\/span><\/p>\n<p>Nuestra mision es proporcionar a las personas con herramientas sencillas que les permitan dise\u00f1ar su propio mundo, siempre accesible, siempre seguro y basado en sus deseos.<\/p>\n<\/div><\/div><\/div><\/div><\/div>\n","protected":false},"excerpt":{"rendered":"","protected":false},"author":14,"featured_media":22435,"parent":0,"menu_order":0,"comment_status":"closed","ping_status":"closed","template":"100-width.php","meta":{"_acf_changed":false,"content-type":"","footnotes":""},"class_list":["post-8076","page","type-page","status-publish","has-post-thumbnail","hentry"],"acf":[],"yoast_head":"<!-- This site is optimized with the Yoast SEO plugin v27.3 - https:\/\/yoast.com\/product\/yoast-seo-wordpress\/ -->\n<title>Visi\u00f3n y Misi\u00f3n &#8211; Praim<\/title>\n<meta name=\"description\" content=\"En Praim creemos que la tecnolog\u00eda debe ser un facilitador. Todos nuestros productos son creados con una idea principal en nuestras mentes \u2013 simplificar y mejorar la vida de las personas \u2013 gui\u00e1ndolos a trav\u00e9s de la evoluci\u00f3n tecnol\u00f3gica.\" \/>\n<meta name=\"robots\" content=\"index, follow, max-snippet:-1, max-image-preview:large, max-video-preview:-1\" \/>\n<link rel=\"canonical\" href=\"https:\/\/www.praim.com\/es\/vision-y-mision\/\" \/>\n<meta property=\"og:locale\" content=\"es_ES\" \/>\n<meta property=\"og:type\" content=\"article\" \/>\n<meta property=\"og:title\" content=\"Visi\u00f3n y Misi\u00f3n &#8211; Praim\" \/>\n<meta property=\"og:description\" content=\"En Praim creemos que la tecnolog\u00eda debe ser un facilitador. Todos nuestros productos son creados con una idea principal en nuestras mentes \u2013 simplificar y mejorar la vida de las personas \u2013 gui\u00e1ndolos a trav\u00e9s de la evoluci\u00f3n tecnol\u00f3gica.\" \/>\n<meta property=\"og:url\" content=\"https:\/\/www.praim.com\/es\/vision-y-mision\/\" \/>\n<meta property=\"og:site_name\" content=\"Praim\" \/>\n<meta property=\"article:modified_time\" content=\"2022-11-08T15:36:50+00:00\" \/>\n<meta property=\"og:image\" content=\"https:\/\/www.praim.com\/wp-content\/uploads\/2019\/07\/vision_1920x350.jpg\" \/>\n\t<meta property=\"og:image:width\" content=\"1920\" \/>\n\t<meta property=\"og:image:height\" content=\"350\" \/>\n\t<meta property=\"og:image:type\" content=\"image\/jpeg\" \/>\n<meta name=\"twitter:card\" content=\"summary_large_image\" \/>\n<meta name=\"twitter:label1\" content=\"Tiempo de lectura\" \/>\n\t<meta name=\"twitter:data1\" content=\"2 minutos\" \/>\n<script type=\"application\/ld+json\" class=\"yoast-schema-graph\">{\"@context\":\"https:\\\/\\\/schema.org\",\"@graph\":[{\"@type\":\"WebPage\",\"@id\":\"https:\\\/\\\/www.praim.com\\\/es\\\/vision-y-mision\\\/\",\"url\":\"https:\\\/\\\/www.praim.com\\\/es\\\/vision-y-mision\\\/\",\"name\":\"Visi\u00f3n y Misi\u00f3n &#8211; Praim\",\"isPartOf\":{\"@id\":\"https:\\\/\\\/www.praim.com\\\/es\\\/#website\"},\"primaryImageOfPage\":{\"@id\":\"https:\\\/\\\/www.praim.com\\\/es\\\/vision-y-mision\\\/#primaryimage\"},\"image\":{\"@id\":\"https:\\\/\\\/www.praim.com\\\/es\\\/vision-y-mision\\\/#primaryimage\"},\"thumbnailUrl\":\"https:\\\/\\\/www.praim.com\\\/wp-content\\\/uploads\\\/2019\\\/07\\\/vision_1920x350.jpg\",\"datePublished\":\"2019-01-20T16:30:04+00:00\",\"dateModified\":\"2022-11-08T15:36:50+00:00\",\"description\":\"En Praim creemos que la tecnolog\u00eda debe ser un facilitador. Todos nuestros productos son creados con una idea principal en nuestras mentes \u2013 simplificar y mejorar la vida de las personas \u2013 gui\u00e1ndolos a trav\u00e9s de la evoluci\u00f3n tecnol\u00f3gica.\",\"breadcrumb\":{\"@id\":\"https:\\\/\\\/www.praim.com\\\/es\\\/vision-y-mision\\\/#breadcrumb\"},\"inLanguage\":\"es\",\"potentialAction\":[{\"@type\":\"ReadAction\",\"target\":[\"https:\\\/\\\/www.praim.com\\\/es\\\/vision-y-mision\\\/\"]}]},{\"@type\":\"ImageObject\",\"inLanguage\":\"es\",\"@id\":\"https:\\\/\\\/www.praim.com\\\/es\\\/vision-y-mision\\\/#primaryimage\",\"url\":\"https:\\\/\\\/www.praim.com\\\/wp-content\\\/uploads\\\/2019\\\/07\\\/vision_1920x350.jpg\",\"contentUrl\":\"https:\\\/\\\/www.praim.com\\\/wp-content\\\/uploads\\\/2019\\\/07\\\/vision_1920x350.jpg\",\"width\":1920,\"height\":350,\"caption\":\"vision_mission\"},{\"@type\":\"BreadcrumbList\",\"@id\":\"https:\\\/\\\/www.praim.com\\\/es\\\/vision-y-mision\\\/#breadcrumb\",\"itemListElement\":[{\"@type\":\"ListItem\",\"position\":1,\"name\":\"Home\",\"item\":\"https:\\\/\\\/www.praim.com\\\/es\\\/\"},{\"@type\":\"ListItem\",\"position\":2,\"name\":\"Visi\u00f3n y Misi\u00f3n\"}]},{\"@type\":\"WebSite\",\"@id\":\"https:\\\/\\\/www.praim.com\\\/es\\\/#website\",\"url\":\"https:\\\/\\\/www.praim.com\\\/es\\\/\",\"name\":\"Praim\",\"description\":\"Smart Access to your Cloud\",\"publisher\":{\"@id\":\"https:\\\/\\\/www.praim.com\\\/es\\\/#organization\"},\"potentialAction\":[{\"@type\":\"SearchAction\",\"target\":{\"@type\":\"EntryPoint\",\"urlTemplate\":\"https:\\\/\\\/www.praim.com\\\/es\\\/?s={search_term_string}\"},\"query-input\":{\"@type\":\"PropertyValueSpecification\",\"valueRequired\":true,\"valueName\":\"search_term_string\"}}],\"inLanguage\":\"es\"},{\"@type\":\"Organization\",\"@id\":\"https:\\\/\\\/www.praim.com\\\/es\\\/#organization\",\"name\":\"Praim srl\",\"url\":\"https:\\\/\\\/www.praim.com\\\/es\\\/\",\"logo\":{\"@type\":\"ImageObject\",\"inLanguage\":\"es\",\"@id\":\"https:\\\/\\\/www.praim.com\\\/es\\\/#\\\/schema\\\/logo\\\/image\\\/\",\"url\":\"https:\\\/\\\/www.praim.com\\\/wp-content\\\/uploads\\\/2019\\\/12\\\/praim-logo.png\",\"contentUrl\":\"https:\\\/\\\/www.praim.com\\\/wp-content\\\/uploads\\\/2019\\\/12\\\/praim-logo.png\",\"width\":230,\"height\":230,\"caption\":\"Praim srl\"},\"image\":{\"@id\":\"https:\\\/\\\/www.praim.com\\\/es\\\/#\\\/schema\\\/logo\\\/image\\\/\"}}]}<\/script>\n<!-- \/ Yoast SEO plugin. -->","yoast_head_json":{"title":"Visi\u00f3n y Misi\u00f3n &#8211; Praim","description":"En Praim creemos que la tecnolog\u00eda debe ser un facilitador. Todos nuestros productos son creados con una idea principal en nuestras mentes \u2013 simplificar y mejorar la vida de las personas \u2013 gui\u00e1ndolos a trav\u00e9s de la evoluci\u00f3n tecnol\u00f3gica.","robots":{"index":"index","follow":"follow","max-snippet":"max-snippet:-1","max-image-preview":"max-image-preview:large","max-video-preview":"max-video-preview:-1"},"canonical":"https:\/\/www.praim.com\/es\/vision-y-mision\/","og_locale":"es_ES","og_type":"article","og_title":"Visi\u00f3n y Misi\u00f3n &#8211; Praim","og_description":"En Praim creemos que la tecnolog\u00eda debe ser un facilitador. Todos nuestros productos son creados con una idea principal en nuestras mentes \u2013 simplificar y mejorar la vida de las personas \u2013 gui\u00e1ndolos a trav\u00e9s de la evoluci\u00f3n tecnol\u00f3gica.","og_url":"https:\/\/www.praim.com\/es\/vision-y-mision\/","og_site_name":"Praim","article_modified_time":"2022-11-08T15:36:50+00:00","og_image":[{"width":1920,"height":350,"url":"https:\/\/www.praim.com\/wp-content\/uploads\/2019\/07\/vision_1920x350.jpg","type":"image\/jpeg"}],"twitter_card":"summary_large_image","twitter_misc":{"Tiempo de lectura":"2 minutos"},"schema":{"@context":"https:\/\/schema.org","@graph":[{"@type":"WebPage","@id":"https:\/\/www.praim.com\/es\/vision-y-mision\/","url":"https:\/\/www.praim.com\/es\/vision-y-mision\/","name":"Visi\u00f3n y Misi\u00f3n &#8211; Praim","isPartOf":{"@id":"https:\/\/www.praim.com\/es\/#website"},"primaryImageOfPage":{"@id":"https:\/\/www.praim.com\/es\/vision-y-mision\/#primaryimage"},"image":{"@id":"https:\/\/www.praim.com\/es\/vision-y-mision\/#primaryimage"},"thumbnailUrl":"https:\/\/www.praim.com\/wp-content\/uploads\/2019\/07\/vision_1920x350.jpg","datePublished":"2019-01-20T16:30:04+00:00","dateModified":"2022-11-08T15:36:50+00:00","description":"En Praim creemos que la tecnolog\u00eda debe ser un facilitador. Todos nuestros productos son creados con una idea principal en nuestras mentes \u2013 simplificar y mejorar la vida de las personas \u2013 gui\u00e1ndolos a trav\u00e9s de la evoluci\u00f3n tecnol\u00f3gica.","breadcrumb":{"@id":"https:\/\/www.praim.com\/es\/vision-y-mision\/#breadcrumb"},"inLanguage":"es","potentialAction":[{"@type":"ReadAction","target":["https:\/\/www.praim.com\/es\/vision-y-mision\/"]}]},{"@type":"ImageObject","inLanguage":"es","@id":"https:\/\/www.praim.com\/es\/vision-y-mision\/#primaryimage","url":"https:\/\/www.praim.com\/wp-content\/uploads\/2019\/07\/vision_1920x350.jpg","contentUrl":"https:\/\/www.praim.com\/wp-content\/uploads\/2019\/07\/vision_1920x350.jpg","width":1920,"height":350,"caption":"vision_mission"},{"@type":"BreadcrumbList","@id":"https:\/\/www.praim.com\/es\/vision-y-mision\/#breadcrumb","itemListElement":[{"@type":"ListItem","position":1,"name":"Home","item":"https:\/\/www.praim.com\/es\/"},{"@type":"ListItem","position":2,"name":"Visi\u00f3n y Misi\u00f3n"}]},{"@type":"WebSite","@id":"https:\/\/www.praim.com\/es\/#website","url":"https:\/\/www.praim.com\/es\/","name":"Praim","description":"Smart Access to your Cloud","publisher":{"@id":"https:\/\/www.praim.com\/es\/#organization"},"potentialAction":[{"@type":"SearchAction","target":{"@type":"EntryPoint","urlTemplate":"https:\/\/www.praim.com\/es\/?s={search_term_string}"},"query-input":{"@type":"PropertyValueSpecification","valueRequired":true,"valueName":"search_term_string"}}],"inLanguage":"es"},{"@type":"Organization","@id":"https:\/\/www.praim.com\/es\/#organization","name":"Praim srl","url":"https:\/\/www.praim.com\/es\/","logo":{"@type":"ImageObject","inLanguage":"es","@id":"https:\/\/www.praim.com\/es\/#\/schema\/logo\/image\/","url":"https:\/\/www.praim.com\/wp-content\/uploads\/2019\/12\/praim-logo.png","contentUrl":"https:\/\/www.praim.com\/wp-content\/uploads\/2019\/12\/praim-logo.png","width":230,"height":230,"caption":"Praim srl"},"image":{"@id":"https:\/\/www.praim.com\/es\/#\/schema\/logo\/image\/"}}]}},"_links":{"self":[{"href":"https:\/\/www.praim.com\/es\/wp-json\/wp\/v2\/pages\/8076","targetHints":{"allow":["GET"]}}],"collection":[{"href":"https:\/\/www.praim.com\/es\/wp-json\/wp\/v2\/pages"}],"about":[{"href":"https:\/\/www.praim.com\/es\/wp-json\/wp\/v2\/types\/page"}],"author":[{"embeddable":true,"href":"https:\/\/www.praim.com\/es\/wp-json\/wp\/v2\/users\/14"}],"replies":[{"embeddable":true,"href":"https:\/\/www.praim.com\/es\/wp-json\/wp\/v2\/comments?post=8076"}],"version-history":[{"count":7,"href":"https:\/\/www.praim.com\/es\/wp-json\/wp\/v2\/pages\/8076\/revisions"}],"predecessor-version":[{"id":26739,"href":"https:\/\/www.praim.com\/es\/wp-json\/wp\/v2\/pages\/8076\/revisions\/26739"}],"wp:featuredmedia":[{"embeddable":true,"href":"https:\/\/www.praim.com\/es\/wp-json\/wp\/v2\/media\/22435"}],"wp:attachment":[{"href":"https:\/\/www.praim.com\/es\/wp-json\/wp\/v2\/media?parent=8076"}],"curies":[{"name":"wp","href":"https:\/\/api.w.org\/{rel}","templated":true}]}}