{"id":8090,"date":"2019-01-20T12:35:38","date_gmt":"2019-01-20T17:35:38","guid":{"rendered":"https:\/\/www.praim.com\/?page_id=8090"},"modified":"2025-12-03T12:52:44","modified_gmt":"2025-12-03T11:52:44","slug":"privacidad-y-cookies","status":"publish","type":"page","link":"https:\/\/www.praim.com\/es\/privacidad-y-cookies\/","title":{"rendered":"Privacidad y Cookies"},"content":{"rendered":"<div class=\"fusion-fullwidth fullwidth-box fusion-builder-row-1 fusion-flex-container hundred-percent-fullwidth non-hundred-percent-height-scrolling\" style=\"--awb-border-radius-top-left:0px;--awb-border-radius-top-right:0px;--awb-border-radius-bottom-right:0px;--awb-border-radius-bottom-left:0px;--awb-padding-top:10px;--awb-padding-right:0px;--awb-padding-bottom:0px;--awb-padding-left:0px;--awb-margin-bottom:0px;--awb-flex-wrap:wrap;\" ><div class=\"fusion-builder-row fusion-row fusion-flex-align-items-flex-start fusion-flex-content-wrap\" style=\"width:104% !important;max-width:104% !important;margin-left: calc(-4% \/ 2 );margin-right: calc(-4% \/ 2 );\"><div class=\"fusion-layout-column fusion_builder_column fusion-builder-column-0 fusion_builder_column_1_1 1_1 fusion-flex-column\" style=\"--awb-bg-size:cover;--awb-width-large:100%;--awb-margin-top-large:0px;--awb-spacing-right-large:1.92%;--awb-margin-bottom-large:0px;--awb-spacing-left-large:1.92%;--awb-width-medium:100%;--awb-spacing-right-medium:1.92%;--awb-spacing-left-medium:1.92%;--awb-width-small:100%;--awb-spacing-right-small:1.92%;--awb-spacing-left-small:1.92%;\"><div class=\"fusion-column-wrapper fusion-flex-justify-content-flex-start fusion-content-layout-column\"><div class=\"fusion-text fusion-text-1\"><p>En conformidad con la legislaci\u00f3n vigente y las disposiciones del art. 13 del Reglamento UE 2016\/679 del Parlamento Europeo y del Consejo, de 27 de abril de 2016, sobre la protecci\u00f3n de las personas f\u00edsicas en relaci\u00f3n con el tratamiento de datos personales, as\u00ed como sobre la libre circulaci\u00f3n de dichos datos (en lo sucesivo, \u201cReglamento\u201d), le informamos que el controlador de datos que usted proporcion\u00f3 es <strong>PRAIM srl<\/strong> (en lo sucesivo, PRAIM) con sede en Zona Produttiva Vurza, 31 \u2013 Laives\/Leifers (BZ) \u2013 T. +39 0461 420517 \u2013 <a href=\"mailto:privacy@praim.com\">privacy@praim.com<\/a>.<\/p>\n<p><span style=\"color: #41a1d0;\"><strong>Datos de navegaci\u00f3n<\/strong><\/span><\/p>\n<p>Los sistemas y programas inform\u00e1ticos utilizados para el sitio web recogen algunos datos personales cuya transmisi\u00f3n est\u00e1 impl\u00edcita en el uso de los protocolos de comunicaci\u00f3n de Internet (por ejemplo direcciones IP o nombres de dominio de los ordenadores utilizados por los usuarios que se conectan al sitio web, direcciones URI -Uniform Resource Identifier- de los recursos solicitados, momento de la solicitud, el m\u00e9todo utilizado para enviar la solicitud al servidor, el tama\u00f1o del archivo obtenido como respuesta, el c\u00f3digo num\u00e9rico sobre el estado de la respuesta dada por el servidor final -buena, errores, etc. \u2013 y otros par\u00e1metros relacionados con el sistema operativo y el entorno de TI del usuario). Aunque es informaci\u00f3n que no se recopila para que est\u00e9 asociada con personas identificadas, por su naturaleza podr\u00edan, a trav\u00e9s del procesamiento y la asociaci\u00f3n con datos en poder de terceros, permitir la identificaci\u00f3n de los usuarios.<br \/>\nEstos datos se utilizan con el \u00fanico prop\u00f3sito de obtener informaci\u00f3n estad\u00edstica no asociada con los datos de identificaci\u00f3n del usuario sobre el uso del sitio web y para verificar su correcto funcionamiento, y se eliminan inmediatamente despu\u00e9s del procesamiento. Los datos podr\u00edan ser utilizados para determinar la responsabilidad en caso de cr\u00edmenes inform\u00e1ticos hipot\u00e9ticos contra el sitio web.<\/p>\n<p><span style=\"color: #41a1d0;\"><strong>Datos proporcionados voluntariamente por el usuario<\/strong><\/span><\/p>\n<p>Estos datos se usar\u00e1n con el \u00fanico prop\u00f3sito de dar seguimiento a la solicitud del usuario y solo podr\u00e1n divulgarse a terceros si es necesario para este fin.<\/p>\n<p>Para el tratamiento de los datos para tales fines no es necesario su consentimiento porque el tratamiento es necesario para la ejecuci\u00f3n de un contrato en el cual usted sea parte o la ejecuci\u00f3n de medidas precontractuales adoptadas a petici\u00f3n (art. 6, p\u00e1rrafo 1, letra b) del Reglamento), as\u00ed como cumplir con una obligaci\u00f3n legal (Art\u00edculo 6, p\u00e1rrafo 1, letra a) del Reglamento).<\/p>\n<p>Los datos ser\u00e1n procesados \u200b\u200bpor el personal designado por <strong>PRAIM<\/strong> con los procedimientos, herramientas e informaci\u00f3n t\u00e9cnica adecuados para salvaguardar la confidencialidad y la seguridad de sus datos y consiste en la recogida, registro, organizaci\u00f3n, almacenamiento, consultor\u00eda, desarrollo, modificaci\u00f3n, selecci\u00f3n, extracci\u00f3n, comparaci\u00f3n, uso, interconexi\u00f3n, bloqueo, comunicaci\u00f3n, difusi\u00f3n, cancelaci\u00f3n, destrucci\u00f3n del mismo, incluida la combinaci\u00f3n de dos o m\u00e1s de las actividades antes mencionadas.<\/p>\n<p>Estos datos se conservan durante el tiempo estrictamente necesario para proporcionar el servicio solicitado al usuario y se eliminan inmediatamente despu\u00e9s, sin perjuicio de otras obligaciones legales de conservaci\u00f3n. Sus datos no ser\u00e1n revelados.<\/p>\n<p>Como parte de sus actividades para los fines antes se\u00f1alados<strong> PRAIM<\/strong> puede hacer uso de los servicios prestados por terceros que act\u00faen en nombre de PRAIM y de acuerdo con sus instrucciones, como los controladores de datos yproporcionan a PRAIM servicios de procesamiento o instrumentales (por ejemplo, servicios de TI para el funcionamiento del sitio web). Puede solicitar una lista completa y actualizada de las personas designadas como responsables del tratamiento poni\u00e9ndose en contacto a trav\u00e9s de las direcciones que figuran a continuaci\u00f3n.<\/p>\n<p>Los datos pueden ser transferidos dentro de la Uni\u00f3n Europea, donde <strong>PRAIM<\/strong> o sus proveedores est\u00e1n basados \u200b\u200bo tienen sus propios servidores. Los datos no ser\u00e1n transferidos fuera de la Uni\u00f3n Europea.<\/p>\n<p>En cualquier momento, podr\u00e1 ejercer los derechos establecidos por la legislaci\u00f3n vigente, incluido el derecho a:<\/p>\n<ul>\n<li style=\"color: #41a1d0;\"><span style=\"color: #4d4c4c;\">recibir confirmaci\u00f3n de la existencia de sus datos personales y acceder a su contenido;<br \/>\n<\/span><\/li>\n<li style=\"color: #41a1d0;\"><span style=\"color: #4d4c4c;\">actualizar, modificar y\/o corregir sus datos personales;<br \/>\n<\/span><\/li>\n<li style=\"color: #41a1d0;\"><span style=\"color: #4d4c4c;\">chiederne la cancellazione (oblio), cancelaci\u00f3n de solicitud, transformaci\u00f3n en forma an\u00f3nima, bloqueo de datos procesados \u200b\u200ben violaci\u00f3n de la ley o limitaci\u00f3n de procesamiento;<br \/>\n<\/span><\/li>\n<li style=\"color: #41a1d0;\"><span style=\"color: #4d4c4c;\">oponerse al procesamiento por razones leg\u00edtimas;<br \/>\n<\/span><\/li>\n<li style=\"color: #41a1d0;\"><span style=\"color: #4d4c4c;\">recibir una copia de los datos suministrados por usted y solicitar que dichos datos se transmitan a otro controlador de datos; enviando una solicitud espec\u00edfica a:\u00a0<strong>PRAIM \u2013 <\/strong>con domicilio social en Zona Produttiva Vurza, 31 \u2013 Laives\/Leifers (BZ) \u2013 <a href=\"mailto:privacy@praim.com\">privacy@praim.com<\/a>.<br \/>\n<\/span><\/li>\n<\/ul>\n<p><span style=\"color: #41a1d0;\"><strong>Datos proporcionados por el usuario para el fines de selecci\u00f3n de personal<\/strong><\/span><\/p>\n<p><strong>Controlador de datos:<\/strong> El controlador de datos es <strong>PRAIM<\/strong>, con sede en Laives\/Leifers (BZ), Zona Produttiva Vurza, 31, P.IVA IT00727140212, tel. +39 0461 420517<br \/>\n, e-mail <a href=\"mailto:careers@praim.com\">careers@praim.com<\/a>, PEC: <a href=\"mailto:praim@pec.praim.com\">praim@pec.praim.com<\/a>.<br \/>\n<strong>Prop\u00f3sito del procesamiento:<\/strong> El procesamiento de los datos personales se realiza dentro del proceso de selecci\u00f3n destinado a identificar a las personas que se incluir\u00e1n en el personal del propietario y en la evaluaci\u00f3n de que est\u00e1n en l\u00ednea con las necesidades, para proceder a la posible estipulaci\u00f3n del contrato de trabajo.<br \/>\n<strong>Tipo de datos procesados:<\/strong> Para las necesidades de gesti\u00f3n del proceso de evaluaci\u00f3n y selecci\u00f3n de personal, pueden procesarse las siguientes categor\u00edas de datos:<\/p>\n<ul>\n<li>datos personales, informaci\u00f3n general, direcci\u00f3n y otra informaci\u00f3n de contacto, c\u00f3digo fiscal, instrucci\u00f3n, especializaciones, experiencia laboral y cualquier otra cosa necesaria para la evaluaci\u00f3n del personal y el proceso de selecci\u00f3n (curr\u00edculum vitae, carta de presentaci\u00f3n);<\/li>\n<li>cualquier dato adecuado para detectar el estado de salud, recopilado en referencia a pertenecer a categor\u00edas protegidas o idoneidad para realizar ciertas tareas. A este respecto, se recomienda comunicar o insertar en el curr\u00edculum vitae exclusivamente la informaci\u00f3n pertinente al prop\u00f3sito de la selecci\u00f3n; en particular, limite la informaci\u00f3n de salud a lo estrictamente necesario para comunicarse con la membres\u00eda potencial del empleador en categor\u00edas protegidas<\/li>\n<\/ul>\n<p><strong>Base legal del tratamiento y posible concesi\u00f3n obligatoria:<\/strong> La provisi\u00f3n de los datos solicitados es opcional; sin embargo, si no se confieren los datos, ser\u00e1 imposible que el sujeto de los datos participe en el proceso de selecci\u00f3n de personal implementado por el controlador de datos. El procesamiento de datos encuentra la base legal en la necesidad de implementar las medidas precontractuales dentro del procedimiento de selecci\u00f3n al cual la parte interesada se ha adherido o promovido con el env\u00edo espont\u00e1neo del curr\u00edculum vitae. En el caso de que los datos caigan en las categor\u00edas especiales a que se refiere el art. 9 del Reglamento antes de que se establezca la relaci\u00f3n laboral, se requiere el consentimiento expl\u00edcito de la parte interesada.<br \/>\n<strong>M\u00e9todo y duraci\u00f3n del tratamiento:<\/strong> El tratamiento se realizar\u00e1:<\/p>\n<ul>\n<li>a trav\u00e9s del uso de sistemas manuales y automatizados;<\/li>\n<li>por autorizados para realizar estas tareas, de conformidad con la ley;<\/li>\n<li>con el uso de medidas adecuadas para garantizar la confidencialidad de los datos y evitar el acceso a los mismos por parte de terceros no autorizados.<\/li>\n<\/ul>\n<p>No hay procesos decisorios automatizados.<br \/>\nLos datos, despu\u00e9s del proceso de evaluaci\u00f3n y selecci\u00f3n de personal, ser\u00e1n mantenidos durante un per\u00edodo que no exceda del necesario para cumplir con las obligaciones o tareas mencionadas en el punto 3 y, en cualquier caso, para perseguir los fines espec\u00edficos indicados en el mismo. Los datos relacionados con fines no procesables ser\u00e1n eliminados gradualmente. Normalmente, a menos que el procedimiento finalice con la contrataci\u00f3n, los datos se eliminan en un plazo de 6 meses.<br \/>\n<strong>Comunicaci\u00f3n de datos:<\/strong> Todos los datos recogidos y procesados podr\u00e1n ser comunicados a consultores externos que trabajan para el Controlador de datos en el contexto del proceso de selecci\u00f3n y evaluaci\u00f3n de personal, exclusivamente para los fines especificados anteriormente.<br \/>\nLos datos personales no est\u00e1n sujetos a divulgaci\u00f3n.<br \/>\n<strong>Lugar de tratamiento de datos:<\/strong> La actividad de procesamiento de datos tiene lugar en el territorio de la Uni\u00f3n Europea y no hay intenci\u00f3n de transferir datos personales a un pa\u00eds que no pertenezca a la Uni\u00f3n Europea ni a una organizaci\u00f3n internacional.<br \/>\n<strong>Derechos de la Parte Interesada:<\/strong> En relaci\u00f3n con lo anterior, el GDPR asigna a la Parte Interesada el ejercicio de los siguientes derechos con referencia a los datos personales que le conciernen (la descripci\u00f3n resumida es indicativa, para la declaraci\u00f3n completa de derechos, consulte el Reglamento y, en particular, los art\u00edculos de 15 a 22):<\/p>\n<ul>\n<li>Derecho de acceso (art. 15): confirma que el procesamiento de los datos personales que le conciernen est\u00e1 en curso y, en este caso, da el derecho de obtener el acceso a los datos y a las informaci\u00f3n sobre los fines del procesamiento, a las categor\u00edas de datos personales, a los destinatarios.<\/li>\n<li>Derecho de rectificaci\u00f3n (art. 16): Correcci\u00f3n de datos personales inexactos e integraci\u00f3n de datos personales, si est\u00e1 incompleta.<\/li>\n<li>Derecho de cancelaci\u00f3n (art. 17): El controlador de datos tiene la obligaci\u00f3n de eliminar datos personales en los casos previstos en el art\u00edculo 17 del Reglamento.<\/li>\n<li>Derecho de limitaci\u00f3n de tratamiento (art. 18): en caso de contestaci\u00f3n de la exactitud de los datos, oposici\u00f3n a la cancelaci\u00f3n, necesidad de utilizaci\u00f3n para los derechos de defensa de la Parte Interesada, los datos se almacenar\u00e1n de modo que puedan ser restablecidos, mientras tanto, no podr\u00e1n ser consultados por el Controlador, excepto en relaci\u00f3n con la verificaci\u00f3n de la validez de la solicitud de limitaci\u00f3n por parte de la Parte Interesada, o con el consentimiento de la Parte Interesada o para la evaluaci\u00f3n, el ejercicio o la defensa en tribunal, o para proteger los derechos de otra persona f\u00edsica o jur\u00eddica o por razones de inter\u00e9s p\u00fablico de la Uni\u00f3n o de un Estado miembro.<\/li>\n<li>Derecho a la portabilidad de datos (art. 20): Si el procesamiento se basa en el consentimiento o en un contrato o se realiza por medios autom\u00e1ticos, a petici\u00f3n, la Parte Interesada recibir\u00e1 en un formato legible por un dispositivo autom\u00e1tico, los datos personales que lo conciernen y podr\u00e1 transmitirlo a otro Controlador, sin obst\u00e1culo por parte del Controlador de datos a quien los ha suministrado y, si factible, la transmisi\u00f3n puede realizarse directamente.<\/li>\n<li>Derecho de oposicion (art. 21): al procesamiento basado en intereses leg\u00edtimos.<\/li>\n<\/ul>\n<p>Si el procesamiento se realiza con el consentimiento de la Parte Interesada por per\u00edodos de m\u00e1s de seis meses, este \u00faltimo puede revocar el consentimiento en cualquier momento, sin perjuicio de la legalidad del tratamiento dado antes de la revocaci\u00f3n.<br \/>\nLa Parte Interesada tambi\u00e9n tiene derecho a presentar una queja al Garante para la protecci\u00f3n de datos personales en el caso de que considere que el procesamiento viole las disposiciones del Reglamento.<\/p>\n<p><span style=\"color: #41a1d0;\"><strong>Cancelaci\u00f3n de la Newsletter<\/strong><\/span><\/p>\n<p>En cualquier momento el usuario puede cancelar su registro en la Newsletter <strong>PRAIM<\/strong>, siguiendo las instrucciones dadas en el correo electr\u00f3nico recibido.<\/p>\n<\/div><\/div><\/div><\/div><\/div>\n","protected":false},"excerpt":{"rendered":"","protected":false},"author":14,"featured_media":26705,"parent":0,"menu_order":0,"comment_status":"closed","ping_status":"closed","template":"100-width.php","meta":{"_acf_changed":false,"content-type":"","footnotes":""},"class_list":["post-8090","page","type-page","status-publish","has-post-thumbnail","hentry"],"acf":[],"yoast_head":"<!-- This site is optimized with the Yoast SEO plugin v27.3 - https:\/\/yoast.com\/product\/yoast-seo-wordpress\/ -->\n<title>Privacidad y Cookies &#8211; Praim<\/title>\n<meta name=\"robots\" content=\"noindex, nofollow\" \/>\n<meta property=\"og:locale\" content=\"es_ES\" \/>\n<meta property=\"og:type\" content=\"article\" \/>\n<meta property=\"og:title\" content=\"Privacidad y Cookies &#8211; Praim\" \/>\n<meta property=\"og:url\" content=\"https:\/\/www.praim.com\/es\/privacidad-y-cookies\/\" \/>\n<meta property=\"og:site_name\" content=\"Praim\" \/>\n<meta property=\"article:modified_time\" content=\"2025-12-03T11:52:44+00:00\" \/>\n<meta property=\"og:image\" content=\"https:\/\/www.praim.com\/wp-content\/uploads\/2022\/11\/Banner-Pagina-Privacy-Praim-1920x350-1.jpg\" \/>\n\t<meta property=\"og:image:width\" content=\"1920\" \/>\n\t<meta property=\"og:image:height\" content=\"350\" \/>\n\t<meta property=\"og:image:type\" content=\"image\/jpeg\" \/>\n<meta name=\"twitter:card\" content=\"summary_large_image\" \/>\n<meta name=\"twitter:label1\" content=\"Tiempo de lectura\" \/>\n\t<meta name=\"twitter:data1\" content=\"10 minutos\" \/>\n<script type=\"application\/ld+json\" class=\"yoast-schema-graph\">{\"@context\":\"https:\\\/\\\/schema.org\",\"@graph\":[{\"@type\":\"WebPage\",\"@id\":\"https:\\\/\\\/www.praim.com\\\/es\\\/privacidad-y-cookies\\\/\",\"url\":\"https:\\\/\\\/www.praim.com\\\/es\\\/privacidad-y-cookies\\\/\",\"name\":\"Privacidad y Cookies &#8211; Praim\",\"isPartOf\":{\"@id\":\"https:\\\/\\\/www.praim.com\\\/es\\\/#website\"},\"primaryImageOfPage\":{\"@id\":\"https:\\\/\\\/www.praim.com\\\/es\\\/privacidad-y-cookies\\\/#primaryimage\"},\"image\":{\"@id\":\"https:\\\/\\\/www.praim.com\\\/es\\\/privacidad-y-cookies\\\/#primaryimage\"},\"thumbnailUrl\":\"https:\\\/\\\/www.praim.com\\\/wp-content\\\/uploads\\\/2022\\\/11\\\/Banner-Pagina-Privacy-Praim-1920x350-1.jpg\",\"datePublished\":\"2019-01-20T17:35:38+00:00\",\"dateModified\":\"2025-12-03T11:52:44+00:00\",\"breadcrumb\":{\"@id\":\"https:\\\/\\\/www.praim.com\\\/es\\\/privacidad-y-cookies\\\/#breadcrumb\"},\"inLanguage\":\"es\",\"potentialAction\":[{\"@type\":\"ReadAction\",\"target\":[\"https:\\\/\\\/www.praim.com\\\/es\\\/privacidad-y-cookies\\\/\"]}]},{\"@type\":\"ImageObject\",\"inLanguage\":\"es\",\"@id\":\"https:\\\/\\\/www.praim.com\\\/es\\\/privacidad-y-cookies\\\/#primaryimage\",\"url\":\"https:\\\/\\\/www.praim.com\\\/wp-content\\\/uploads\\\/2022\\\/11\\\/Banner-Pagina-Privacy-Praim-1920x350-1.jpg\",\"contentUrl\":\"https:\\\/\\\/www.praim.com\\\/wp-content\\\/uploads\\\/2022\\\/11\\\/Banner-Pagina-Privacy-Praim-1920x350-1.jpg\",\"width\":1920,\"height\":350},{\"@type\":\"BreadcrumbList\",\"@id\":\"https:\\\/\\\/www.praim.com\\\/es\\\/privacidad-y-cookies\\\/#breadcrumb\",\"itemListElement\":[{\"@type\":\"ListItem\",\"position\":1,\"name\":\"Home\",\"item\":\"https:\\\/\\\/www.praim.com\\\/es\\\/\"},{\"@type\":\"ListItem\",\"position\":2,\"name\":\"Privacidad y Cookies\"}]},{\"@type\":\"WebSite\",\"@id\":\"https:\\\/\\\/www.praim.com\\\/es\\\/#website\",\"url\":\"https:\\\/\\\/www.praim.com\\\/es\\\/\",\"name\":\"Praim\",\"description\":\"Smart Access to your Cloud\",\"publisher\":{\"@id\":\"https:\\\/\\\/www.praim.com\\\/es\\\/#organization\"},\"potentialAction\":[{\"@type\":\"SearchAction\",\"target\":{\"@type\":\"EntryPoint\",\"urlTemplate\":\"https:\\\/\\\/www.praim.com\\\/es\\\/?s={search_term_string}\"},\"query-input\":{\"@type\":\"PropertyValueSpecification\",\"valueRequired\":true,\"valueName\":\"search_term_string\"}}],\"inLanguage\":\"es\"},{\"@type\":\"Organization\",\"@id\":\"https:\\\/\\\/www.praim.com\\\/es\\\/#organization\",\"name\":\"Praim srl\",\"url\":\"https:\\\/\\\/www.praim.com\\\/es\\\/\",\"logo\":{\"@type\":\"ImageObject\",\"inLanguage\":\"es\",\"@id\":\"https:\\\/\\\/www.praim.com\\\/es\\\/#\\\/schema\\\/logo\\\/image\\\/\",\"url\":\"https:\\\/\\\/www.praim.com\\\/wp-content\\\/uploads\\\/2019\\\/12\\\/praim-logo.png\",\"contentUrl\":\"https:\\\/\\\/www.praim.com\\\/wp-content\\\/uploads\\\/2019\\\/12\\\/praim-logo.png\",\"width\":230,\"height\":230,\"caption\":\"Praim srl\"},\"image\":{\"@id\":\"https:\\\/\\\/www.praim.com\\\/es\\\/#\\\/schema\\\/logo\\\/image\\\/\"}}]}<\/script>\n<!-- \/ Yoast SEO plugin. -->","yoast_head_json":{"title":"Privacidad y Cookies &#8211; Praim","robots":{"index":"noindex","follow":"nofollow"},"og_locale":"es_ES","og_type":"article","og_title":"Privacidad y Cookies &#8211; Praim","og_url":"https:\/\/www.praim.com\/es\/privacidad-y-cookies\/","og_site_name":"Praim","article_modified_time":"2025-12-03T11:52:44+00:00","og_image":[{"width":1920,"height":350,"url":"https:\/\/www.praim.com\/wp-content\/uploads\/2022\/11\/Banner-Pagina-Privacy-Praim-1920x350-1.jpg","type":"image\/jpeg"}],"twitter_card":"summary_large_image","twitter_misc":{"Tiempo de lectura":"10 minutos"},"schema":{"@context":"https:\/\/schema.org","@graph":[{"@type":"WebPage","@id":"https:\/\/www.praim.com\/es\/privacidad-y-cookies\/","url":"https:\/\/www.praim.com\/es\/privacidad-y-cookies\/","name":"Privacidad y Cookies &#8211; Praim","isPartOf":{"@id":"https:\/\/www.praim.com\/es\/#website"},"primaryImageOfPage":{"@id":"https:\/\/www.praim.com\/es\/privacidad-y-cookies\/#primaryimage"},"image":{"@id":"https:\/\/www.praim.com\/es\/privacidad-y-cookies\/#primaryimage"},"thumbnailUrl":"https:\/\/www.praim.com\/wp-content\/uploads\/2022\/11\/Banner-Pagina-Privacy-Praim-1920x350-1.jpg","datePublished":"2019-01-20T17:35:38+00:00","dateModified":"2025-12-03T11:52:44+00:00","breadcrumb":{"@id":"https:\/\/www.praim.com\/es\/privacidad-y-cookies\/#breadcrumb"},"inLanguage":"es","potentialAction":[{"@type":"ReadAction","target":["https:\/\/www.praim.com\/es\/privacidad-y-cookies\/"]}]},{"@type":"ImageObject","inLanguage":"es","@id":"https:\/\/www.praim.com\/es\/privacidad-y-cookies\/#primaryimage","url":"https:\/\/www.praim.com\/wp-content\/uploads\/2022\/11\/Banner-Pagina-Privacy-Praim-1920x350-1.jpg","contentUrl":"https:\/\/www.praim.com\/wp-content\/uploads\/2022\/11\/Banner-Pagina-Privacy-Praim-1920x350-1.jpg","width":1920,"height":350},{"@type":"BreadcrumbList","@id":"https:\/\/www.praim.com\/es\/privacidad-y-cookies\/#breadcrumb","itemListElement":[{"@type":"ListItem","position":1,"name":"Home","item":"https:\/\/www.praim.com\/es\/"},{"@type":"ListItem","position":2,"name":"Privacidad y Cookies"}]},{"@type":"WebSite","@id":"https:\/\/www.praim.com\/es\/#website","url":"https:\/\/www.praim.com\/es\/","name":"Praim","description":"Smart Access to your Cloud","publisher":{"@id":"https:\/\/www.praim.com\/es\/#organization"},"potentialAction":[{"@type":"SearchAction","target":{"@type":"EntryPoint","urlTemplate":"https:\/\/www.praim.com\/es\/?s={search_term_string}"},"query-input":{"@type":"PropertyValueSpecification","valueRequired":true,"valueName":"search_term_string"}}],"inLanguage":"es"},{"@type":"Organization","@id":"https:\/\/www.praim.com\/es\/#organization","name":"Praim srl","url":"https:\/\/www.praim.com\/es\/","logo":{"@type":"ImageObject","inLanguage":"es","@id":"https:\/\/www.praim.com\/es\/#\/schema\/logo\/image\/","url":"https:\/\/www.praim.com\/wp-content\/uploads\/2019\/12\/praim-logo.png","contentUrl":"https:\/\/www.praim.com\/wp-content\/uploads\/2019\/12\/praim-logo.png","width":230,"height":230,"caption":"Praim srl"},"image":{"@id":"https:\/\/www.praim.com\/es\/#\/schema\/logo\/image\/"}}]}},"_links":{"self":[{"href":"https:\/\/www.praim.com\/es\/wp-json\/wp\/v2\/pages\/8090","targetHints":{"allow":["GET"]}}],"collection":[{"href":"https:\/\/www.praim.com\/es\/wp-json\/wp\/v2\/pages"}],"about":[{"href":"https:\/\/www.praim.com\/es\/wp-json\/wp\/v2\/types\/page"}],"author":[{"embeddable":true,"href":"https:\/\/www.praim.com\/es\/wp-json\/wp\/v2\/users\/14"}],"replies":[{"embeddable":true,"href":"https:\/\/www.praim.com\/es\/wp-json\/wp\/v2\/comments?post=8090"}],"version-history":[{"count":13,"href":"https:\/\/www.praim.com\/es\/wp-json\/wp\/v2\/pages\/8090\/revisions"}],"predecessor-version":[{"id":31471,"href":"https:\/\/www.praim.com\/es\/wp-json\/wp\/v2\/pages\/8090\/revisions\/31471"}],"wp:featuredmedia":[{"embeddable":true,"href":"https:\/\/www.praim.com\/es\/wp-json\/wp\/v2\/media\/26705"}],"wp:attachment":[{"href":"https:\/\/www.praim.com\/es\/wp-json\/wp\/v2\/media?parent=8090"}],"curies":[{"name":"wp","href":"https:\/\/api.w.org\/{rel}","templated":true}]}}