{"id":28997,"date":"2023-11-30T15:50:50","date_gmt":"2023-11-30T14:50:50","guid":{"rendered":"https:\/\/www.praim.com\/?page_id=28997"},"modified":"2026-02-04T09:39:43","modified_gmt":"2026-02-04T08:39:43","slug":"condizioni-generali-di-vendita","status":"publish","type":"page","link":"https:\/\/www.praim.com\/it\/condizioni-generali-di-vendita\/","title":{"rendered":"Condizioni generali di vendita"},"content":{"rendered":"<div class=\"fusion-fullwidth fullwidth-box fusion-builder-row-1 fusion-flex-container nonhundred-percent-fullwidth non-hundred-percent-height-scrolling\" style=\"--awb-border-radius-top-left:0px;--awb-border-radius-top-right:0px;--awb-border-radius-bottom-right:0px;--awb-border-radius-bottom-left:0px;--awb-padding-top:10px;--awb-padding-right:0px;--awb-padding-bottom:0px;--awb-padding-left:0px;--awb-margin-bottom:0px;--awb-flex-wrap:wrap;\" ><div class=\"fusion-builder-row fusion-row fusion-flex-align-items-flex-start fusion-flex-content-wrap\" style=\"max-width:1248px;margin-left: calc(-4% \/ 2 );margin-right: calc(-4% \/ 2 );\"><div class=\"fusion-layout-column fusion_builder_column fusion-builder-column-0 fusion_builder_column_1_1 1_1 fusion-flex-column\" style=\"--awb-bg-size:cover;--awb-width-large:100%;--awb-margin-top-large:0px;--awb-spacing-right-large:1.92%;--awb-margin-bottom-large:0px;--awb-spacing-left-large:1.92%;--awb-width-medium:100%;--awb-spacing-right-medium:1.92%;--awb-spacing-left-medium:1.92%;--awb-width-small:100%;--awb-spacing-right-small:1.92%;--awb-spacing-left-small:1.92%;\"><div class=\"fusion-column-wrapper fusion-flex-justify-content-flex-start fusion-content-layout-column\"><div class=\"fusion-text fusion-text-1\"><p>Questi termini e condizioni (\u201cTermini\u201d) si applicano a tutti i Prodotti e Software da o per conto del cliente (\u201cCliente\u201d) direttamente da\u00a0Profexional Srl, che opera con il marchio Praim, di seguito definita \u201cPraim\u201d,\u00a0solo per uso interno e ad esclusione di tutti gli altri termini e condizioni.<\/p>\n<p>I presenti Termini insieme ai documenti di quotazione Praim formano un contratto legalmente vincolante tra il Cliente e Praim per l\u2019acquisto di prodotti, software e servizi.<\/p>\n<p><strong>1. Prezzi e pagamento<\/strong><br \/>\n1.1. Ogni quotazione emessa da Praim saranno valide per 20 giorni a meno di diverse indicazioni nella quotazione.<br \/>\n1.2. I prezzi dei Prodotti, Software e Servizi saranno indicati nei documenti di quotazione emessi da Praim. Laddove le consegne avvengano in pi\u00f9 fasi, Praim potrebbe avere la necessit\u00e0 di adeguare i prezzi a causa di variazioni nei tassi di cambio, tasse, imposte, spese di trasporto e costi di acquisto se non diversamente concordato. Le quotazioni fornite da Praim sono al netto dell\u2019IVA, spese di trasporto e spese di assicurazione se non espressamente indicato nella quotazione. Tali spese sono a carico del Cliente in aggiunta ai prezzi indicati e possono apparire come articoli separati nei documenti d\u2019ordine.<br \/>\n1.3. Il pagamento dei Prodotti, Software o Servizi deve essere ricevuto da Praim entro il periodo di tempo concordato e indicato nei documenti di quotazione o, se non indicato, entro 30 giorni dalla data della fattura.<br \/>\n1.4. I termini di pagamento del Cliente sono soggetti a un controllo finanziario da parte di Praim. Praim ha il diritto di addebitare gli interessi sugli importi scaduti ad un tasso del 3% fino al completamento del pagamento. Qualora una somma dovuta dal Cliente a Praim non venisse pagata entro la data di scadenza, Praim avr\u00e0 il diritto di annullare o sospendere l&#8217;esecuzione dell&#8217;Accordo fino a quando non saranno stati stabiliti accordi di pagamento o di credito soddisfacenti per Praim.<\/p>\n<p><strong>2. Prodotti e spedizione<\/strong><br \/>\n2.1. Praim non sar\u00e0 responsabile per qualsiasi perdita (inclusa la perdita di profitti), costi, danni, oneri o spese causati direttamente o indirettamente da eventuali ritardi nella consegna dei Prodotti (anche se causati dalla negligenza di Praim).<br \/>\n2.2. La consegna dei Prodotti acquistati dal Cliente sar\u00e0 effettuata CIP (Franco Destino) (secondo le norme Incoterms 2020) nel luogo indicato dal Cliente. Praim avr\u00e0 il diritto di effettuare spedizioni parziali come concordato e ogni rata sar\u00e0 considerata una vendita separata e pertanto il pagamento sar\u00e0 dovuto in conformit\u00e0 con le condizioni di spedizione.<br \/>\n2.3. Se per qualsiasi motivo il Cliente non dovesse accettare la consegna di uno o pi\u00f9 Prodotti pronti per la spedizione o Praim non fosse in grado di spedire i Prodotti in tempo per mancanza di istruzioni, documenti, licenze o autorizzazioni non fornite dal Cliente, i Prodotti saranno comunque considerati consegnati e il rischio (incluso per Perdita o danno causato dalla negligenza di Praim) passer\u00e0 al Cliente, Praim potr\u00e0 conservare i Prodotti fino alla consegna effettiva e il Cliente sar\u00e0 responsabile per tutti i costi correlati (inclusi senza limitazione lo stoccaggio e l\u2019assicurazione).<\/p>\n<p><strong>3. Garanzia<\/strong><br \/>\n3.1. Praim offre una garanzia limitata come indicato nei termini di garanzia del prodotto a partire dalla data di acquisto. Il servizio di garanzia \u00e8 soggetto alla presentazione, da parte dell&#8217;acquirente, della prova di acquisto. Le merci o le parti sostituite o riparate in garanzia sono garantite solo per la parte non scaduta rimanente del periodo di garanzia originale. Questa garanzia \u00e8 fornita solo all&#8217;effettivo utente e non \u00e8 trasferibile.<br \/>\n3.2. Con riferimento ai prodotti software, Praim non garantisce che le funzioni contenute nel programma soddisfino tutti i requisiti degli utenti o che il funzionamento del programma sia ininterrotto o privo di errori.<br \/>\n3.3. L\u2019unica responsabilit\u00e0 e il RIMEDIO ESCLUSIVO di Praim di seguito saranno la riparazione o la sostituzione di qualsiasi merce difettosa. Questi rimedi sono applicabili solo nel caso in cui l&#8217;esame di tali prodotti da parte di Praim riveli che tali difetti esistono effettivamente e che i beni non sono stati (1) modificati o alterati; (2) soggetto a uso improprio, negligenza o incidente; o (3) collegati, installati, utilizzati o regolati diversamente dalle istruzioni fornite da Praim.<br \/>\n3.4. Tutti i prodotti considerati difettosi devono essere restituiti al luogo di riparazione designato solo dopo l&#8217;autorizzazione di Praim con costi di trasporto pagati in anticipo e a carico del cliente. Praim pagher\u00e0 per il trasporto di merci riparate o sostituite rispedite al cliente, a condizione che le merci restituite siano risultate difettose nell&#8217;ambito della garanzia di cui sopra. Se gli articoli non risultano difettosi, verranno restituiti a spese del cliente e con l\u2019applicazione delle spese per l&#8217;esame e il collaudo da parte di Praim.<\/p>\n<p><strong>4. Responsabilit\u00e0<\/strong><br \/>\n4.1. Nessuna delle parti esclude o limita la responsabilit\u00e0 verso l&#8217;altra parte per (1) morte o lesioni personali derivanti da negligenza, (2) frode o (3) falsa dichiarazione o (4) qualsiasi altra responsabilit\u00e0 che non pu\u00f2 essere esclusa dalla legge.<br \/>\n4.2. Nessuna delle parti sar\u00e0 responsabile per:<br \/>\n4.2.1. Perdite o danni speciali, indiretti o consequenziali;<br \/>\n4.2.2. Perdite di profitti, entrate o guadagni;<br \/>\n4.2.3. Perdita dell\u2019utilizzo di sistemi o reti del Cliente;<br \/>\n4.2.4. Perdita di reputazione;<br \/>\n4.2.5. Perdita, corruzione o danneggiamento di dati o software; o<br \/>\n4.2.6. Recupero di dati o programmi.<\/p>\n<p><strong>5. Conclusione<\/strong><br \/>\n5.1. Ciascuna parte pu\u00f2 recedere dal presente Accordo mediante comunicazione scritta se l\u2019altra parte:<br \/>\n5.1.1. commette una violazione sostanziale dell&#8217;Accordo e non riesce a porre rimedio a tale violazione entro 30 giorni dalla comunicazione scritta; o<br \/>\n5.1.2. cessa o minaccia di cessare, di svolgere attivit\u00e0 o diventa insolvente.<br \/>\n5.2. Praim pu\u00f2 recedere dal presente Accordo con immediata comunicazione scritta se il Cliente:<br \/>\n5.2.1. non paga correttamente somme dovute a Praim in conformit\u00e0 con l&#8217;Accordo;<br \/>\n5.2.2. violi, o Praim ragionevolmente sospetti che il Cliente abbia violato, le leggi sul controllo delle esportazioni;<br \/>\n5.2.3. violi qualsiasi obbligo, garanzia e indennit\u00e0 stabiliti nel Contratto.<br \/>\n5.3. Alla risoluzione del presente Accordo, tutti i diritti e gli obblighi delle parti relativi ai Prodotti e\/o Software attinenti ai Documenti di quotazione specifici ai sensi dell&#8217;Accordo, termineranno automaticamente, ad eccezione dei diritti di azione maturati prima della sua risoluzione.<\/p>\n<p><strong>6. Prestazione<\/strong><br \/>\nNessuna delle parti sar\u00e0 responsabile nei confronti dell&#8217;altra per il mancato adempimento di uno qualsiasi dei suoi obblighi (eccetto gli obblighi di pagamento) ai sensi del presente Accordo durante qualsiasi periodo in cui tale prestazione risulti ritardata a causa di circostanze al di fuori del ragionevole controllo di una delle parti, incluso, senza limitazione, incendio, alluvione, guerra, embargo, sciopero, sommossa o l&#8217;intervento di qualsiasi autorit\u00e0 governativa (&#8220;Evento di forza maggiore&#8221;) a condizione che la parte in ritardo fornisca all&#8217;altra parte un tempestivo avviso scritto di tale evento. Il ritardo nell\u2019esecuzione della parte deve essere giustificato per la durata dell&#8217;evento di forza maggiore; nel caso in cui l&#8217;evento di forza maggiore duri pi\u00f9 di 30 giorni, l&#8217;altra parte pu\u00f2 recedere immediatamente, in tutto o in parte, dal presente Accordo mediante notifica scritta alla parte in ritardo.<\/p>\n<\/div><\/div><\/div><\/div><\/div>\n","protected":false},"excerpt":{"rendered":"","protected":false},"author":7,"featured_media":29000,"parent":0,"menu_order":0,"comment_status":"closed","ping_status":"closed","template":"100-width.php","meta":{"_acf_changed":false,"content-type":"","footnotes":""},"class_list":["post-28997","page","type-page","status-publish","has-post-thumbnail","hentry"],"acf":[],"yoast_head":"<!-- This site is optimized with the Yoast SEO plugin v27.4 - https:\/\/yoast.com\/product\/yoast-seo-wordpress\/ -->\n<title>Condizioni generali di vendita &#8211; Praim<\/title>\n<meta name=\"robots\" content=\"noindex, nofollow\" \/>\n<meta property=\"og:locale\" content=\"it_IT\" \/>\n<meta property=\"og:type\" content=\"article\" \/>\n<meta property=\"og:title\" content=\"Condizioni generali di vendita &#8211; Praim\" \/>\n<meta property=\"og:url\" content=\"https:\/\/www.praim.com\/it\/condizioni-generali-di-vendita\/\" \/>\n<meta property=\"og:site_name\" content=\"Praim\" \/>\n<meta property=\"article:modified_time\" content=\"2026-02-04T08:39:43+00:00\" \/>\n<meta property=\"og:image\" content=\"https:\/\/www.praim.com\/wp-content\/uploads\/2023\/11\/Banner-Pagina-General-conditions-of-sale-1920x350-Praim.jpg\" \/>\n\t<meta property=\"og:image:width\" content=\"1920\" \/>\n\t<meta property=\"og:image:height\" content=\"350\" \/>\n\t<meta property=\"og:image:type\" content=\"image\/jpeg\" \/>\n<meta name=\"twitter:card\" content=\"summary_large_image\" \/>\n<meta name=\"twitter:label1\" content=\"Tempo di lettura stimato\" \/>\n\t<meta name=\"twitter:data1\" content=\"6 minuti\" \/>\n<script type=\"application\/ld+json\" class=\"yoast-schema-graph\">{\"@context\":\"https:\\\/\\\/schema.org\",\"@graph\":[{\"@type\":\"WebPage\",\"@id\":\"https:\\\/\\\/www.praim.com\\\/it\\\/condizioni-generali-di-vendita\\\/\",\"url\":\"https:\\\/\\\/www.praim.com\\\/it\\\/condizioni-generali-di-vendita\\\/\",\"name\":\"Condizioni generali di vendita &#8211; Praim\",\"isPartOf\":{\"@id\":\"https:\\\/\\\/www.praim.com\\\/it\\\/#website\"},\"primaryImageOfPage\":{\"@id\":\"https:\\\/\\\/www.praim.com\\\/it\\\/condizioni-generali-di-vendita\\\/#primaryimage\"},\"image\":{\"@id\":\"https:\\\/\\\/www.praim.com\\\/it\\\/condizioni-generali-di-vendita\\\/#primaryimage\"},\"thumbnailUrl\":\"https:\\\/\\\/www.praim.com\\\/wp-content\\\/uploads\\\/2023\\\/11\\\/Banner-Pagina-General-conditions-of-sale-1920x350-Praim.jpg\",\"datePublished\":\"2023-11-30T14:50:50+00:00\",\"dateModified\":\"2026-02-04T08:39:43+00:00\",\"breadcrumb\":{\"@id\":\"https:\\\/\\\/www.praim.com\\\/it\\\/condizioni-generali-di-vendita\\\/#breadcrumb\"},\"inLanguage\":\"it-IT\",\"potentialAction\":[{\"@type\":\"ReadAction\",\"target\":[\"https:\\\/\\\/www.praim.com\\\/it\\\/condizioni-generali-di-vendita\\\/\"]}]},{\"@type\":\"ImageObject\",\"inLanguage\":\"it-IT\",\"@id\":\"https:\\\/\\\/www.praim.com\\\/it\\\/condizioni-generali-di-vendita\\\/#primaryimage\",\"url\":\"https:\\\/\\\/www.praim.com\\\/wp-content\\\/uploads\\\/2023\\\/11\\\/Banner-Pagina-General-conditions-of-sale-1920x350-Praim.jpg\",\"contentUrl\":\"https:\\\/\\\/www.praim.com\\\/wp-content\\\/uploads\\\/2023\\\/11\\\/Banner-Pagina-General-conditions-of-sale-1920x350-Praim.jpg\",\"width\":1920,\"height\":350},{\"@type\":\"BreadcrumbList\",\"@id\":\"https:\\\/\\\/www.praim.com\\\/it\\\/condizioni-generali-di-vendita\\\/#breadcrumb\",\"itemListElement\":[{\"@type\":\"ListItem\",\"position\":1,\"name\":\"Home\",\"item\":\"https:\\\/\\\/www.praim.com\\\/it\\\/\"},{\"@type\":\"ListItem\",\"position\":2,\"name\":\"Condizioni generali di vendita\"}]},{\"@type\":\"WebSite\",\"@id\":\"https:\\\/\\\/www.praim.com\\\/it\\\/#website\",\"url\":\"https:\\\/\\\/www.praim.com\\\/it\\\/\",\"name\":\"Praim\",\"description\":\"Smart Access to your Cloud\",\"publisher\":{\"@id\":\"https:\\\/\\\/www.praim.com\\\/it\\\/#organization\"},\"potentialAction\":[{\"@type\":\"SearchAction\",\"target\":{\"@type\":\"EntryPoint\",\"urlTemplate\":\"https:\\\/\\\/www.praim.com\\\/it\\\/?s={search_term_string}\"},\"query-input\":{\"@type\":\"PropertyValueSpecification\",\"valueRequired\":true,\"valueName\":\"search_term_string\"}}],\"inLanguage\":\"it-IT\"},{\"@type\":\"Organization\",\"@id\":\"https:\\\/\\\/www.praim.com\\\/it\\\/#organization\",\"name\":\"Praim srl\",\"url\":\"https:\\\/\\\/www.praim.com\\\/it\\\/\",\"logo\":{\"@type\":\"ImageObject\",\"inLanguage\":\"it-IT\",\"@id\":\"https:\\\/\\\/www.praim.com\\\/it\\\/#\\\/schema\\\/logo\\\/image\\\/\",\"url\":\"https:\\\/\\\/www.praim.com\\\/wp-content\\\/uploads\\\/2019\\\/12\\\/praim-logo.png\",\"contentUrl\":\"https:\\\/\\\/www.praim.com\\\/wp-content\\\/uploads\\\/2019\\\/12\\\/praim-logo.png\",\"width\":230,\"height\":230,\"caption\":\"Praim srl\"},\"image\":{\"@id\":\"https:\\\/\\\/www.praim.com\\\/it\\\/#\\\/schema\\\/logo\\\/image\\\/\"}}]}<\/script>\n<!-- \/ Yoast SEO plugin. -->","yoast_head_json":{"title":"Condizioni generali di vendita &#8211; Praim","robots":{"index":"noindex","follow":"nofollow"},"og_locale":"it_IT","og_type":"article","og_title":"Condizioni generali di vendita &#8211; Praim","og_url":"https:\/\/www.praim.com\/it\/condizioni-generali-di-vendita\/","og_site_name":"Praim","article_modified_time":"2026-02-04T08:39:43+00:00","og_image":[{"width":1920,"height":350,"url":"https:\/\/www.praim.com\/wp-content\/uploads\/2023\/11\/Banner-Pagina-General-conditions-of-sale-1920x350-Praim.jpg","type":"image\/jpeg"}],"twitter_card":"summary_large_image","twitter_misc":{"Tempo di lettura stimato":"6 minuti"},"schema":{"@context":"https:\/\/schema.org","@graph":[{"@type":"WebPage","@id":"https:\/\/www.praim.com\/it\/condizioni-generali-di-vendita\/","url":"https:\/\/www.praim.com\/it\/condizioni-generali-di-vendita\/","name":"Condizioni generali di vendita &#8211; Praim","isPartOf":{"@id":"https:\/\/www.praim.com\/it\/#website"},"primaryImageOfPage":{"@id":"https:\/\/www.praim.com\/it\/condizioni-generali-di-vendita\/#primaryimage"},"image":{"@id":"https:\/\/www.praim.com\/it\/condizioni-generali-di-vendita\/#primaryimage"},"thumbnailUrl":"https:\/\/www.praim.com\/wp-content\/uploads\/2023\/11\/Banner-Pagina-General-conditions-of-sale-1920x350-Praim.jpg","datePublished":"2023-11-30T14:50:50+00:00","dateModified":"2026-02-04T08:39:43+00:00","breadcrumb":{"@id":"https:\/\/www.praim.com\/it\/condizioni-generali-di-vendita\/#breadcrumb"},"inLanguage":"it-IT","potentialAction":[{"@type":"ReadAction","target":["https:\/\/www.praim.com\/it\/condizioni-generali-di-vendita\/"]}]},{"@type":"ImageObject","inLanguage":"it-IT","@id":"https:\/\/www.praim.com\/it\/condizioni-generali-di-vendita\/#primaryimage","url":"https:\/\/www.praim.com\/wp-content\/uploads\/2023\/11\/Banner-Pagina-General-conditions-of-sale-1920x350-Praim.jpg","contentUrl":"https:\/\/www.praim.com\/wp-content\/uploads\/2023\/11\/Banner-Pagina-General-conditions-of-sale-1920x350-Praim.jpg","width":1920,"height":350},{"@type":"BreadcrumbList","@id":"https:\/\/www.praim.com\/it\/condizioni-generali-di-vendita\/#breadcrumb","itemListElement":[{"@type":"ListItem","position":1,"name":"Home","item":"https:\/\/www.praim.com\/it\/"},{"@type":"ListItem","position":2,"name":"Condizioni generali di vendita"}]},{"@type":"WebSite","@id":"https:\/\/www.praim.com\/it\/#website","url":"https:\/\/www.praim.com\/it\/","name":"Praim","description":"Smart Access to your Cloud","publisher":{"@id":"https:\/\/www.praim.com\/it\/#organization"},"potentialAction":[{"@type":"SearchAction","target":{"@type":"EntryPoint","urlTemplate":"https:\/\/www.praim.com\/it\/?s={search_term_string}"},"query-input":{"@type":"PropertyValueSpecification","valueRequired":true,"valueName":"search_term_string"}}],"inLanguage":"it-IT"},{"@type":"Organization","@id":"https:\/\/www.praim.com\/it\/#organization","name":"Praim srl","url":"https:\/\/www.praim.com\/it\/","logo":{"@type":"ImageObject","inLanguage":"it-IT","@id":"https:\/\/www.praim.com\/it\/#\/schema\/logo\/image\/","url":"https:\/\/www.praim.com\/wp-content\/uploads\/2019\/12\/praim-logo.png","contentUrl":"https:\/\/www.praim.com\/wp-content\/uploads\/2019\/12\/praim-logo.png","width":230,"height":230,"caption":"Praim srl"},"image":{"@id":"https:\/\/www.praim.com\/it\/#\/schema\/logo\/image\/"}}]}},"_links":{"self":[{"href":"https:\/\/www.praim.com\/it\/wp-json\/wp\/v2\/pages\/28997","targetHints":{"allow":["GET"]}}],"collection":[{"href":"https:\/\/www.praim.com\/it\/wp-json\/wp\/v2\/pages"}],"about":[{"href":"https:\/\/www.praim.com\/it\/wp-json\/wp\/v2\/types\/page"}],"author":[{"embeddable":true,"href":"https:\/\/www.praim.com\/it\/wp-json\/wp\/v2\/users\/7"}],"replies":[{"embeddable":true,"href":"https:\/\/www.praim.com\/it\/wp-json\/wp\/v2\/comments?post=28997"}],"version-history":[{"count":4,"href":"https:\/\/www.praim.com\/it\/wp-json\/wp\/v2\/pages\/28997\/revisions"}],"predecessor-version":[{"id":31556,"href":"https:\/\/www.praim.com\/it\/wp-json\/wp\/v2\/pages\/28997\/revisions\/31556"}],"wp:featuredmedia":[{"embeddable":true,"href":"https:\/\/www.praim.com\/it\/wp-json\/wp\/v2\/media\/29000"}],"wp:attachment":[{"href":"https:\/\/www.praim.com\/it\/wp-json\/wp\/v2\/media?parent=28997"}],"curies":[{"name":"wp","href":"https:\/\/api.w.org\/{rel}","templated":true}]}}