{"id":30367,"date":"2024-10-10T09:40:18","date_gmt":"2024-10-10T07:40:18","guid":{"rendered":"https:\/\/www.praim.com\/?page_id=30367"},"modified":"2024-10-21T16:58:59","modified_gmt":"2024-10-21T14:58:59","slug":"supporto-praim","status":"publish","type":"page","link":"https:\/\/www.praim.com\/it\/supporto-praim\/","title":{"rendered":"Supporto Praim"},"content":{"rendered":"<p><div class=\"fusion-fullwidth fullwidth-box fusion-builder-row-1 fusion-flex-container has-pattern-background has-mask-background nonhundred-percent-fullwidth non-hundred-percent-height-scrolling\" style=\"--awb-border-radius-top-left:0px;--awb-border-radius-top-right:0px;--awb-border-radius-bottom-right:0px;--awb-border-radius-bottom-left:0px;--awb-padding-top:0px;--awb-padding-bottom:0px;--awb-margin-top:0px;--awb-margin-bottom:0px;--awb-flex-wrap:wrap;\" ><div class=\"fusion-builder-row fusion-row fusion-flex-align-items-flex-start fusion-flex-content-wrap\" style=\"max-width:1248px;margin-left: calc(-4% \/ 2 );margin-right: calc(-4% \/ 2 );\"><div class=\"fusion-layout-column fusion_builder_column fusion-builder-column-0 fusion_builder_column_1_1 1_1 fusion-flex-column\" style=\"--awb-bg-size:cover;--awb-width-large:100%;--awb-margin-top-large:0px;--awb-spacing-right-large:1.92%;--awb-margin-bottom-large:0px;--awb-spacing-left-large:1.92%;--awb-width-medium:100%;--awb-order-medium:0;--awb-spacing-right-medium:1.92%;--awb-spacing-left-medium:1.92%;--awb-width-small:100%;--awb-order-small:0;--awb-spacing-right-small:1.92%;--awb-spacing-left-small:1.92%;\" data-scroll-devices=\"small-visibility,medium-visibility,large-visibility\"><div class=\"fusion-column-wrapper fusion-column-has-shadow fusion-flex-justify-content-flex-start fusion-content-layout-column\"><div class=\"fusion-text fusion-text-1\"><p style=\"text-align: center; letter-spacing: .0em; color: #333333; font-size: 22px; font-weight: 400; line-height: 1.2em;\"><strong><span style=\"font-size: 20pt;\">Consulta le nostre guide!<\/span><br \/>\n<\/strong><\/p>\n<\/div><\/div><\/div><\/div><\/div><div class=\"fusion-fullwidth fullwidth-box fusion-builder-row-2 fusion-flex-container has-pattern-background has-mask-background hundred-percent-fullwidth non-hundred-percent-height-scrolling\" style=\"--awb-border-radius-top-left:0px;--awb-border-radius-top-right:0px;--awb-border-radius-bottom-right:0px;--awb-border-radius-bottom-left:0px;--awb-padding-top:0px;--awb-padding-right:0px;--awb-padding-bottom:0px;--awb-padding-left:0px;--awb-flex-wrap:wrap;\" ><div class=\"fusion-builder-row fusion-row fusion-flex-align-items-flex-start fusion-flex-content-wrap\" style=\"width:104% !important;max-width:104% !important;margin-left: calc(-4% \/ 2 );margin-right: calc(-4% \/ 2 );\"><div class=\"fusion-layout-column fusion_builder_column fusion-builder-column-1 fusion_builder_column_1_1 1_1 fusion-flex-column\" style=\"--awb-bg-size:cover;--awb-border-color:#000000;--awb-border-top:0;--awb-border-right:0;--awb-border-bottom:0;--awb-border-left:0;--awb-border-style:solid;--awb-width-large:100%;--awb-margin-top-large:0px;--awb-spacing-right-large:1.92%;--awb-margin-bottom-large:20px;--awb-spacing-left-large:1.92%;--awb-width-medium:100%;--awb-order-medium:0;--awb-spacing-right-medium:1.92%;--awb-spacing-left-medium:1.92%;--awb-width-small:100%;--awb-order-small:0;--awb-spacing-right-small:1.92%;--awb-spacing-left-small:1.92%;\" data-scroll-devices=\"small-visibility,medium-visibility,large-visibility\"><div class=\"fusion-column-wrapper fusion-column-has-shadow fusion-flex-justify-content-flex-start fusion-content-layout-column\"><div class=\"fusion-content-boxes content-boxes columns row fusion-columns-2 fusion-columns-total-2 fusion-content-boxes-1 content-boxes-icon-with-title content-left\" style=\"--awb-backgroundcolor:#f8fafc;--awb-body-color:#000000;--awb-title-color:#41a1d0;--awb-margin-bottom:0px;--awb-hover-accent-color:#a0ce4e;--awb-circle-hover-accent-color:#a0ce4e;\" data-animationOffset=\"top-into-view\"><div style=\"--awb-backgroundcolor:#f8fafc;\" class=\"fusion-column content-box-column content-box-column content-box-column-1 col-lg-6 col-md-6 col-sm-6 fusion-content-box-hover content-box-column-first-in-row\"><div class=\"col content-box-wrapper content-wrapper-background link-area-link-icon icon-hover-animation-fade\" data-animationOffset=\"top-into-view\"><div class=\"fusion-clearfix\"><\/div><div class=\"content-container\">\n<p><a title=\"\" href=\"https:\/\/wiki.praim.com\/\" target=\"_blank\" rel=\"noopener\"><img decoding=\"async\" class=\"lazyload alignnone size-full wp-image-24434\" src=\"https:\/\/www.praim.com\/wp-content\/uploads\/2022\/04\/banner-link-PraimWiki-844x650-1.png\" data-orig-src=\"https:\/\/www.praim.com\/wp-content\/uploads\/2022\/04\/banner-link-PraimWiki-844x650-1.png\" alt=\"\" width=\"844\" height=\"650\" srcset=\"data:image\/svg+xml,%3Csvg%20xmlns%3D%27http%3A%2F%2Fwww.w3.org%2F2000%2Fsvg%27%20width%3D%27844%27%20height%3D%27650%27%20viewBox%3D%270%200%20844%20650%27%3E%3Crect%20width%3D%27844%27%20height%3D%27650%27%20fill-opacity%3D%220%22%2F%3E%3C%2Fsvg%3E\" data-srcset=\"https:\/\/www.praim.com\/wp-content\/uploads\/2022\/04\/banner-link-PraimWiki-844x650-1-300x231.png 300w, https:\/\/www.praim.com\/wp-content\/uploads\/2022\/04\/banner-link-PraimWiki-844x650-1-768x591.png 768w, https:\/\/www.praim.com\/wp-content\/uploads\/2022\/04\/banner-link-PraimWiki-844x650-1.png 844w\" data-sizes=\"auto\" data-orig-sizes=\"(max-width: 844px) 100vw, 844px\" \/><\/a><\/p>\n<\/div><\/div><\/div><div style=\"--awb-backgroundcolor:#f8fafc;\" class=\"fusion-column content-box-column content-box-column content-box-column-2 col-lg-6 col-md-6 col-sm-6 fusion-content-box-hover content-box-column-last content-box-column-last-in-row\"><div class=\"col content-box-wrapper content-wrapper-background link-area-link-icon icon-hover-animation-fade\" data-animationOffset=\"top-into-view\"><div class=\"heading icon-left\"><h2 class=\"content-box-heading fusion-responsive-typography-calculated\" style=\"--h2_typography-font-size:24px;--fontSize:24;line-height:var(--awb-typography2-line-height);\">Documentazione tecnica<\/h2><\/div><div class=\"fusion-clearfix\"><\/div><div class=\"content-container\">\n<p>La <a title=\"\" href=\"https:\/\/wiki.praim.com\/\" target=\"_blank\" rel=\"noopener\"><strong>Wiki<\/strong><\/a> \u00e8 una miniera di informazioni tecniche dettagliate su tutti i prodotti Praim. Con le sue sezioni dedicate ti guida all\u2019installazione passo-passo dei nuovi prodotti e alla scoperta di tutte le funzionalit\u00e0. Che tu sia un nuovo utilizzatore Praim o un tecnico gi\u00e0 esperto, la nostra Wiki sar\u00e0 il tuo riferimento.<br \/>\nScopri come affrontare le tue sfide tecniche in modo rapido ed efficace consultando:<\/p>\n<ul>\n<li>Documentazione tecnica di prodotto<\/li>\n<li>Guide introduttive &#8220;Getting Started&#8221;<\/li>\n<li>How-To &amp; FAQ<\/li>\n<li>Release notes<\/li>\n<li>Ciclo di vita dei prodotti Praim<\/li>\n<\/ul>\n<\/div><\/div><\/div><div class=\"fusion-clearfix\"><\/div><\/div><\/div><\/div><\/div><\/div><div class=\"fusion-fullwidth fullwidth-box fusion-builder-row-3 fusion-flex-container has-pattern-background has-mask-background nonhundred-percent-fullwidth non-hundred-percent-height-scrolling\" style=\"--awb-border-radius-top-left:0px;--awb-border-radius-top-right:0px;--awb-border-radius-bottom-right:0px;--awb-border-radius-bottom-left:0px;--awb-padding-top:0px;--awb-padding-bottom:0px;--awb-margin-top:0px;--awb-margin-bottom:0px;--awb-flex-wrap:wrap;\" ><div class=\"fusion-builder-row fusion-row fusion-flex-align-items-flex-start fusion-flex-content-wrap\" style=\"max-width:1248px;margin-left: calc(-4% \/ 2 );margin-right: calc(-4% \/ 2 );\"><div class=\"fusion-layout-column fusion_builder_column fusion-builder-column-2 fusion_builder_column_1_1 1_1 fusion-flex-column\" style=\"--awb-bg-size:cover;--awb-width-large:100%;--awb-margin-top-large:0px;--awb-spacing-right-large:1.92%;--awb-margin-bottom-large:0px;--awb-spacing-left-large:1.92%;--awb-width-medium:100%;--awb-order-medium:0;--awb-spacing-right-medium:1.92%;--awb-spacing-left-medium:1.92%;--awb-width-small:100%;--awb-order-small:0;--awb-spacing-right-small:1.92%;--awb-spacing-left-small:1.92%;\" data-scroll-devices=\"small-visibility,medium-visibility,large-visibility\"><div class=\"fusion-column-wrapper fusion-column-has-shadow fusion-flex-justify-content-flex-start fusion-content-layout-column\"><div class=\"fusion-text fusion-text-2\"><p style=\"text-align: center; letter-spacing: .0em; color: #333333; font-size: 22px; font-weight: 400; line-height: 1.2em;\"><strong><span style=\"font-size: 20pt;\">Iscriviti a MyPraim!<\/span><br \/>\n<\/strong><\/p>\n<\/div><\/div><\/div><\/div><\/div><div class=\"fusion-fullwidth fullwidth-box fusion-builder-row-4 fusion-flex-container has-pattern-background has-mask-background hundred-percent-fullwidth non-hundred-percent-height-scrolling\" style=\"--awb-border-radius-top-left:0px;--awb-border-radius-top-right:0px;--awb-border-radius-bottom-right:0px;--awb-border-radius-bottom-left:0px;--awb-padding-top:0px;--awb-padding-right:0px;--awb-padding-bottom:0px;--awb-padding-left:0px;--awb-margin-top:0px;--awb-margin-bottom:30px;--awb-flex-wrap:wrap;\" ><div class=\"fusion-builder-row fusion-row fusion-flex-align-items-flex-start fusion-flex-content-wrap\" style=\"width:104% !important;max-width:104% !important;margin-left: calc(-4% \/ 2 );margin-right: calc(-4% \/ 2 );\"><div class=\"fusion-layout-column fusion_builder_column fusion-builder-column-3 fusion_builder_column_1_1 1_1 fusion-flex-column\" style=\"--awb-bg-size:cover;--awb-border-color:#000000;--awb-border-top:0;--awb-border-right:0;--awb-border-bottom:0;--awb-border-left:0;--awb-border-style:solid;--awb-width-large:100%;--awb-margin-top-large:0px;--awb-spacing-right-large:1.92%;--awb-margin-bottom-large:20px;--awb-spacing-left-large:1.92%;--awb-width-medium:100%;--awb-order-medium:0;--awb-spacing-right-medium:1.92%;--awb-spacing-left-medium:1.92%;--awb-width-small:100%;--awb-order-small:0;--awb-spacing-right-small:1.92%;--awb-spacing-left-small:1.92%;\" data-scroll-devices=\"small-visibility,medium-visibility,large-visibility\"><div class=\"fusion-column-wrapper fusion-column-has-shadow fusion-flex-justify-content-flex-start fusion-content-layout-column\"><div class=\"fusion-content-boxes content-boxes columns row fusion-columns-2 fusion-columns-total-2 fusion-content-boxes-2 content-boxes-icon-with-title content-left\" style=\"--awb-backgroundcolor:#f8fafc;--awb-body-color:#000000;--awb-title-color:#41a1d0;--awb-margin-bottom:0px;--awb-hover-accent-color:#a0ce4e;--awb-circle-hover-accent-color:#a0ce4e;\" data-animationOffset=\"top-into-view\"><div style=\"--awb-backgroundcolor:#f8fafc;\" class=\"fusion-column content-box-column content-box-column content-box-column-1 col-lg-6 col-md-6 col-sm-6 fusion-content-box-hover content-box-column-first-in-row\"><div class=\"col content-box-wrapper content-wrapper-background link-area-link-icon icon-hover-animation-fade\" data-animationOffset=\"top-into-view\"><div class=\"fusion-clearfix\"><\/div><div class=\"content-container\">\n<p><a title=\"\" href=\"https:\/\/my.cloud.praim.com\/\" target=\"_blank\" rel=\"noopener\"><img decoding=\"async\" class=\"lazyload alignnone size-full wp-image-24431\" src=\"https:\/\/www.praim.com\/wp-content\/uploads\/2022\/04\/banner-link-MyPraim-844x650-1.png\" data-orig-src=\"https:\/\/www.praim.com\/wp-content\/uploads\/2022\/04\/banner-link-MyPraim-844x650-1.png\" alt=\"\" width=\"844\" height=\"650\" srcset=\"data:image\/svg+xml,%3Csvg%20xmlns%3D%27http%3A%2F%2Fwww.w3.org%2F2000%2Fsvg%27%20width%3D%27844%27%20height%3D%27650%27%20viewBox%3D%270%200%20844%20650%27%3E%3Crect%20width%3D%27844%27%20height%3D%27650%27%20fill-opacity%3D%220%22%2F%3E%3C%2Fsvg%3E\" data-srcset=\"https:\/\/www.praim.com\/wp-content\/uploads\/2022\/04\/banner-link-MyPraim-844x650-1-300x231.png 300w, https:\/\/www.praim.com\/wp-content\/uploads\/2022\/04\/banner-link-MyPraim-844x650-1-768x591.png 768w, https:\/\/www.praim.com\/wp-content\/uploads\/2022\/04\/banner-link-MyPraim-844x650-1.png 844w\" data-sizes=\"auto\" data-orig-sizes=\"(max-width: 844px) 100vw, 844px\" \/><\/a><\/p>\n<\/div><\/div><\/div><div style=\"--awb-backgroundcolor:#f8fafc;\" class=\"fusion-column content-box-column content-box-column content-box-column-2 col-lg-6 col-md-6 col-sm-6 fusion-content-box-hover content-box-column-last content-box-column-last-in-row\"><div class=\"col content-box-wrapper content-wrapper-background link-area-link-icon icon-hover-animation-fade\" data-animationOffset=\"top-into-view\"><div class=\"heading icon-left\"><h2 class=\"content-box-heading fusion-responsive-typography-calculated\" style=\"--h2_typography-font-size:24px;--fontSize:24;line-height:var(--awb-typography2-line-height);\">Portale servizi<\/h2><\/div><div class=\"fusion-clearfix\"><\/div><div class=\"content-container\">\n<p><a title=\"\" href=\"https:\/\/my.cloud.praim.com\/\" target=\"_blank\" rel=\"noopener\"><strong>MyPraim <\/strong><\/a>\u00e8 l\u2019area privata pensata per offrirti tutti gli strumenti utili a gestire i tuoi prodotti Praim. Richiedi supporto, accedi a contenuti esclusivi, gestisci i tuoi dispositivi in modo semplice e intuitivo e scopri le ultime novit\u00e0 del mondo Praim. Registrati e inizia a sfruttare tutti i vantaggi riservati ai nostri clienti:<\/p>\n<ul>\n<li>Apri ticket di supporto<\/li>\n<li>Scarica aggiornamenti software e firmware<\/li>\n<li>Accedi alle trial di prodotto<\/li>\n<li>Registra i prodotti<\/li>\n<li>Verifica licenze software e garanzie<\/li>\n<\/ul>\n<p>Inoltre, se sei un rivenditore, puoi anche rinnovare la Partnership ed effettuare Deal Registration.<\/p>\n<\/div><\/div><\/div><div class=\"fusion-clearfix\"><\/div><\/div><\/div><\/div><\/div><\/div><\/p>\n","protected":false},"excerpt":{"rendered":"","protected":false},"author":7,"featured_media":30433,"parent":0,"menu_order":0,"comment_status":"closed","ping_status":"closed","template":"100-width.php","meta":{"_acf_changed":false,"content-type":"","footnotes":""},"class_list":["post-30367","page","type-page","status-publish","has-post-thumbnail","hentry"],"acf":[],"yoast_head":"<!-- This site is optimized with the Yoast SEO plugin v27.3 - https:\/\/yoast.com\/product\/yoast-seo-wordpress\/ -->\n<title>Supporto Praim &#8211; Praim<\/title>\n<meta name=\"description\" content=\"I servizi Praim e il supporto tecnico sono la miglior garanzia e sono accessibili attraverso la Wiki e l\u2019area privata MyPraim. scopri come!\" \/>\n<meta name=\"robots\" content=\"index, follow, max-snippet:-1, max-image-preview:large, max-video-preview:-1\" \/>\n<link rel=\"canonical\" href=\"https:\/\/www.praim.com\/it\/supporto-praim\/\" \/>\n<meta property=\"og:locale\" content=\"it_IT\" \/>\n<meta property=\"og:type\" content=\"article\" \/>\n<meta property=\"og:title\" content=\"Supporto Praim &#8211; Praim\" \/>\n<meta property=\"og:description\" content=\"I servizi Praim e il supporto tecnico sono la miglior garanzia e sono accessibili attraverso la Wiki e l\u2019area privata MyPraim. scopri come!\" \/>\n<meta property=\"og:url\" content=\"https:\/\/www.praim.com\/it\/supporto-praim\/\" \/>\n<meta property=\"og:site_name\" content=\"Praim\" \/>\n<meta property=\"article:modified_time\" content=\"2024-10-21T14:58:59+00:00\" \/>\n<meta property=\"og:image\" content=\"https:\/\/www.praim.com\/wp-content\/uploads\/2024\/10\/Praim-Support.jpg\" \/>\n\t<meta property=\"og:image:width\" content=\"1920\" \/>\n\t<meta property=\"og:image:height\" content=\"350\" \/>\n\t<meta property=\"og:image:type\" content=\"image\/jpeg\" \/>\n<meta name=\"twitter:card\" content=\"summary_large_image\" \/>\n<meta name=\"twitter:label1\" content=\"Tempo di lettura stimato\" \/>\n\t<meta name=\"twitter:data1\" content=\"2 minuti\" \/>\n<script type=\"application\/ld+json\" class=\"yoast-schema-graph\">{\"@context\":\"https:\\\/\\\/schema.org\",\"@graph\":[{\"@type\":\"WebPage\",\"@id\":\"https:\\\/\\\/www.praim.com\\\/it\\\/supporto-praim\\\/\",\"url\":\"https:\\\/\\\/www.praim.com\\\/it\\\/supporto-praim\\\/\",\"name\":\"Supporto Praim &#8211; Praim\",\"isPartOf\":{\"@id\":\"https:\\\/\\\/www.praim.com\\\/it\\\/#website\"},\"primaryImageOfPage\":{\"@id\":\"https:\\\/\\\/www.praim.com\\\/it\\\/supporto-praim\\\/#primaryimage\"},\"image\":{\"@id\":\"https:\\\/\\\/www.praim.com\\\/it\\\/supporto-praim\\\/#primaryimage\"},\"thumbnailUrl\":\"https:\\\/\\\/www.praim.com\\\/wp-content\\\/uploads\\\/2024\\\/10\\\/Praim-Support.jpg\",\"datePublished\":\"2024-10-10T07:40:18+00:00\",\"dateModified\":\"2024-10-21T14:58:59+00:00\",\"description\":\"I servizi Praim e il supporto tecnico sono la miglior garanzia e sono accessibili attraverso la Wiki e l\u2019area privata MyPraim. scopri come!\",\"breadcrumb\":{\"@id\":\"https:\\\/\\\/www.praim.com\\\/it\\\/supporto-praim\\\/#breadcrumb\"},\"inLanguage\":\"it-IT\",\"potentialAction\":[{\"@type\":\"ReadAction\",\"target\":[\"https:\\\/\\\/www.praim.com\\\/it\\\/supporto-praim\\\/\"]}]},{\"@type\":\"ImageObject\",\"inLanguage\":\"it-IT\",\"@id\":\"https:\\\/\\\/www.praim.com\\\/it\\\/supporto-praim\\\/#primaryimage\",\"url\":\"https:\\\/\\\/www.praim.com\\\/wp-content\\\/uploads\\\/2024\\\/10\\\/Praim-Support.jpg\",\"contentUrl\":\"https:\\\/\\\/www.praim.com\\\/wp-content\\\/uploads\\\/2024\\\/10\\\/Praim-Support.jpg\",\"width\":1920,\"height\":350},{\"@type\":\"BreadcrumbList\",\"@id\":\"https:\\\/\\\/www.praim.com\\\/it\\\/supporto-praim\\\/#breadcrumb\",\"itemListElement\":[{\"@type\":\"ListItem\",\"position\":1,\"name\":\"Home\",\"item\":\"https:\\\/\\\/www.praim.com\\\/it\\\/\"},{\"@type\":\"ListItem\",\"position\":2,\"name\":\"Supporto Praim\"}]},{\"@type\":\"WebSite\",\"@id\":\"https:\\\/\\\/www.praim.com\\\/it\\\/#website\",\"url\":\"https:\\\/\\\/www.praim.com\\\/it\\\/\",\"name\":\"Praim\",\"description\":\"Smart Access to your Cloud\",\"publisher\":{\"@id\":\"https:\\\/\\\/www.praim.com\\\/it\\\/#organization\"},\"potentialAction\":[{\"@type\":\"SearchAction\",\"target\":{\"@type\":\"EntryPoint\",\"urlTemplate\":\"https:\\\/\\\/www.praim.com\\\/it\\\/?s={search_term_string}\"},\"query-input\":{\"@type\":\"PropertyValueSpecification\",\"valueRequired\":true,\"valueName\":\"search_term_string\"}}],\"inLanguage\":\"it-IT\"},{\"@type\":\"Organization\",\"@id\":\"https:\\\/\\\/www.praim.com\\\/it\\\/#organization\",\"name\":\"Praim srl\",\"url\":\"https:\\\/\\\/www.praim.com\\\/it\\\/\",\"logo\":{\"@type\":\"ImageObject\",\"inLanguage\":\"it-IT\",\"@id\":\"https:\\\/\\\/www.praim.com\\\/it\\\/#\\\/schema\\\/logo\\\/image\\\/\",\"url\":\"https:\\\/\\\/www.praim.com\\\/wp-content\\\/uploads\\\/2019\\\/12\\\/praim-logo.png\",\"contentUrl\":\"https:\\\/\\\/www.praim.com\\\/wp-content\\\/uploads\\\/2019\\\/12\\\/praim-logo.png\",\"width\":230,\"height\":230,\"caption\":\"Praim srl\"},\"image\":{\"@id\":\"https:\\\/\\\/www.praim.com\\\/it\\\/#\\\/schema\\\/logo\\\/image\\\/\"}}]}<\/script>\n<!-- \/ Yoast SEO plugin. -->","yoast_head_json":{"title":"Supporto Praim &#8211; Praim","description":"I servizi Praim e il supporto tecnico sono la miglior garanzia e sono accessibili attraverso la Wiki e l\u2019area privata MyPraim. scopri come!","robots":{"index":"index","follow":"follow","max-snippet":"max-snippet:-1","max-image-preview":"max-image-preview:large","max-video-preview":"max-video-preview:-1"},"canonical":"https:\/\/www.praim.com\/it\/supporto-praim\/","og_locale":"it_IT","og_type":"article","og_title":"Supporto Praim &#8211; Praim","og_description":"I servizi Praim e il supporto tecnico sono la miglior garanzia e sono accessibili attraverso la Wiki e l\u2019area privata MyPraim. scopri come!","og_url":"https:\/\/www.praim.com\/it\/supporto-praim\/","og_site_name":"Praim","article_modified_time":"2024-10-21T14:58:59+00:00","og_image":[{"width":1920,"height":350,"url":"https:\/\/www.praim.com\/wp-content\/uploads\/2024\/10\/Praim-Support.jpg","type":"image\/jpeg"}],"twitter_card":"summary_large_image","twitter_misc":{"Tempo di lettura stimato":"2 minuti"},"schema":{"@context":"https:\/\/schema.org","@graph":[{"@type":"WebPage","@id":"https:\/\/www.praim.com\/it\/supporto-praim\/","url":"https:\/\/www.praim.com\/it\/supporto-praim\/","name":"Supporto Praim &#8211; Praim","isPartOf":{"@id":"https:\/\/www.praim.com\/it\/#website"},"primaryImageOfPage":{"@id":"https:\/\/www.praim.com\/it\/supporto-praim\/#primaryimage"},"image":{"@id":"https:\/\/www.praim.com\/it\/supporto-praim\/#primaryimage"},"thumbnailUrl":"https:\/\/www.praim.com\/wp-content\/uploads\/2024\/10\/Praim-Support.jpg","datePublished":"2024-10-10T07:40:18+00:00","dateModified":"2024-10-21T14:58:59+00:00","description":"I servizi Praim e il supporto tecnico sono la miglior garanzia e sono accessibili attraverso la Wiki e l\u2019area privata MyPraim. scopri come!","breadcrumb":{"@id":"https:\/\/www.praim.com\/it\/supporto-praim\/#breadcrumb"},"inLanguage":"it-IT","potentialAction":[{"@type":"ReadAction","target":["https:\/\/www.praim.com\/it\/supporto-praim\/"]}]},{"@type":"ImageObject","inLanguage":"it-IT","@id":"https:\/\/www.praim.com\/it\/supporto-praim\/#primaryimage","url":"https:\/\/www.praim.com\/wp-content\/uploads\/2024\/10\/Praim-Support.jpg","contentUrl":"https:\/\/www.praim.com\/wp-content\/uploads\/2024\/10\/Praim-Support.jpg","width":1920,"height":350},{"@type":"BreadcrumbList","@id":"https:\/\/www.praim.com\/it\/supporto-praim\/#breadcrumb","itemListElement":[{"@type":"ListItem","position":1,"name":"Home","item":"https:\/\/www.praim.com\/it\/"},{"@type":"ListItem","position":2,"name":"Supporto Praim"}]},{"@type":"WebSite","@id":"https:\/\/www.praim.com\/it\/#website","url":"https:\/\/www.praim.com\/it\/","name":"Praim","description":"Smart Access to your Cloud","publisher":{"@id":"https:\/\/www.praim.com\/it\/#organization"},"potentialAction":[{"@type":"SearchAction","target":{"@type":"EntryPoint","urlTemplate":"https:\/\/www.praim.com\/it\/?s={search_term_string}"},"query-input":{"@type":"PropertyValueSpecification","valueRequired":true,"valueName":"search_term_string"}}],"inLanguage":"it-IT"},{"@type":"Organization","@id":"https:\/\/www.praim.com\/it\/#organization","name":"Praim srl","url":"https:\/\/www.praim.com\/it\/","logo":{"@type":"ImageObject","inLanguage":"it-IT","@id":"https:\/\/www.praim.com\/it\/#\/schema\/logo\/image\/","url":"https:\/\/www.praim.com\/wp-content\/uploads\/2019\/12\/praim-logo.png","contentUrl":"https:\/\/www.praim.com\/wp-content\/uploads\/2019\/12\/praim-logo.png","width":230,"height":230,"caption":"Praim srl"},"image":{"@id":"https:\/\/www.praim.com\/it\/#\/schema\/logo\/image\/"}}]}},"_links":{"self":[{"href":"https:\/\/www.praim.com\/it\/wp-json\/wp\/v2\/pages\/30367","targetHints":{"allow":["GET"]}}],"collection":[{"href":"https:\/\/www.praim.com\/it\/wp-json\/wp\/v2\/pages"}],"about":[{"href":"https:\/\/www.praim.com\/it\/wp-json\/wp\/v2\/types\/page"}],"author":[{"embeddable":true,"href":"https:\/\/www.praim.com\/it\/wp-json\/wp\/v2\/users\/7"}],"replies":[{"embeddable":true,"href":"https:\/\/www.praim.com\/it\/wp-json\/wp\/v2\/comments?post=30367"}],"version-history":[{"count":39,"href":"https:\/\/www.praim.com\/it\/wp-json\/wp\/v2\/pages\/30367\/revisions"}],"predecessor-version":[{"id":30436,"href":"https:\/\/www.praim.com\/it\/wp-json\/wp\/v2\/pages\/30367\/revisions\/30436"}],"wp:featuredmedia":[{"embeddable":true,"href":"https:\/\/www.praim.com\/it\/wp-json\/wp\/v2\/media\/30433"}],"wp:attachment":[{"href":"https:\/\/www.praim.com\/it\/wp-json\/wp\/v2\/media?parent=30367"}],"curies":[{"name":"wp","href":"https:\/\/api.w.org\/{rel}","templated":true}]}}