{"id":7548,"date":"2019-01-07T20:52:46","date_gmt":"2019-01-08T01:52:46","guid":{"rendered":"https:\/\/www.praim.com\/?page_id=7548"},"modified":"2025-12-03T12:50:27","modified_gmt":"2025-12-03T11:50:27","slug":"privacy-and-cookie-policy","status":"publish","type":"page","link":"https:\/\/www.praim.com\/it\/privacy-and-cookie-policy\/","title":{"rendered":"Privacy e Cookie Policy"},"content":{"rendered":"<div class=\"fusion-fullwidth fullwidth-box fusion-builder-row-1 fusion-flex-container nonhundred-percent-fullwidth non-hundred-percent-height-scrolling\" style=\"--awb-border-radius-top-left:0px;--awb-border-radius-top-right:0px;--awb-border-radius-bottom-right:0px;--awb-border-radius-bottom-left:0px;--awb-padding-top:10px;--awb-padding-right:0px;--awb-padding-bottom:0px;--awb-padding-left:0px;--awb-margin-bottom:0px;--awb-flex-wrap:wrap;\" ><div class=\"fusion-builder-row fusion-row fusion-flex-align-items-flex-start fusion-flex-content-wrap\" style=\"max-width:1248px;margin-left: calc(-4% \/ 2 );margin-right: calc(-4% \/ 2 );\"><div class=\"fusion-layout-column fusion_builder_column fusion-builder-column-0 fusion_builder_column_1_1 1_1 fusion-flex-column\" style=\"--awb-bg-size:cover;--awb-width-large:100%;--awb-margin-top-large:0px;--awb-spacing-right-large:1.92%;--awb-margin-bottom-large:0px;--awb-spacing-left-large:1.92%;--awb-width-medium:100%;--awb-spacing-right-medium:1.92%;--awb-spacing-left-medium:1.92%;--awb-width-small:100%;--awb-spacing-right-small:1.92%;--awb-spacing-left-small:1.92%;\"><div class=\"fusion-column-wrapper fusion-flex-justify-content-flex-start fusion-content-layout-column\"><div class=\"fusion-text fusion-text-1\"><p>Ai sensi della normativa vigente e di quanto previsto dall\u2019art. 13 del Regolamento UE 2016\/679 del Parlamento europeo e del Consiglio, del 27 aprile 2016, relativo alla protezione delle persone fisiche con riguardo al trattamento dei dati personali, nonch\u00e9 alla libera circolazione di tali dati (di seguito \u201cRegolamento\u201d), La informiamo che il Titolare del trattamento dei dati da Lei forniti \u00e8\u00a0<strong>PRAIM srl<\/strong> (di seguito PRAIM) con sede in Zona Produttiva Vurza, 31 \u2013 Laives\/Leifers (BZ) \u2013 T. +39 0461 420517 \u2013 <a href=\"mailto:privacy@praim.com\">privacy@praim.com<\/a>.<\/p>\n<p><span style=\"color: #41a1d0;\"><strong>Dati di navigazione<\/strong><\/span><\/p>\n<p>I sistemi informatici e i programmi informatici utilizzati per il funzionamento del sito raccolgono alcuni dati personali la cui trasmissione \u00e8 implicita nell\u2019uso dei protocolli di comunicazione di Internet (es. indirizzi IP o nomi a dominio dei computer utilizzati dagli utenti che si connettono al sito, gli indirizzi URI -Uniform Resource Identifier- delle risorse richieste, orario della richiesta, metodo utilizzato nel sottoporre la richiesta al server, dimensione del file ottenuto in risposta, codice numerico circa lo stato della risposta resa dal server -buon fine, errore, ecc.- ed altri parametri relativi al sistema operativo e all\u2019ambiente informatico dell\u2019utente). Bench\u00e9 si tratti di informazioni che non sono raccolte per essere associate a interessati identificati, per loro natura potrebbero, attraverso elaborazioni ed associazioni con dati detenuti da terzi, consentire di identificare gli utenti.<br \/>\nTali dati sono utilizzati al solo fine di ricavare informazioni statistiche non associate ad alcun dato identificativo dell\u2019utente sull\u2019uso del sito e per controllarne il corretto funzionamento e vengono cancellati immediatamente dopo l\u2019elaborazione. I dati potrebbero essere utilizzati per l\u2019accertamento di responsabilit\u00e0 in caso di ipotetici reati informatici ai danni del Sito.<\/p>\n<p><span style=\"color: #41a1d0;\"><strong>Dati forniti volontariamente dall\u2019utente<\/strong><\/span><\/p>\n<p>Per la consultazione del sito non \u00e8 richiesto alcun conferimento di dati personali da parte dell\u2019utente.<br \/>\nTuttavia, eventuali contatti con\u00a0<strong>PRAIM<\/strong>, o l\u2019invio facoltativo, esplicito e spontaneo di messaggi, di posta elettronica o tradizionale, ai recapiti indicati sul sito comportano la successiva acquisizione dell\u2019indirizzo, anche e-mail, del mittente o della relativa numerazione telefonica, necessari per rispondere alle richieste, nonch\u00e9 di eventuali altri dati personali inseriti nelle relative comunicazioni.<br \/>\nTali dati saranno utilizzati al solo fine di dar seguito alla richiesta dell\u2019utente e potranno essere comunicati a terzi solo nel caso in cui ci\u00f2 sia necessario a tal fine.<br \/>\nPer il trattamento dei dati per tali finalit\u00e0 non occorre il Suo consenso poich\u00e9 il trattamento \u00e8 necessario all\u2019esecuzione di un contratto di cui Lei \u00e8 parte o all\u2019esecuzione di misure precontrattuali adottate su Sua richiesta (art. 6, comma 1, lett. b) del Regolamento), nonch\u00e9, ove applicabile, per adempiere un obbligo legale (art. 6, comma 1, lett. a) del Regolamento).<br \/>\nIl trattamento dei dati avverr\u00e0, da parte di personale incaricato da\u00a0<strong>PRAIM\u00a0<\/strong>con procedure, strumenti tecnici e informatici idonei a tutelare la riservatezza e la sicurezza dei Suoi dati e consiste nella loro raccolta, registrazione, organizzazione, conservazione, consultazione, elaborazione, modificazione, selezione, estrazione, raffronto, utilizzo, interconnessione, blocco, comunicazione, diffusione, cancellazione, distruzione degli stessi comprese la combinazione di due o pi\u00f9 delle attivit\u00e0 suddette.<br \/>\nTali dati sono conservati per il tempo strettamente necessario a fornire all\u2019utente il servizio richiesto e sono eliminati subito dopo, salvi ulteriori obblighi di conservazione previsti dalla legge. I Suoi dati non saranno diffusi.<br \/>\nNell\u2019ambito della sua attivit\u00e0 e per le finalit\u00e0 sopra indicate\u00a0<strong>PRAIM<\/strong>\u00a0potr\u00e0 avvalersi di servizi resi da soggetti terzi che operano per conto di\u00a0<strong>PRAIM\u00a0<\/strong>e secondo le sue istruzioni, quali responsabili del trattamento. Si tratta di soggetti che forniscono a\u00a0<strong>PRAIM\u00a0<\/strong>servizi elaborativi o strumentali (es. servizi informatici per il funzionamento del sito). Potr\u00e0 richiedere un elenco completo e aggiornato dei soggetti nominati responsabili del trattamento rivolgendosi ad uno dei contatti sotto indicati.<br \/>\nI dati potranno essere trasferiti all\u2019interno della Unione Europea, ove\u00a0<strong>PRAIM<\/strong>\u00a0o i suoi fornitori abbiano sede o abbiano i propri server in tali paesi. I dati non saranno trasferiti fuori dalla Unione Europea.<br \/>\nAvr\u00e0 facolt\u00e0, in qualsiasi momento, di esercitare i diritti previsti dalla normativa vigente, ivi incluso il diritto di:<\/p>\n<ul>\n<li style=\"color: #41a1d0;\"><span style=\"color: #4d4c4c;\">ricevere conferma dell\u2019esistenza dei suoi dati personali e accedere al loro contenuto;<br \/>\n<\/span><\/li>\n<li style=\"color: #41a1d0;\"><span style=\"color: #4d4c4c;\">aggiornare, modificare e\/o correggere i suoi dati personali;<br \/>\n<\/span><\/li>\n<li style=\"color: #41a1d0;\"><span style=\"color: #4d4c4c;\">chiederne la cancellazione (oblio), la trasformazione in forma anonima, il blocco dei dati trattati in violazione di legge o la limitazione del trattamento;<br \/>\n<\/span><\/li>\n<li style=\"color: #41a1d0;\"><span style=\"color: #4d4c4c;\">opporsi per motivi legittimi al trattamento;<br \/>\n<\/span><\/li>\n<li style=\"color: #41a1d0;\"><span style=\"color: #4d4c4c;\">ricevere copia dei dati da lei forniti e chiedere che tali dati siano trasmessi ad un altro titolare del trattamento; inviando specifica richiesta a:\u00a0<strong>PRAIM \u2013\u00a0<\/strong>con sede in Zona Produttiva Vurza, 31 \u2013 Laives\/Leifers (BZ) \u2013 <a href=\"mailto:privacy@praim.com\">privacy@praim.com<\/a>.<br \/>\n<\/span><\/li>\n<\/ul>\n<p><span style=\"color: #41a1d0;\"><strong>Dati forniti dall&#8217;utente per finalit\u00e0 di &#8220;selezione del personale&#8221;<\/strong><\/span><\/p>\n<p><span style=\"color: #4d4c4c;\"><strong>Titolare del trattamento:<\/strong> Il titolare del trattamento \u00e8 <strong>PRAIM<\/strong>, con sede a Laives\/Leifers (BZ), Zona Produttiva Vurza, 31, P.IVA IT00727140212, tel. +39 0461 420517, e-mail <a href=\"mailto:careers@praim.com\">careers@praim.com<\/a>, PEC: <a href=\"mailto:praim@pec.praim.com\">praim@pec.praim.com<\/a>.<br \/>\n<strong>Finalit\u00e0 del trattamento:<\/strong> Il trattamento dei dati personali avviene nell\u2019ambito del processo di selezione finalizzato all\u2019individuazione delle persone da inserire nell\u2019organico del Titolare ed alla valutazione che le stesse siano in linea con le esigenze dello stesso, per procedere poi all\u2019eventuale stipula del contratto di lavoro.<br \/>\n<strong>Tipologia dato trattato: <\/strong><\/span>Per le esigenze di gestione del processo di valutazione e selezione del personale possono essere oggetto di trattamento le seguenti categorie di dati:<\/p>\n<ul>\n<li>dati anagrafici, generalit\u00e0, indirizzo ed altri recapiti, codice fiscale, istruzione, specializzazioni, esperienze di lavoro e quanto altro necessario al processo di valutazione e selezione del personale (curriculum vitae, lettera di presentazione);<\/li>\n<li>(eventuali) dati idonei a rilevare lo stato di salute, raccolti in riferimento all\u2019appartenenza a categorie protette o idoneit\u00e0 allo svolgimento di determinate mansioni. Si raccomanda in proposito di comunicare o inserire nel curriculum vitae esclusivamente le informazioni pertinenti alla finalit\u00e0 di selezione; in particolare, si prega di limitare le informazioni relative alla salute a quanto strettamente necessario a comunicare al potenziale datore di lavoro l\u2019appartenenza a categorie protette<\/li>\n<\/ul>\n<p><strong>Base giuridica del trattamento ed eventuale obbligatoriet\u00e0 del conferimento:<\/strong> Il conferimento dei dati richiesti \u00e8 facoltativo, tuttavia il mancato conferimento dei dati comporter\u00e0 per l\u2019Interessato l\u2019impossibilit\u00e0 di partecipare al processo di selezione del personale posto in essere dal Titolare. Il trattamento dei dati trova la base giuridica nel fatto che esso \u00e8 necessario per dare corso alle misure precontrattuali nell\u2019ambito del procedimento di selezione a cui l\u2019Interessato ha aderito o ha promosso con l\u2019invio spontaneo del curriculum vitae. In caso di dati ricadenti nelle categorie particolari di cui all\u2019art. 9 del Regolamento prima dell\u2019instaurazione del rapporto di lavoro, \u00e8 necessario il consenso esplicito dell\u2019Interessato.<br \/>\n<strong>Modalit\u00e0 di trattamento e durata del trattamento:<\/strong> Il trattamento sar\u00e0 effettuato:<\/p>\n<ul>\n<li>mediante l\u2019utilizzo di sistemi manuali e automatizzati;<\/li>\n<li>da soggetti autorizzati all\u2019assolvimento di tali compiti, ai sensi di legge;<\/li>\n<li>con l\u2019impiego di misure adeguate a garantire la riservatezza dei dati ed evitare l\u2019accesso agli stessi da parte di terzi non autorizzati.<\/li>\n<\/ul>\n<p>Non vi sono processi decisionali automatizzati. La conservazione dei dati a seguito della conclusione del processo di valutazione e selezione del personale avverr\u00e0 per un periodo non superiore a quello necessario per adempiere agli obblighi o i compiti di cui al punto 3 e comunque per perseguire le specifiche finalit\u00e0 ivi indicate, con cancellazione graduale dei dati riconducibili alle specifiche finalit\u00e0 via via non pi\u00f9 perseguite. Ordinariamente, salvo naturalmente che la procedura non si concluda con l\u2019assunzione, i dati vengono cancellati entro 6 mesi.<br \/>\n<strong>Comunicazione dei dati:<\/strong> Ferme restando le comunicazioni eseguite in adempimento di obblighi di legge e contrattuali, tutti i dati raccolti ed elaborati potranno essere comunicati, esclusivamente per le finalit\u00e0 sopra specificate, a consulenti esterni che operano per il Titolare nell\u2019ambito del processo di valutazione e selezione del personale. I dati personali non sono soggetti a diffusione.<br \/>\n<strong>Luogo di trattamento dei dati:<\/strong> Lo svolgimento dell\u2019attivit\u00e0 di trattamento dei dati avviene sul territorio dell\u2019Unione Europea e non vi \u00e8 intenzione di trasferire i dati personali ad un Paese non appartenente all\u2019Unione Europea o ad un\u2019organizzazione internazionale.<br \/>\n<strong>Diritti dell&#8217;Interessato:<\/strong> In relazione a quanto sopra, il GDPR attribuisce all\u2019Interessato l\u2019esercizio dei seguenti diritti con riferimento ai dati personali che lo riguardano (la descrizione sintetica \u00e8 indicativa, per la completa enunciazione dei diritti, si rimanda al Regolamento, ed in particolare agli artt. 15-22):<\/p>\n<ul>\n<li>Diritto di accesso (art. 15): conferma che sia o meno in corso un trattamento di dati personali che lo riguardano e in tal caso, diritto di ottenere, fra l\u2019altro, l&#8217;accesso a tali dati e alle informazioni inerenti le finalit\u00e0 del trattamento, le categorie di dati personali in questione, i destinatari o le categorie di destinatari a cui i dati sono stati o saranno comunicati.<\/li>\n<li>Diritto di rettifica (art. 16) (i): rettifica dei dati personali inesatti che lo riguardano senza ingiustificato ritardo e (ii) integrazione dei dati personali, se incompleti.<\/li>\n<li>Diritto alla cancellazione (\u00abdiritto all&#8217;oblio\u00bb) (art. 17): cancellazione dei dati personali che lo riguardano senza ingiustificato ritardo (il Titolare del trattamento ha l&#8217;obbligo di cancellare senza ingiustificato ritardo i dati personali nei casi previsti dall\u2019articolo 17 del Regolamento).<\/li>\n<li>Diritto di limitazione di trattamento (art. 18): in determinati casi \u2013 contestazione dell\u2019esattezza dei dati, nel tempo necessario alla verifica; contestazione della liceit\u00e0 del trattamento con opposizione alla cancellazione; necessit\u00e0 di utilizzo per i diritti di diritti di difesa dell\u2019Interessato, mentre essi non sono pi\u00f9 utili ai fini del trattamento; se vi \u00e8 opposizione al trattamento, mentre vengono svolte le necessarie verifiche \u2013 i dati verranno conservati con modalit\u00e0 tali da poter essere eventualmente ripristinati, ma, nel mentre, non sono consultabili dal Titolare se non appunto in relazione alla verifica della validit\u00e0 della richiesta di limitazione da parte dell\u2019Interessato, o con il consenso dell\u2019Interessato o per l\u2019accertamento, l\u2019esercizio o la difesa in giudizio di un diritto in sede giudiziaria o per tutelare i diritti di altra persona fisica o giuridica o per motivi di interesse pubblico rilevante dell\u2019Unione o di uno Stato membro.<\/li>\n<li>Diritto alla portabilit\u00e0 dei dati (art. 20): qualora il trattamento si basi sul consenso o su un contratto e sia effettuato con mezzi automatizzati, su sua richiesta, l\u2019Interessato ricever\u00e0 in un formato strutturato, di uso comune e leggibile da dispositivo automatico, i dati personali che lo riguardano e potr\u00e0 trasmetterli ad un altro Titolare del trattamento, senza impedimenti da parte del Titolare del Trattamento cui li ha forniti e, se tecnicamente fattibile, potr\u00e0 ottenere che detta trasmissione venga effettuata direttamente da quest\u2019ultimo<\/li>\n<li>Diritto di opposizione (art. 21): in tutto o in parte, per motivi connessi alla situazione particolare dell\u2019Interessato, al trattamento effettuato sulla base del legittimo interesse.<\/li>\n<\/ul>\n<p>Qualora il trattamento avvenga in forza di consenso manifestato dall\u2019Interessato, quindi per i trattamenti oggetto della presente informativa con riguardo ai dati particolare ed eventualmente al consenso al trattamento per periodi superiori ai sei mesi, questi potr\u00e0 revocare il consenso in qualsiasi momento, senza pregiudicare la liceit\u00e0 del trattamento prestato prima della revoca. L\u2019Interessato ha inoltre diritto di\u00a0proporre reclamo al Garante per la Protezione dei dati personali\u00a0nel caso in cui ritenga che il trattamento che lo riguarda violi quanto prescritto dal Regolamento.<\/p>\n<p><span style=\"color: #41a1d0;\"><strong>Cancellazione Newsletter<\/strong><\/span><\/p>\n<p>In ogni momento l\u2019Utente potr\u00e0 cancellare la propria iscrizione alla Newsletter di\u00a0<strong>PRAIM<\/strong>, seguendo le indicazioni riportate nell\u2019email ricevuta.<\/p>\n<\/div><\/div><\/div><\/div><\/div>\n","protected":false},"excerpt":{"rendered":"","protected":false},"author":14,"featured_media":26703,"parent":0,"menu_order":0,"comment_status":"closed","ping_status":"closed","template":"100-width.php","meta":{"_acf_changed":false,"content-type":"","footnotes":""},"class_list":["post-7548","page","type-page","status-publish","has-post-thumbnail","hentry"],"acf":[],"yoast_head":"<!-- This site is optimized with the Yoast SEO plugin v27.3 - https:\/\/yoast.com\/product\/yoast-seo-wordpress\/ -->\n<title>Privacy e Cookie Policy &#8211; Praim<\/title>\n<meta name=\"robots\" content=\"noindex, nofollow\" \/>\n<meta property=\"og:locale\" content=\"it_IT\" \/>\n<meta property=\"og:type\" content=\"article\" \/>\n<meta property=\"og:title\" content=\"Privacy e Cookie Policy &#8211; Praim\" \/>\n<meta property=\"og:url\" content=\"https:\/\/www.praim.com\/it\/privacy-and-cookie-policy\/\" \/>\n<meta property=\"og:site_name\" content=\"Praim\" \/>\n<meta property=\"article:modified_time\" content=\"2025-12-03T11:50:27+00:00\" \/>\n<meta property=\"og:image\" content=\"https:\/\/www.praim.com\/wp-content\/uploads\/2022\/11\/Banner-Pagina-Privacy-Praim-1920x350-1.jpg\" \/>\n\t<meta property=\"og:image:width\" content=\"1920\" \/>\n\t<meta property=\"og:image:height\" content=\"350\" \/>\n\t<meta property=\"og:image:type\" content=\"image\/jpeg\" \/>\n<meta name=\"twitter:card\" content=\"summary_large_image\" \/>\n<meta name=\"twitter:label1\" content=\"Tempo di lettura stimato\" \/>\n\t<meta name=\"twitter:data1\" content=\"10 minuti\" \/>\n<script type=\"application\/ld+json\" class=\"yoast-schema-graph\">{\"@context\":\"https:\\\/\\\/schema.org\",\"@graph\":[{\"@type\":\"WebPage\",\"@id\":\"https:\\\/\\\/www.praim.com\\\/it\\\/privacy-and-cookie-policy\\\/\",\"url\":\"https:\\\/\\\/www.praim.com\\\/it\\\/privacy-and-cookie-policy\\\/\",\"name\":\"Privacy e Cookie Policy &#8211; Praim\",\"isPartOf\":{\"@id\":\"https:\\\/\\\/www.praim.com\\\/it\\\/#website\"},\"primaryImageOfPage\":{\"@id\":\"https:\\\/\\\/www.praim.com\\\/it\\\/privacy-and-cookie-policy\\\/#primaryimage\"},\"image\":{\"@id\":\"https:\\\/\\\/www.praim.com\\\/it\\\/privacy-and-cookie-policy\\\/#primaryimage\"},\"thumbnailUrl\":\"https:\\\/\\\/www.praim.com\\\/wp-content\\\/uploads\\\/2022\\\/11\\\/Banner-Pagina-Privacy-Praim-1920x350-1.jpg\",\"datePublished\":\"2019-01-08T01:52:46+00:00\",\"dateModified\":\"2025-12-03T11:50:27+00:00\",\"breadcrumb\":{\"@id\":\"https:\\\/\\\/www.praim.com\\\/it\\\/privacy-and-cookie-policy\\\/#breadcrumb\"},\"inLanguage\":\"it-IT\",\"potentialAction\":[{\"@type\":\"ReadAction\",\"target\":[\"https:\\\/\\\/www.praim.com\\\/it\\\/privacy-and-cookie-policy\\\/\"]}]},{\"@type\":\"ImageObject\",\"inLanguage\":\"it-IT\",\"@id\":\"https:\\\/\\\/www.praim.com\\\/it\\\/privacy-and-cookie-policy\\\/#primaryimage\",\"url\":\"https:\\\/\\\/www.praim.com\\\/wp-content\\\/uploads\\\/2022\\\/11\\\/Banner-Pagina-Privacy-Praim-1920x350-1.jpg\",\"contentUrl\":\"https:\\\/\\\/www.praim.com\\\/wp-content\\\/uploads\\\/2022\\\/11\\\/Banner-Pagina-Privacy-Praim-1920x350-1.jpg\",\"width\":1920,\"height\":350},{\"@type\":\"BreadcrumbList\",\"@id\":\"https:\\\/\\\/www.praim.com\\\/it\\\/privacy-and-cookie-policy\\\/#breadcrumb\",\"itemListElement\":[{\"@type\":\"ListItem\",\"position\":1,\"name\":\"Home\",\"item\":\"https:\\\/\\\/www.praim.com\\\/it\\\/\"},{\"@type\":\"ListItem\",\"position\":2,\"name\":\"Privacy e Cookie Policy\"}]},{\"@type\":\"WebSite\",\"@id\":\"https:\\\/\\\/www.praim.com\\\/it\\\/#website\",\"url\":\"https:\\\/\\\/www.praim.com\\\/it\\\/\",\"name\":\"Praim\",\"description\":\"Smart Access to your Cloud\",\"publisher\":{\"@id\":\"https:\\\/\\\/www.praim.com\\\/it\\\/#organization\"},\"potentialAction\":[{\"@type\":\"SearchAction\",\"target\":{\"@type\":\"EntryPoint\",\"urlTemplate\":\"https:\\\/\\\/www.praim.com\\\/it\\\/?s={search_term_string}\"},\"query-input\":{\"@type\":\"PropertyValueSpecification\",\"valueRequired\":true,\"valueName\":\"search_term_string\"}}],\"inLanguage\":\"it-IT\"},{\"@type\":\"Organization\",\"@id\":\"https:\\\/\\\/www.praim.com\\\/it\\\/#organization\",\"name\":\"Praim srl\",\"url\":\"https:\\\/\\\/www.praim.com\\\/it\\\/\",\"logo\":{\"@type\":\"ImageObject\",\"inLanguage\":\"it-IT\",\"@id\":\"https:\\\/\\\/www.praim.com\\\/it\\\/#\\\/schema\\\/logo\\\/image\\\/\",\"url\":\"https:\\\/\\\/www.praim.com\\\/wp-content\\\/uploads\\\/2019\\\/12\\\/praim-logo.png\",\"contentUrl\":\"https:\\\/\\\/www.praim.com\\\/wp-content\\\/uploads\\\/2019\\\/12\\\/praim-logo.png\",\"width\":230,\"height\":230,\"caption\":\"Praim srl\"},\"image\":{\"@id\":\"https:\\\/\\\/www.praim.com\\\/it\\\/#\\\/schema\\\/logo\\\/image\\\/\"}}]}<\/script>\n<!-- \/ Yoast SEO plugin. -->","yoast_head_json":{"title":"Privacy e Cookie Policy &#8211; Praim","robots":{"index":"noindex","follow":"nofollow"},"og_locale":"it_IT","og_type":"article","og_title":"Privacy e Cookie Policy &#8211; Praim","og_url":"https:\/\/www.praim.com\/it\/privacy-and-cookie-policy\/","og_site_name":"Praim","article_modified_time":"2025-12-03T11:50:27+00:00","og_image":[{"width":1920,"height":350,"url":"https:\/\/www.praim.com\/wp-content\/uploads\/2022\/11\/Banner-Pagina-Privacy-Praim-1920x350-1.jpg","type":"image\/jpeg"}],"twitter_card":"summary_large_image","twitter_misc":{"Tempo di lettura stimato":"10 minuti"},"schema":{"@context":"https:\/\/schema.org","@graph":[{"@type":"WebPage","@id":"https:\/\/www.praim.com\/it\/privacy-and-cookie-policy\/","url":"https:\/\/www.praim.com\/it\/privacy-and-cookie-policy\/","name":"Privacy e Cookie Policy &#8211; Praim","isPartOf":{"@id":"https:\/\/www.praim.com\/it\/#website"},"primaryImageOfPage":{"@id":"https:\/\/www.praim.com\/it\/privacy-and-cookie-policy\/#primaryimage"},"image":{"@id":"https:\/\/www.praim.com\/it\/privacy-and-cookie-policy\/#primaryimage"},"thumbnailUrl":"https:\/\/www.praim.com\/wp-content\/uploads\/2022\/11\/Banner-Pagina-Privacy-Praim-1920x350-1.jpg","datePublished":"2019-01-08T01:52:46+00:00","dateModified":"2025-12-03T11:50:27+00:00","breadcrumb":{"@id":"https:\/\/www.praim.com\/it\/privacy-and-cookie-policy\/#breadcrumb"},"inLanguage":"it-IT","potentialAction":[{"@type":"ReadAction","target":["https:\/\/www.praim.com\/it\/privacy-and-cookie-policy\/"]}]},{"@type":"ImageObject","inLanguage":"it-IT","@id":"https:\/\/www.praim.com\/it\/privacy-and-cookie-policy\/#primaryimage","url":"https:\/\/www.praim.com\/wp-content\/uploads\/2022\/11\/Banner-Pagina-Privacy-Praim-1920x350-1.jpg","contentUrl":"https:\/\/www.praim.com\/wp-content\/uploads\/2022\/11\/Banner-Pagina-Privacy-Praim-1920x350-1.jpg","width":1920,"height":350},{"@type":"BreadcrumbList","@id":"https:\/\/www.praim.com\/it\/privacy-and-cookie-policy\/#breadcrumb","itemListElement":[{"@type":"ListItem","position":1,"name":"Home","item":"https:\/\/www.praim.com\/it\/"},{"@type":"ListItem","position":2,"name":"Privacy e Cookie Policy"}]},{"@type":"WebSite","@id":"https:\/\/www.praim.com\/it\/#website","url":"https:\/\/www.praim.com\/it\/","name":"Praim","description":"Smart Access to your Cloud","publisher":{"@id":"https:\/\/www.praim.com\/it\/#organization"},"potentialAction":[{"@type":"SearchAction","target":{"@type":"EntryPoint","urlTemplate":"https:\/\/www.praim.com\/it\/?s={search_term_string}"},"query-input":{"@type":"PropertyValueSpecification","valueRequired":true,"valueName":"search_term_string"}}],"inLanguage":"it-IT"},{"@type":"Organization","@id":"https:\/\/www.praim.com\/it\/#organization","name":"Praim srl","url":"https:\/\/www.praim.com\/it\/","logo":{"@type":"ImageObject","inLanguage":"it-IT","@id":"https:\/\/www.praim.com\/it\/#\/schema\/logo\/image\/","url":"https:\/\/www.praim.com\/wp-content\/uploads\/2019\/12\/praim-logo.png","contentUrl":"https:\/\/www.praim.com\/wp-content\/uploads\/2019\/12\/praim-logo.png","width":230,"height":230,"caption":"Praim srl"},"image":{"@id":"https:\/\/www.praim.com\/it\/#\/schema\/logo\/image\/"}}]}},"_links":{"self":[{"href":"https:\/\/www.praim.com\/it\/wp-json\/wp\/v2\/pages\/7548","targetHints":{"allow":["GET"]}}],"collection":[{"href":"https:\/\/www.praim.com\/it\/wp-json\/wp\/v2\/pages"}],"about":[{"href":"https:\/\/www.praim.com\/it\/wp-json\/wp\/v2\/types\/page"}],"author":[{"embeddable":true,"href":"https:\/\/www.praim.com\/it\/wp-json\/wp\/v2\/users\/14"}],"replies":[{"embeddable":true,"href":"https:\/\/www.praim.com\/it\/wp-json\/wp\/v2\/comments?post=7548"}],"version-history":[{"count":11,"href":"https:\/\/www.praim.com\/it\/wp-json\/wp\/v2\/pages\/7548\/revisions"}],"predecessor-version":[{"id":31469,"href":"https:\/\/www.praim.com\/it\/wp-json\/wp\/v2\/pages\/7548\/revisions\/31469"}],"wp:featuredmedia":[{"embeddable":true,"href":"https:\/\/www.praim.com\/it\/wp-json\/wp\/v2\/media\/26703"}],"wp:attachment":[{"href":"https:\/\/www.praim.com\/it\/wp-json\/wp\/v2\/media?parent=7548"}],"curies":[{"name":"wp","href":"https:\/\/api.w.org\/{rel}","templated":true}]}}